{"id":25,"date":"2024-11-14T14:46:23","date_gmt":"2024-11-14T17:46:23","guid":{"rendered":"http:\/\/localhost\/samba\/?page_id=25"},"modified":"2025-05-23T15:38:26","modified_gmt":"2025-05-23T18:38:26","slug":"podcasts","status":"publish","type":"page","link":"https:\/\/www.ufmg.br\/horizontesdosamba\/podcasts\/","title":{"rendered":"Podcasts"},"content":{"rendered":"\t\t<div data-elementor-type=\"wp-page\" data-elementor-id=\"25\" class=\"elementor elementor-25\" data-elementor-post-type=\"page\">\n\t\t\t\t\t\t<section class=\"elementor-section elementor-top-section elementor-element elementor-element-77d3ce51 elementor-section-full_width elementor-section-stretched elementor-section-height-default elementor-section-height-default\" data-id=\"77d3ce51\" data-element_type=\"section\" data-settings=\"{&quot;background_background&quot;:&quot;classic&quot;,&quot;shape_divider_top&quot;:&quot;curve-asymmetrical&quot;,&quot;shape_divider_bottom&quot;:&quot;pyramids&quot;,&quot;stretch_section&quot;:&quot;section-stretched&quot;}\">\n\t\t\t\t\t\t\t<div class=\"elementor-background-overlay\"><\/div>\n\t\t\t\t\t\t<div class=\"elementor-shape elementor-shape-top\" aria-hidden=\"true\" data-negative=\"false\">\n\t\t\t<svg xmlns=\"http:\/\/www.w3.org\/2000\/svg\" viewBox=\"0 0 1000 100\" preserveAspectRatio=\"none\">\n\t<path class=\"elementor-shape-fill\" d=\"M0,0c0,0,0,6,0,6.7c0,18,240.2,93.6,615.2,92.6C989.8,98.5,1000,25,1000,6.7c0-0.7,0-6.7,0-6.7H0z\"\/>\n<\/svg>\t\t<\/div>\n\t\t\t\t<div class=\"elementor-shape elementor-shape-bottom\" aria-hidden=\"true\" data-negative=\"false\">\n\t\t\t<svg xmlns=\"http:\/\/www.w3.org\/2000\/svg\" viewBox=\"0 0 1000 100\" preserveAspectRatio=\"none\">\n\t<path class=\"elementor-shape-fill\" d=\"M761.9,44.1L643.1,27.2L333.8,98L0,3.8V0l1000,0v3.9\"\/>\n<\/svg>\t\t<\/div>\n\t\t\t\t\t<div class=\"elementor-container elementor-column-gap-no\">\n\t\t\t\t\t<div class=\"elementor-column elementor-col-100 elementor-top-column elementor-element elementor-element-791269d0\" data-id=\"791269d0\" data-element_type=\"column\">\n\t\t\t<div class=\"elementor-widget-wrap elementor-element-populated\">\n\t\t\t\t\t\t<div class=\"elementor-element elementor-element-5a7c67a2 elementor-widget elementor-widget-image\" data-id=\"5a7c67a2\" data-element_type=\"widget\" data-widget_type=\"image.default\">\n\t\t\t\t<div class=\"elementor-widget-container\">\n\t\t\t\t\t\t\t\t\t\t\t\t\t\t\t<img fetchpriority=\"high\" decoding=\"async\" width=\"1920\" height=\"631\" src=\"https:\/\/www.ufmg.br\/horizontesdosamba\/wp-content\/uploads\/2025\/05\/podcastt-1-2.jpg\" class=\"attachment-full size-full wp-image-1248\" alt=\"\" srcset=\"https:\/\/www.ufmg.br\/horizontesdosamba\/wp-content\/uploads\/2025\/05\/podcastt-1-2.jpg 1920w, https:\/\/www.ufmg.br\/horizontesdosamba\/wp-content\/uploads\/2025\/05\/podcastt-1-2-300x99.jpg 300w, https:\/\/www.ufmg.br\/horizontesdosamba\/wp-content\/uploads\/2025\/05\/podcastt-1-2-1024x337.jpg 1024w, https:\/\/www.ufmg.br\/horizontesdosamba\/wp-content\/uploads\/2025\/05\/podcastt-1-2-768x252.jpg 768w, https:\/\/www.ufmg.br\/horizontesdosamba\/wp-content\/uploads\/2025\/05\/podcastt-1-2-1536x505.jpg 1536w\" sizes=\"(max-width: 1920px) 100vw, 1920px\" \/>\t\t\t\t\t\t\t\t\t\t\t\t\t\t\t<\/div>\n\t\t\t\t<\/div>\n\t\t\t\t\t<\/div>\n\t\t<\/div>\n\t\t\t\t\t<\/div>\n\t\t<\/section>\n\t\t<div class=\"elementor-element elementor-element-3ebc295 e-flex e-con-boxed e-con e-parent\" data-id=\"3ebc295\" data-element_type=\"container\" data-settings=\"{&quot;background_background&quot;:&quot;classic&quot;}\">\n\t\t\t\t\t<div class=\"e-con-inner\">\n\t\t<div class=\"elementor-element elementor-element-52c794a e-con-full e-flex e-con e-child\" data-id=\"52c794a\" data-element_type=\"container\">\n\t\t\t\t<div class=\"elementor-element elementor-element-25ac463 elementor-widget elementor-widget-image\" data-id=\"25ac463\" data-element_type=\"widget\" data-widget_type=\"image.default\">\n\t\t\t\t<div class=\"elementor-widget-container\">\n\t\t\t\t\t\t\t\t\t\t\t\t\t\t\t<img decoding=\"async\" src=\"https:\/\/www.ufmg.br\/horizontesdosamba\/wp-content\/uploads\/elementor\/thumbs\/04podcasts-r9thp8oowxwax2rp8hl1dwathauhmq0r4pk7xg0ejk.png\" title=\"04podcasts\" alt=\"04podcasts\" loading=\"lazy\" \/>\t\t\t\t\t\t\t\t\t\t\t\t\t\t\t<\/div>\n\t\t\t\t<\/div>\n\t\t\t\t<div class=\"elementor-element elementor-element-c581b9f elementor-widget elementor-widget-text-editor\" data-id=\"c581b9f\" data-element_type=\"widget\" data-widget_type=\"text-editor.default\">\n\t\t\t\t<div class=\"elementor-widget-container\">\n\t\t\t\t\t\t\t\t\t<p><span style=\"font-weight: 400;\">As s\u00e9ries especiais \u201cCartografias do Samba\u201d e \u201cDecantando o samba de BH\u201d promovem um di\u00e1logo direto entre o samba e a hist\u00f3ria de Belo Horizonte. Elas foram produzidas a partir do conceito de \u201cpaisagens sonoras\u201d nas quais os diversos movimentos do samba reinventam a cidade como lugar de encontros, desencontros e confrontos. Os epis\u00f3dios apresentam uma esp\u00e9cie de entrecruzamento entre tempos e espa\u00e7os que conectam, por exemplo, a ancestralidade africana com o momento presente da capital mineira por meio da reflex\u00e3o sobre can\u00e7\u00f5es e trajet\u00f3rias pessoais. As narrativas sobre o samba belo-horizontino s\u00e3o reconstru\u00eddas entre percursos sonoros criados entre a obra musical, a presen\u00e7a hist\u00f3rica e o olhar lan\u00e7ado por mestras e mestres sambistas sobre a cidade.<\/span><\/p>\t\t\t\t\t\t\t\t<\/div>\n\t\t\t\t<\/div>\n\t\t\t\t<div class=\"elementor-element elementor-element-7dc4995 elementor-widget elementor-widget-spacer\" data-id=\"7dc4995\" data-element_type=\"widget\" data-widget_type=\"spacer.default\">\n\t\t\t\t<div class=\"elementor-widget-container\">\n\t\t\t\t\t\t\t<div class=\"elementor-spacer\">\n\t\t\t<div class=\"elementor-spacer-inner\"><\/div>\n\t\t<\/div>\n\t\t\t\t\t\t<\/div>\n\t\t\t\t<\/div>\n\t\t\t\t<\/div>\n\t\t<div class=\"elementor-element elementor-element-3eac3ea e-con-full e-flex e-con e-child\" data-id=\"3eac3ea\" data-element_type=\"container\">\n\t\t\t\t<div class=\"elementor-element elementor-element-94ee5c4 elementor-widget elementor-widget-html\" data-id=\"94ee5c4\" data-element_type=\"widget\" data-widget_type=\"html.default\">\n\t\t\t\t<div class=\"elementor-widget-container\">\n\t\t\t\t\t<iframe width=\"100%\" height=\"450\" scrolling=\"no\" frameborder=\"no\" allow=\"autoplay\" src=\"https:\/\/w.soundcloud.com\/player\/?url=https%3A\/\/api.soundcloud.com\/playlists\/1929838699&color=%23ff5500&auto_play=false&hide_related=false&show_comments=true&show_user=true&show_reposts=false&show_teaser=true\"><\/iframe><div style=\"font-size: 10px; color: #cccccc;line-break: anywhere;word-break: normal;overflow: hidden;white-space: nowrap;text-overflow: ellipsis; font-family: Interstate,Lucida Grande,Lucida Sans Unicode,Lucida Sans,Garuda,Verdana,Tahoma,sans-serif;font-weight: 100;\"><a href=\"https:\/\/soundcloud.com\/decantandoarepublica\" title=\"Decantando a Rep\u00fablica\" target=\"_blank\" style=\"color: #cccccc; text-decoration: none;\">Decantando a Rep\u00fablica<\/a> \u00b7 <a href=\"https:\/\/soundcloud.com\/decantandoarepublica\/sets\/serie-decantando-o-samba-de-1\" title=\"S\u00e9rie Decantando o samba de BH - Temporada 01\" target=\"_blank\" style=\"color: #cccccc; text-decoration: none;\">S\u00e9rie Decantando o samba de BH - Temporada 01<\/a><\/div>\t\t\t\t<\/div>\n\t\t\t\t<\/div>\n\t\t\t\t<div class=\"elementor-element elementor-element-d4f9a57 elementor-widget elementor-widget-html\" data-id=\"d4f9a57\" data-element_type=\"widget\" data-widget_type=\"html.default\">\n\t\t\t\t<div class=\"elementor-widget-container\">\n\t\t\t\t\t<iframe width=\"100%\" height=\"450\" scrolling=\"no\" frameborder=\"no\" allow=\"autoplay\" src=\"https:\/\/w.soundcloud.com\/player\/?url=https%3A\/\/api.soundcloud.com\/playlists\/1929837459&color=%23ff5500&auto_play=false&hide_related=false&show_comments=true&show_user=true&show_reposts=false&show_teaser=true\"><\/iframe><div style=\"font-size: 10px; color: #cccccc;line-break: anywhere;word-break: normal;overflow: hidden;white-space: nowrap;text-overflow: ellipsis; font-family: Interstate,Lucida Grande,Lucida Sans Unicode,Lucida Sans,Garuda,Verdana,Tahoma,sans-serif;font-weight: 100;\"><a href=\"https:\/\/soundcloud.com\/decantandoarepublica\" title=\"Decantando a Rep\u00fablica\" target=\"_blank\" style=\"color: #cccccc; text-decoration: none;\">Decantando a Rep\u00fablica<\/a> \u00b7 <a href=\"https:\/\/soundcloud.com\/decantandoarepublica\/sets\/serie-cartografias-do-samba\" title=\"S\u00e9r\u00ede Cartografias do Samba - Temporada 01\" target=\"_blank\" style=\"color: #cccccc; text-decoration: none;\">S\u00e9r\u00ede Cartografias do Samba - Temporada 01<\/a><\/div>\t\t\t\t<\/div>\n\t\t\t\t<\/div>\n\t\t\t\t<\/div>\n\t\t\t\t\t<\/div>\n\t\t\t\t<\/div>\n\t\t\t\t<\/div>\n\t\t","protected":false},"excerpt":{"rendered":"<p>As s\u00e9ries especiais \u201cCartografias do Samba\u201d e \u201cDecantando o samba de BH\u201d promovem um di\u00e1logo direto entre o samba e a hist\u00f3ria de Belo Horizonte. Elas foram produzidas a partir do conceito de \u201cpaisagens sonoras\u201d nas quais os diversos movimentos do samba reinventam a cidade como lugar de encontros, desencontros e confrontos. Os epis\u00f3dios apresentam [&hellip;]<\/p>\n","protected":false},"author":1,"featured_media":0,"parent":0,"menu_order":0,"comment_status":"closed","ping_status":"closed","template":"","meta":{"footnotes":""},"class_list":["post-25","page","type-page","status-publish","hentry"],"_links":{"self":[{"href":"https:\/\/www.ufmg.br\/horizontesdosamba\/wp-json\/wp\/v2\/pages\/25","targetHints":{"allow":["GET"]}}],"collection":[{"href":"https:\/\/www.ufmg.br\/horizontesdosamba\/wp-json\/wp\/v2\/pages"}],"about":[{"href":"https:\/\/www.ufmg.br\/horizontesdosamba\/wp-json\/wp\/v2\/types\/page"}],"author":[{"embeddable":true,"href":"https:\/\/www.ufmg.br\/horizontesdosamba\/wp-json\/wp\/v2\/users\/1"}],"replies":[{"embeddable":true,"href":"https:\/\/www.ufmg.br\/horizontesdosamba\/wp-json\/wp\/v2\/comments?post=25"}],"version-history":[{"count":19,"href":"https:\/\/www.ufmg.br\/horizontesdosamba\/wp-json\/wp\/v2\/pages\/25\/revisions"}],"predecessor-version":[{"id":1251,"href":"https:\/\/www.ufmg.br\/horizontesdosamba\/wp-json\/wp\/v2\/pages\/25\/revisions\/1251"}],"wp:attachment":[{"href":"https:\/\/www.ufmg.br\/horizontesdosamba\/wp-json\/wp\/v2\/media?parent=25"}],"curies":[{"name":"wp","href":"https:\/\/api.w.org\/{rel}","templated":true}]}}