{"id":27,"date":"2024-11-14T14:46:34","date_gmt":"2024-11-14T17:46:34","guid":{"rendered":"http:\/\/localhost\/samba\/?page_id=27"},"modified":"2025-04-07T16:20:11","modified_gmt":"2025-04-07T19:20:11","slug":"videoaulas","status":"publish","type":"page","link":"https:\/\/www.ufmg.br\/horizontesdosamba\/videoaulas\/","title":{"rendered":"Videoaulas"},"content":{"rendered":"\t\t<div data-elementor-type=\"wp-page\" data-elementor-id=\"27\" class=\"elementor elementor-27\" data-elementor-post-type=\"page\">\n\t\t\t\t\t\t<section class=\"elementor-section elementor-top-section elementor-element elementor-element-5123daf3 elementor-section-full_width elementor-section-stretched elementor-section-height-default elementor-section-height-default\" data-id=\"5123daf3\" data-element_type=\"section\" data-settings=\"{&quot;background_background&quot;:&quot;classic&quot;,&quot;shape_divider_top&quot;:&quot;curve-asymmetrical&quot;,&quot;shape_divider_bottom&quot;:&quot;pyramids&quot;,&quot;stretch_section&quot;:&quot;section-stretched&quot;}\">\n\t\t\t\t\t\t\t<div class=\"elementor-background-overlay\"><\/div>\n\t\t\t\t\t\t<div class=\"elementor-shape elementor-shape-top\" aria-hidden=\"true\" data-negative=\"false\">\n\t\t\t<svg xmlns=\"http:\/\/www.w3.org\/2000\/svg\" viewBox=\"0 0 1000 100\" preserveAspectRatio=\"none\">\n\t<path class=\"elementor-shape-fill\" d=\"M0,0c0,0,0,6,0,6.7c0,18,240.2,93.6,615.2,92.6C989.8,98.5,1000,25,1000,6.7c0-0.7,0-6.7,0-6.7H0z\"\/>\n<\/svg>\t\t<\/div>\n\t\t\t\t<div class=\"elementor-shape elementor-shape-bottom\" aria-hidden=\"true\" data-negative=\"false\">\n\t\t\t<svg xmlns=\"http:\/\/www.w3.org\/2000\/svg\" viewBox=\"0 0 1000 100\" preserveAspectRatio=\"none\">\n\t<path class=\"elementor-shape-fill\" d=\"M761.9,44.1L643.1,27.2L333.8,98L0,3.8V0l1000,0v3.9\"\/>\n<\/svg>\t\t<\/div>\n\t\t\t\t\t<div class=\"elementor-container elementor-column-gap-no\">\n\t\t\t\t\t<div class=\"elementor-column elementor-col-100 elementor-top-column elementor-element elementor-element-7237df0c\" data-id=\"7237df0c\" data-element_type=\"column\">\n\t\t\t<div class=\"elementor-widget-wrap elementor-element-populated\">\n\t\t\t\t\t\t<div class=\"elementor-element elementor-element-4d99e1ed elementor-widget elementor-widget-image\" data-id=\"4d99e1ed\" data-element_type=\"widget\" data-widget_type=\"image.default\">\n\t\t\t\t<div class=\"elementor-widget-container\">\n\t\t\t\t\t\t\t\t\t\t\t\t\t\t\t<img fetchpriority=\"high\" decoding=\"async\" width=\"1920\" height=\"631\" src=\"https:\/\/www.ufmg.br\/horizontesdosamba\/wp-content\/uploads\/2024\/12\/video-aula.png\" class=\"attachment-full size-full wp-image-461\" alt=\"\" srcset=\"https:\/\/www.ufmg.br\/horizontesdosamba\/wp-content\/uploads\/2024\/12\/video-aula.png 1920w, https:\/\/www.ufmg.br\/horizontesdosamba\/wp-content\/uploads\/2024\/12\/video-aula-300x99.png 300w, https:\/\/www.ufmg.br\/horizontesdosamba\/wp-content\/uploads\/2024\/12\/video-aula-1024x337.png 1024w, https:\/\/www.ufmg.br\/horizontesdosamba\/wp-content\/uploads\/2024\/12\/video-aula-768x252.png 768w, https:\/\/www.ufmg.br\/horizontesdosamba\/wp-content\/uploads\/2024\/12\/video-aula-1536x505.png 1536w\" sizes=\"(max-width: 1920px) 100vw, 1920px\" \/>\t\t\t\t\t\t\t\t\t\t\t\t\t\t\t<\/div>\n\t\t\t\t<\/div>\n\t\t\t\t\t<\/div>\n\t\t<\/div>\n\t\t\t\t\t<\/div>\n\t\t<\/section>\n\t\t<div class=\"elementor-element elementor-element-91cd5ed e-flex e-con-boxed e-con e-parent\" data-id=\"91cd5ed\" data-element_type=\"container\" data-settings=\"{&quot;background_background&quot;:&quot;classic&quot;}\">\n\t\t\t\t\t<div class=\"e-con-inner\">\n\t\t<div class=\"elementor-element elementor-element-5dce667 e-con-full e-flex e-con e-child\" data-id=\"5dce667\" data-element_type=\"container\">\n\t\t\t\t<div class=\"elementor-element elementor-element-2798bf4 elementor-widget elementor-widget-image\" data-id=\"2798bf4\" data-element_type=\"widget\" data-widget_type=\"image.default\">\n\t\t\t\t<div class=\"elementor-widget-container\">\n\t\t\t\t\t\t\t\t\t\t\t\t\t\t\t<img decoding=\"async\" src=\"https:\/\/www.ufmg.br\/horizontesdosamba\/wp-content\/uploads\/elementor\/thumbs\/05videoaulas-r9thp8opmtdgp3y9vrh2ssh59k8vdzg89pmjrfcbxc.png\" title=\"05videoaulas\" alt=\"05videoaulas\" loading=\"lazy\" \/>\t\t\t\t\t\t\t\t\t\t\t\t\t\t\t<\/div>\n\t\t\t\t<\/div>\n\t\t\t\t<div class=\"elementor-element elementor-element-79542c1 elementor-widget__width-initial elementor-widget elementor-widget-text-editor\" data-id=\"79542c1\" data-element_type=\"widget\" data-widget_type=\"text-editor.default\">\n\t\t\t\t<div class=\"elementor-widget-container\">\n\t\t\t\t\t\t\t\t\t<p>As videoaulas \u201cSamba, mulher preta\u201d e \u201cMestres do samba de BH\u201d constroem e veiculam reflex\u00f5es cr\u00edticas sobre os saberes e pr\u00e1ticas culturais de matriz africana, al\u00e9m das viv\u00eancias e experi\u00eancias da popula\u00e7\u00e3o negra e sua contribui\u00e7\u00e3o para a hist\u00f3ria de Belo Horizonte tendo como narrativa a hist\u00f3ria do Samba. Em sua visada, compositoras e compositores s\u00e3o entendidos como cidad\u00e3os cr\u00edticos e participativos que pensam a realidade \u00e0 sua volta. Elas visam estabelecer as condi\u00e7\u00f5es necess\u00e1rias para ampla dissemina\u00e7\u00e3o dos temas pesquisados no \u00e2mbito da educa\u00e7\u00e3o para a cidadania e para a defesa dos direitos humanos; oferecendo procedimentos de apropria\u00e7\u00e3o, interpreta\u00e7\u00e3o e reelabora\u00e7\u00e3o desses conte\u00fados por estudantes, professores e a sociedade em geral.<\/p><p>\u00a0<\/p>\t\t\t\t\t\t\t\t<\/div>\n\t\t\t\t<\/div>\n\t\t\t\t<\/div>\n\t\t<div class=\"elementor-element elementor-element-206d3ad e-con-full e-flex e-con e-child\" data-id=\"206d3ad\" data-element_type=\"container\">\n\t\t\t\t<\/div>\n\t\t<div class=\"elementor-element elementor-element-813fea9 e-con-full e-flex e-con e-child\" data-id=\"813fea9\" data-element_type=\"container\">\n\t\t\t\t<\/div>\n\t\t\t\t\t<\/div>\n\t\t\t\t<\/div>\n\t\t<div class=\"elementor-element elementor-element-7eeaa43 e-flex e-con-boxed e-con e-parent\" data-id=\"7eeaa43\" data-element_type=\"container\" data-settings=\"{&quot;background_background&quot;:&quot;classic&quot;}\">\n\t\t\t\t\t<div class=\"e-con-inner\">\n\t\t<div class=\"elementor-element elementor-element-4d38517 e-con-full e-flex e-con e-child\" data-id=\"4d38517\" data-element_type=\"container\">\n\t\t\t\t<div class=\"elementor-element elementor-element-936db9b elementor-widget elementor-widget-heading\" data-id=\"936db9b\" data-element_type=\"widget\" data-widget_type=\"heading.default\">\n\t\t\t\t<div class=\"elementor-widget-container\">\n\t\t\t\t\t<h2 class=\"elementor-heading-title elementor-size-default\">Mestres do samba de BH<\/h2>\t\t\t\t<\/div>\n\t\t\t\t<\/div>\n\t\t\t\t<div class=\"elementor-element elementor-element-ab07df5 elementor-widget elementor-widget-video\" data-id=\"ab07df5\" data-element_type=\"widget\" data-settings=\"{&quot;youtube_url&quot;:&quot;https:\\\/\\\/youtu.be\\\/P3dQ4GeRBuE?si=OZp5OE4aoJNYncaK&quot;,&quot;video_type&quot;:&quot;youtube&quot;,&quot;controls&quot;:&quot;yes&quot;}\" data-widget_type=\"video.default\">\n\t\t\t\t<div class=\"elementor-widget-container\">\n\t\t\t\t\t\t\t<div class=\"elementor-wrapper elementor-open-inline\">\n\t\t\t<div class=\"elementor-video\"><\/div>\t\t<\/div>\n\t\t\t\t\t\t<\/div>\n\t\t\t\t<\/div>\n\t\t\t\t<div class=\"elementor-element elementor-element-d5aba0b elementor-widget elementor-widget-heading\" data-id=\"d5aba0b\" data-element_type=\"widget\" data-widget_type=\"heading.default\">\n\t\t\t\t<div class=\"elementor-widget-container\">\n\t\t\t\t\t<h2 class=\"elementor-heading-title elementor-size-default\">Samba, mulher preta<\/h2>\t\t\t\t<\/div>\n\t\t\t\t<\/div>\n\t\t\t\t<div class=\"elementor-element elementor-element-d8924b7 elementor-widget elementor-widget-video\" data-id=\"d8924b7\" data-element_type=\"widget\" data-settings=\"{&quot;youtube_url&quot;:&quot;https:\\\/\\\/youtu.be\\\/p-l2C2yZOPg?si=lxmIpWuxXSEHNXUK&quot;,&quot;video_type&quot;:&quot;youtube&quot;,&quot;controls&quot;:&quot;yes&quot;}\" data-widget_type=\"video.default\">\n\t\t\t\t<div class=\"elementor-widget-container\">\n\t\t\t\t\t\t\t<div class=\"elementor-wrapper elementor-open-inline\">\n\t\t\t<div class=\"elementor-video\"><\/div>\t\t<\/div>\n\t\t\t\t\t\t<\/div>\n\t\t\t\t<\/div>\n\t\t\t\t<\/div>\n\t\t<div class=\"elementor-element elementor-element-ab29333 e-con-full e-flex e-con e-child\" data-id=\"ab29333\" data-element_type=\"container\">\n\t\t\t\t<\/div>\n\t\t<div class=\"elementor-element elementor-element-89eb38d e-con-full e-flex e-con e-child\" data-id=\"89eb38d\" data-element_type=\"container\">\n\t\t\t\t<\/div>\n\t\t\t\t\t<\/div>\n\t\t\t\t<\/div>\n\t\t\t\t<\/div>\n\t\t","protected":false},"excerpt":{"rendered":"<p>As videoaulas \u201cSamba, mulher preta\u201d e \u201cMestres do samba de BH\u201d constroem e veiculam reflex\u00f5es cr\u00edticas sobre os saberes e pr\u00e1ticas culturais de matriz africana, al\u00e9m das viv\u00eancias e experi\u00eancias da popula\u00e7\u00e3o negra e sua contribui\u00e7\u00e3o para a hist\u00f3ria de Belo Horizonte tendo como narrativa a hist\u00f3ria do Samba. Em sua visada, compositoras e compositores [&hellip;]<\/p>\n","protected":false},"author":1,"featured_media":0,"parent":0,"menu_order":0,"comment_status":"closed","ping_status":"closed","template":"","meta":{"footnotes":""},"class_list":["post-27","page","type-page","status-publish","hentry"],"_links":{"self":[{"href":"https:\/\/www.ufmg.br\/horizontesdosamba\/wp-json\/wp\/v2\/pages\/27","targetHints":{"allow":["GET"]}}],"collection":[{"href":"https:\/\/www.ufmg.br\/horizontesdosamba\/wp-json\/wp\/v2\/pages"}],"about":[{"href":"https:\/\/www.ufmg.br\/horizontesdosamba\/wp-json\/wp\/v2\/types\/page"}],"author":[{"embeddable":true,"href":"https:\/\/www.ufmg.br\/horizontesdosamba\/wp-json\/wp\/v2\/users\/1"}],"replies":[{"embeddable":true,"href":"https:\/\/www.ufmg.br\/horizontesdosamba\/wp-json\/wp\/v2\/comments?post=27"}],"version-history":[{"count":43,"href":"https:\/\/www.ufmg.br\/horizontesdosamba\/wp-json\/wp\/v2\/pages\/27\/revisions"}],"predecessor-version":[{"id":1069,"href":"https:\/\/www.ufmg.br\/horizontesdosamba\/wp-json\/wp\/v2\/pages\/27\/revisions\/1069"}],"wp:attachment":[{"href":"https:\/\/www.ufmg.br\/horizontesdosamba\/wp-json\/wp\/v2\/media?parent=27"}],"curies":[{"name":"wp","href":"https:\/\/api.w.org\/{rel}","templated":true}]}}