{"id":153,"date":"2024-08-02T15:16:52","date_gmt":"2024-08-02T18:16:52","guid":{"rendered":"https:\/\/wwwufmg-hml.dti.ufmg.br\/ia\/?page_id=153"},"modified":"2025-04-08T10:05:40","modified_gmt":"2025-04-08T13:05:40","slug":"apresentacao","status":"publish","type":"page","link":"https:\/\/www.ufmg.br\/ia\/apresentacao\/","title":{"rendered":"Sobre a Comiss\u00e3o"},"content":{"rendered":"\n<div class=\"wp-block-group\"><div class=\"wp-block-group__inner-container is-layout-constrained wp-block-group-is-layout-constrained\">\n<p>A Comiss\u00e3o Permanente de IA da UFMG foi criada com o objetivo de fomentar um debate profundo e estrat\u00e9gico sobre o impacto das tecnologias de intelig\u00eancia artificial na educa\u00e7\u00e3o superior. Em um contexto onde essas tecnologias atravessam todos os aspectos das atividades universit\u00e1rias \u2014 ensino, pesquisa, extens\u00e3o e administra\u00e7\u00e3o \u2014, a comiss\u00e3o busca refletir institucionalmente sobre o uso respons\u00e1vel de suas ferramentas. Entre suas prioridades est\u00e3o a transpar\u00eancia, a privacidade e a justi\u00e7a, pilares fundamentais para nortear a\u00e7\u00f5es e pol\u00edticas institucionais.<\/p>\n\n\n\n<p>Comprometida em enfrentar os desafios e explorar as oportunidades trazidas pela IA, a comiss\u00e3o atua para garantir que a comunidade universit\u00e1ria esteja preparada para lidar com as transforma\u00e7\u00f5es tecnol\u00f3gicas que impactam tanto o cotidiano acad\u00eamico quanto o futuro do trabalho.&nbsp;<\/p>\n\n\n\n<p>Al\u00e9m disso, busca estabelecer di\u00e1logos interinstitucionais, nacionais e internacionais, contribuindo para um debate mais amplo sobre a governan\u00e7a da IA e sua aplica\u00e7\u00e3o \u00e9tica.&nbsp;<\/p>\n\n\n\n<p>A Comiss\u00e3o Permanente de IA tamb\u00e9m se dedica a iniciativas de capacita\u00e7\u00e3o e letramento digital, fomentando pesquisas, eventos e atividades de extens\u00e3o que fortale\u00e7am a compreens\u00e3o e o uso cr\u00edtico dessas tecnologias.<\/p>\n<\/div><\/div>\n\n\n\n<p><\/p>\n","protected":false},"excerpt":{"rendered":"<p>A Comiss\u00e3o Permanente de IA da UFMG foi criada com o objetivo de fomentar um debate profundo e estrat\u00e9gico sobre o impacto das tecnologias de intelig\u00eancia artificial na educa\u00e7\u00e3o superior. Em um contexto onde essas tecnologias atravessam todos os aspectos das atividades universit\u00e1rias \u2014 ensino, pesquisa, extens\u00e3o e administra\u00e7\u00e3o \u2014, a comiss\u00e3o busca refletir institucionalmente [&hellip;]<\/p>\n","protected":false},"author":1,"featured_media":0,"parent":0,"menu_order":0,"comment_status":"closed","ping_status":"closed","template":"","meta":{"_acf_changed":false,"footnotes":""},"class_list":["post-153","page","type-page","status-publish","hentry"],"acf":[],"_links":{"self":[{"href":"https:\/\/www.ufmg.br\/ia\/wp-json\/wp\/v2\/pages\/153","targetHints":{"allow":["GET"]}}],"collection":[{"href":"https:\/\/www.ufmg.br\/ia\/wp-json\/wp\/v2\/pages"}],"about":[{"href":"https:\/\/www.ufmg.br\/ia\/wp-json\/wp\/v2\/types\/page"}],"author":[{"embeddable":true,"href":"https:\/\/www.ufmg.br\/ia\/wp-json\/wp\/v2\/users\/1"}],"replies":[{"embeddable":true,"href":"https:\/\/www.ufmg.br\/ia\/wp-json\/wp\/v2\/comments?post=153"}],"version-history":[{"count":5,"href":"https:\/\/www.ufmg.br\/ia\/wp-json\/wp\/v2\/pages\/153\/revisions"}],"predecessor-version":[{"id":272,"href":"https:\/\/www.ufmg.br\/ia\/wp-json\/wp\/v2\/pages\/153\/revisions\/272"}],"wp:attachment":[{"href":"https:\/\/www.ufmg.br\/ia\/wp-json\/wp\/v2\/media?parent=153"}],"curies":[{"name":"wp","href":"https:\/\/api.w.org\/{rel}","templated":true}]}}