{"id":218,"date":"2025-02-25T09:39:57","date_gmt":"2025-02-25T12:39:57","guid":{"rendered":"https:\/\/www.ufmg.br\/ia\/?page_id=218"},"modified":"2025-02-25T09:39:57","modified_gmt":"2025-02-25T12:39:57","slug":"historico","status":"publish","type":"page","link":"https:\/\/www.ufmg.br\/ia\/historico\/","title":{"rendered":"Hist\u00f3rico"},"content":{"rendered":"\n<p>A discuss\u00e3o institucional sobre Intelig\u00eancia Artificial na UFMG teve in\u00edcio em novembro de 2023, com a cria\u00e7\u00e3o de uma comiss\u00e3o tempor\u00e1ria. Liderado pelo Professor Virg\u00edlio Augusto Fernandes Almeida, o grupo contou com outros seis professores da universidade, que realizaram um amplo levantamento de documentos e tend\u00eancias globais sobre IA em institui\u00e7\u00f5es de ensino e pesquisa. Em maio de 2024, as recomenda\u00e7\u00f5es dessa comiss\u00e3o foram apresentadas \u00e0 Reitoria e, posteriormente, aprovadas pelo Conselho de Ensino, Pesquisa e Extens\u00e3o (CEPE) em junho do mesmo ano.<\/p>\n\n\n\n<p>A partir dessas discuss\u00f5es, foi sugerida a cria\u00e7\u00e3o de uma Comiss\u00e3o Permanente de IA, que foi oficialmente institu\u00edda em agosto de 2024. Inicialmente presidida pelo Professor Ricardo Fabrino Mendon\u00e7a, a comiss\u00e3o passou a incluir novos membros, refletindo a diversidade de \u00e1reas da UFMG e ampliando sua capacidade de an\u00e1lise e a\u00e7\u00e3o. Al\u00e9m de debater a governan\u00e7a e o uso \u00e9tico da IA na universidade, a comiss\u00e3o projetou um conjunto de a\u00e7\u00f5es estrat\u00e9gicas para o longo prazo, incluindo a elabora\u00e7\u00e3o de uma pol\u00edtica institucional de IA.<\/p>\n\n\n\n<p>Ao longo de 2024, a comiss\u00e3o consolidou sua atua\u00e7\u00e3o em torno de objetivos claros: compreender como as ferramentas de IA impactam a comunidade universit\u00e1ria, promover capacita\u00e7\u00f5es, articular colabora\u00e7\u00f5es nacionais e internacionais e fomentar pesquisas sobre o tema.&nbsp;<\/p>\n","protected":false},"excerpt":{"rendered":"<p>A discuss\u00e3o institucional sobre Intelig\u00eancia Artificial na UFMG teve in\u00edcio em novembro de 2023, com a cria\u00e7\u00e3o de uma comiss\u00e3o tempor\u00e1ria. Liderado pelo Professor Virg\u00edlio Augusto Fernandes Almeida, o grupo contou com outros seis professores da universidade, que realizaram um amplo levantamento de documentos e tend\u00eancias globais sobre IA em institui\u00e7\u00f5es de ensino e pesquisa. [&hellip;]<\/p>\n","protected":false},"author":4,"featured_media":0,"parent":0,"menu_order":0,"comment_status":"closed","ping_status":"closed","template":"","meta":{"_acf_changed":false,"footnotes":""},"class_list":["post-218","page","type-page","status-publish","hentry"],"acf":[],"_links":{"self":[{"href":"https:\/\/www.ufmg.br\/ia\/wp-json\/wp\/v2\/pages\/218","targetHints":{"allow":["GET"]}}],"collection":[{"href":"https:\/\/www.ufmg.br\/ia\/wp-json\/wp\/v2\/pages"}],"about":[{"href":"https:\/\/www.ufmg.br\/ia\/wp-json\/wp\/v2\/types\/page"}],"author":[{"embeddable":true,"href":"https:\/\/www.ufmg.br\/ia\/wp-json\/wp\/v2\/users\/4"}],"replies":[{"embeddable":true,"href":"https:\/\/www.ufmg.br\/ia\/wp-json\/wp\/v2\/comments?post=218"}],"version-history":[{"count":1,"href":"https:\/\/www.ufmg.br\/ia\/wp-json\/wp\/v2\/pages\/218\/revisions"}],"predecessor-version":[{"id":219,"href":"https:\/\/www.ufmg.br\/ia\/wp-json\/wp\/v2\/pages\/218\/revisions\/219"}],"wp:attachment":[{"href":"https:\/\/www.ufmg.br\/ia\/wp-json\/wp\/v2\/media?parent=218"}],"curies":[{"name":"wp","href":"https:\/\/api.w.org\/{rel}","templated":true}]}}