{"id":220,"date":"2025-02-25T09:41:36","date_gmt":"2025-02-25T12:41:36","guid":{"rendered":"https:\/\/www.ufmg.br\/ia\/?page_id=220"},"modified":"2025-07-04T11:32:25","modified_gmt":"2025-07-04T14:32:25","slug":"comissao","status":"publish","type":"page","link":"https:\/\/www.ufmg.br\/ia\/comissao\/","title":{"rendered":"Comiss\u00e3o"},"content":{"rendered":"\n<p>A Comiss\u00e3o Permanente de IA da UFMG foi criada com o objetivo de fomentar um debate profundo e estrat\u00e9gico sobre o impacto das tecnologias de intelig\u00eancia artificial na educa\u00e7\u00e3o superior para garantir que a comunidade universit\u00e1ria esteja preparada para lidar com as transforma\u00e7\u00f5es tecnol\u00f3gicas que impactam tanto o cotidiano acad\u00eamico quanto o futuro do trabalho.&nbsp;<\/p>\n\n\n\n<p>Conhe\u00e7a seus membros: <\/p>\n\n\n\n<ul class=\"wp-block-list\">\n<li><strong>Adriana Silvina Pagano<\/strong> &#8211; Professora de Lingu\u00edstica Aplicada da Faculdade de Letras da UFMG<\/li>\n\n\n\n<li><strong>Andr\u00e9 Goes Mintz<\/strong> &#8211; Professor do Departamento de Comunica\u00e7\u00e3o da Faculdade de Filosofia e Ci\u00eancias Humanas<\/li>\n\n\n\n<li><strong>Ant\u00f4nio de P\u00e1dua Braga<\/strong> &#8211; Professor do Departamento de Engenharia Eletr\u00f4nica da Escola de Engenharia da UFMG<\/li>\n\n\n\n<li><strong>Dorgival Olavo Guedes Neto<\/strong> &#8211; Professor do Departamento de Ci\u00eancia da Computa\u00e7\u00e3o do Instituto de Ci\u00eancias Exatas da UFMG<\/li>\n\n\n\n<li><strong>F\u00e1bia Pereira Lima<\/strong> &#8211; Professora do Departamento de Comunica\u00e7\u00e3o Social da Faculdade de Filosofia e Ci\u00eancias Humanas da UFMG<\/li>\n\n\n\n<li><strong>Geane Carvalho Alzamora<\/strong> &#8211; Professora do Departamento de Comunica\u00e7\u00e3o Social da Faculdade de Filosofia e Ci\u00eancias Humanas da UFMG<\/li>\n\n\n\n<li><strong>Marco Ant\u00f4nio Sousa Alves <\/strong>&#8211; Professor de Teoria e Filosofia do Direito da Faculdade de Direito da UFMG<\/li>\n\n\n\n<li><strong>Patr\u00edcia Nascimento Silva<\/strong> &#8211; Professora do Departamento de Organiza\u00e7\u00e3o e Tratamento da Informa\u00e7\u00e3o na Escola de Ci\u00eancia da Informa\u00e7\u00e3o da UFMG<\/li>\n\n\n\n<li><strong>Ricardo Fabrino Mendon\u00e7a<\/strong> &#8211; Professor do Departamento de Ci\u00eancia Pol\u00edtica da UFMG<\/li>\n\n\n\n<li><strong>Virg\u00edlio Augusto Fernandes<\/strong> Almeida &#8211; Professor do Instituto de Ci\u00eancias Exatas da UFMG<\/li>\n\n\n\n<li><strong>Vilma L\u00facia Macagnan Carvalho<\/strong> &#8211; Professora do Departamento de Geografia do Instituto de Geoci\u00eancias da UFMG<\/li>\n\n\n\n<li><strong>Zilma Silveira Nogueira Reis<\/strong> &#8211; Professora do Departamento de Ginecologia e Obstetr\u00edcia da Faculdade de Medicina da UFMG<\/li>\n<\/ul>\n\n\n\n<p><\/p>\n\n\n\n<p><\/p>\n","protected":false},"excerpt":{"rendered":"<p>A Comiss\u00e3o Permanente de IA da UFMG foi criada com o objetivo de fomentar um debate profundo e estrat\u00e9gico sobre o impacto das tecnologias de intelig\u00eancia artificial na educa\u00e7\u00e3o superior para garantir que a comunidade universit\u00e1ria esteja preparada para lidar com as transforma\u00e7\u00f5es tecnol\u00f3gicas que impactam tanto o cotidiano acad\u00eamico quanto o futuro do trabalho.&nbsp; [&hellip;]<\/p>\n","protected":false},"author":4,"featured_media":0,"parent":0,"menu_order":0,"comment_status":"closed","ping_status":"closed","template":"","meta":{"_acf_changed":false,"footnotes":""},"class_list":["post-220","page","type-page","status-publish","hentry"],"acf":[],"_links":{"self":[{"href":"https:\/\/www.ufmg.br\/ia\/wp-json\/wp\/v2\/pages\/220","targetHints":{"allow":["GET"]}}],"collection":[{"href":"https:\/\/www.ufmg.br\/ia\/wp-json\/wp\/v2\/pages"}],"about":[{"href":"https:\/\/www.ufmg.br\/ia\/wp-json\/wp\/v2\/types\/page"}],"author":[{"embeddable":true,"href":"https:\/\/www.ufmg.br\/ia\/wp-json\/wp\/v2\/users\/4"}],"replies":[{"embeddable":true,"href":"https:\/\/www.ufmg.br\/ia\/wp-json\/wp\/v2\/comments?post=220"}],"version-history":[{"count":4,"href":"https:\/\/www.ufmg.br\/ia\/wp-json\/wp\/v2\/pages\/220\/revisions"}],"predecessor-version":[{"id":292,"href":"https:\/\/www.ufmg.br\/ia\/wp-json\/wp\/v2\/pages\/220\/revisions\/292"}],"wp:attachment":[{"href":"https:\/\/www.ufmg.br\/ia\/wp-json\/wp\/v2\/media?parent=220"}],"curies":[{"name":"wp","href":"https:\/\/api.w.org\/{rel}","templated":true}]}}