{"id":1327,"date":"2022-10-04T11:45:18","date_gmt":"2022-10-04T14:45:18","guid":{"rendered":"https:\/\/www.ufmg.br\/ieat\/iai\/?page_id=1327"},"modified":"2022-10-05T09:24:11","modified_gmt":"2022-10-05T12:24:11","slug":"local-2","status":"publish","type":"page","link":"https:\/\/www.ufmg.br\/ieat\/iai\/local-2\/","title":{"rendered":"Localization"},"content":{"rendered":"\n<p>Audit\u00f3rio Nobre do Centro de Atividades Did\u00e1ticas de Ci\u00eancias Naturais (CAD 1) da UFMG.<\/p>\n\n\n\n<p class=\"has-text-align-center\"><iframe loading=\"lazy\" style=\"border: 0;\" src=\"https:\/\/www.google.com\/maps\/embed?pb=!1m18!1m12!1m3!1d3752.37165182872!2d-43.96903528446931!3d-19.86652264147041!2m3!1f0!2f0!3f0!3m2!1i1024!2i768!4f13.1!3m3!1m2!1s0xa690f5cd6fa2db%3A0xa63066267bf8fe3f!2sCentro%20de%20Atividades%20Did%C3%A1ticas%201%20-%20CAD%201!5e0!3m2!1spt-BR!2sbr!4v1664894615895!5m2!1spt-BR!2sbr\" allowfullscreen=\"allowfullscreen\" width=\"600\" height=\"450\"><\/iframe><\/p>\n","protected":false},"excerpt":{"rendered":"<p>Audit\u00f3rio Nobre do Centro de Atividades Did\u00e1ticas de Ci\u00eancias Naturais [&hellip;]<\/p>\n","protected":false},"author":6,"featured_media":0,"parent":0,"menu_order":0,"comment_status":"closed","ping_status":"closed","template":"","meta":[],"_links":{"self":[{"href":"https:\/\/www.ufmg.br\/ieat\/iai\/wp-json\/wp\/v2\/pages\/1327"}],"collection":[{"href":"https:\/\/www.ufmg.br\/ieat\/iai\/wp-json\/wp\/v2\/pages"}],"about":[{"href":"https:\/\/www.ufmg.br\/ieat\/iai\/wp-json\/wp\/v2\/types\/page"}],"author":[{"embeddable":true,"href":"https:\/\/www.ufmg.br\/ieat\/iai\/wp-json\/wp\/v2\/users\/6"}],"replies":[{"embeddable":true,"href":"https:\/\/www.ufmg.br\/ieat\/iai\/wp-json\/wp\/v2\/comments?post=1327"}],"version-history":[{"count":6,"href":"https:\/\/www.ufmg.br\/ieat\/iai\/wp-json\/wp\/v2\/pages\/1327\/revisions"}],"predecessor-version":[{"id":1346,"href":"https:\/\/www.ufmg.br\/ieat\/iai\/wp-json\/wp\/v2\/pages\/1327\/revisions\/1346"}],"wp:attachment":[{"href":"https:\/\/www.ufmg.br\/ieat\/iai\/wp-json\/wp\/v2\/media?parent=1327"}],"curies":[{"name":"wp","href":"https:\/\/api.w.org\/{rel}","templated":true}]}}