{"id":671,"date":"2022-01-21T08:20:44","date_gmt":"2022-01-21T11:20:44","guid":{"rendered":"https:\/\/www.ufmg.br\/ieat\/iai\/?page_id=671"},"modified":"2022-04-05T12:21:33","modified_gmt":"2022-04-05T15:21:33","slug":"o-evento","status":"publish","type":"page","link":"https:\/\/www.ufmg.br\/ieat\/iai\/br\/o-evento\/","title":{"rendered":"S\u00e9rie de Semin\u00e1rios UFMG Intelig\u00eancia e Intelig\u00eancia Artificial"},"content":{"rendered":"\n<p>O Instituto de Estudos Avan\u00e7ados Transdisciplinares da Universidade Federal de Minas Gerais sediar\u00e1 a 4\u00aa edi\u00e7\u00e3o da Intercontinental Academia (ICA), iniciativa que visa promover a cria\u00e7\u00e3o de uma rede global de futuros l\u00edderes em pesquisa.<\/p>\n\n\n\n<p>Em Belo Horizonte, os dois eventos ser\u00e3o realizados em paralelo: com o Intercontinental Academia 4 ter\u00e1 uma programa\u00e7\u00e3o mais privada, centrada em um grupo selecionado de bolsistas e mentores de diferentes partes do mundo.<\/p>\n\n\n\n<p>A S\u00e9rie de Semin\u00e1rios UFMG Intelig\u00eancia e Intelig\u00eancia Artificial se constitui de uma s\u00e9rie de semin\u00e1rios e mesas redondas sobre temas relacionados a processos cognitivos, intelig\u00eancia artificial e suas implica\u00e7\u00f5es que contribuem para moldar o mundo, abrindo novas possibilidades, desafios e perguntas. Um grupo muito selecionado de acad\u00eamicos e especialistas internacionais fornecer\u00e1 uma ampla perspectiva do tema e das transforma\u00e7\u00f5es esperadas.<\/p>\n","protected":false},"excerpt":{"rendered":"<p>O Instituto de Estudos Avan\u00e7ados Transdisciplinares da Universidade Federal de [&hellip;]<\/p>\n","protected":false},"author":2,"featured_media":0,"parent":0,"menu_order":0,"comment_status":"closed","ping_status":"closed","template":"","meta":[],"_links":{"self":[{"href":"https:\/\/www.ufmg.br\/ieat\/iai\/wp-json\/wp\/v2\/pages\/671"}],"collection":[{"href":"https:\/\/www.ufmg.br\/ieat\/iai\/wp-json\/wp\/v2\/pages"}],"about":[{"href":"https:\/\/www.ufmg.br\/ieat\/iai\/wp-json\/wp\/v2\/types\/page"}],"author":[{"embeddable":true,"href":"https:\/\/www.ufmg.br\/ieat\/iai\/wp-json\/wp\/v2\/users\/2"}],"replies":[{"embeddable":true,"href":"https:\/\/www.ufmg.br\/ieat\/iai\/wp-json\/wp\/v2\/comments?post=671"}],"version-history":[{"count":4,"href":"https:\/\/www.ufmg.br\/ieat\/iai\/wp-json\/wp\/v2\/pages\/671\/revisions"}],"predecessor-version":[{"id":823,"href":"https:\/\/www.ufmg.br\/ieat\/iai\/wp-json\/wp\/v2\/pages\/671\/revisions\/823"}],"wp:attachment":[{"href":"https:\/\/www.ufmg.br\/ieat\/iai\/wp-json\/wp\/v2\/media?parent=671"}],"curies":[{"name":"wp","href":"https:\/\/api.w.org\/{rel}","templated":true}]}}