{"id":702,"date":"2022-01-31T17:17:48","date_gmt":"2022-01-31T20:17:48","guid":{"rendered":"https:\/\/www.ufmg.br\/ieat\/iai\/?page_id=702"},"modified":"2022-09-01T17:14:44","modified_gmt":"2022-09-01T20:14:44","slug":"inscreva-se","status":"publish","type":"page","link":"https:\/\/www.ufmg.br\/ieat\/iai\/br\/inscreva-se\/","title":{"rendered":"Inscri\u00e7\u00f5es"},"content":{"rendered":"\n<p><strong>Presencial:<\/strong> audit\u00f3rio Nobre do Centro de Atividades Did\u00e1ticas de Ci\u00eancias Naturais (CAD 1), campus Pampulha, em Belo Horizonte&nbsp;<\/p>\n\n\n\n<p><strong>Remoto:<\/strong> Plataforma Softaliza (ser\u00e1 encaminhado por e-mail login\/senha at\u00e9 1 dia antes do evento.)<\/p>\n\n\n\n<p><strong>Valores para inscri\u00e7\u00e3o:<\/strong><\/p>\n\n\n\n<p><strong><span style=\"text-decoration: underline\" class=\"underline\">At\u00e9 30\/09\/2022<\/span><\/strong><\/p>\n\n\n\n<p><strong>Inscri\u00e7\u00e3o para participa\u00e7\u00e3o online<\/strong><\/p>\n\n\n\n<p>R$ 300,00 profissionais<br>R$ 100,00 estudantes<\/p>\n\n\n\n<p><strong>Inscri\u00e7\u00e3o para participa\u00e7\u00e3o presencial<\/strong><\/p>\n\n\n\n<p>R$ 300,00 profissionais<br>R$ 100,00 estudantes<\/p>\n\n\n\n<p><strong><span style=\"text-decoration: underline\" class=\"underline\">Depois do dia 30\/09\/2022<\/span><\/strong><\/p>\n\n\n\n<p><strong>Inscri\u00e7\u00e3o para participa\u00e7\u00e3o online<\/strong><\/p>\n\n\n\n<p>R$ 400,00 profissionais<br>R$ 150,00 estudantes<\/p>\n\n\n\n<p><strong>Inscri\u00e7\u00e3o para participa\u00e7\u00e3o presencial<\/strong><\/p>\n\n\n\n<p>R$ 400,00 profissionais<br>R$ 150,00 estudantes<\/p>\n\n\n\n<p><strong>Clique&nbsp;<\/strong><a href=\"https:\/\/www.cursoseeventos.ufmg.br\/CAE\/DetalharCae.aspx?CAE=10650\"><strong>aqui<\/strong><\/a><strong>&nbsp;para se inscrever no evento<\/strong>.<\/p>\n\n\n\n<hr class=\"wp-block-separator is-style-default\"\/>\n\n\n\n<p><strong>Coquetel de Congra\u00e7amento da S\u00e9rie de Semin\u00e1rios UFMG Intelig\u00eancia e Intelig\u00eancia Artificial<\/strong><strong><br><\/strong>Local : Restaurante Paladino &#8211; Av. Gildo Macedo, Lacerda, 300, Bra\u00fanas, Pampulha<br>Data: 09 de novembro de 2022<br>Hor\u00e1rio: das 19h \u00e0s 23h<br>Local: Restaurante Paladino &#8211; Av. Gildo Macedo, Lacerda, 300, Bra\u00fanas, Pampulha<br>R$220,00 por pessoa<br>Incluso: Tira-gosto, jantar e bebidas<\/p>\n\n\n\n<p><strong>Clique <\/strong><a href=\"https:\/\/www.cursoseeventos.ufmg.br\/CAE\/DetalharCae.aspx?CAE=10665\"><strong>aqui<\/strong><\/a><strong> para se inscrever no coquetel.&nbsp;<\/strong><\/p>\n","protected":false},"excerpt":{"rendered":"<p>Presencial: audit\u00f3rio Nobre do Centro de Atividades Did\u00e1ticas de Ci\u00eancias [&hellip;]<\/p>\n","protected":false},"author":2,"featured_media":0,"parent":0,"menu_order":0,"comment_status":"closed","ping_status":"closed","template":"","meta":[],"_links":{"self":[{"href":"https:\/\/www.ufmg.br\/ieat\/iai\/wp-json\/wp\/v2\/pages\/702"}],"collection":[{"href":"https:\/\/www.ufmg.br\/ieat\/iai\/wp-json\/wp\/v2\/pages"}],"about":[{"href":"https:\/\/www.ufmg.br\/ieat\/iai\/wp-json\/wp\/v2\/types\/page"}],"author":[{"embeddable":true,"href":"https:\/\/www.ufmg.br\/ieat\/iai\/wp-json\/wp\/v2\/users\/2"}],"replies":[{"embeddable":true,"href":"https:\/\/www.ufmg.br\/ieat\/iai\/wp-json\/wp\/v2\/comments?post=702"}],"version-history":[{"count":15,"href":"https:\/\/www.ufmg.br\/ieat\/iai\/wp-json\/wp\/v2\/pages\/702\/revisions"}],"predecessor-version":[{"id":1286,"href":"https:\/\/www.ufmg.br\/ieat\/iai\/wp-json\/wp\/v2\/pages\/702\/revisions\/1286"}],"wp:attachment":[{"href":"https:\/\/www.ufmg.br\/ieat\/iai\/wp-json\/wp\/v2\/media?parent=702"}],"curies":[{"name":"wp","href":"https:\/\/api.w.org\/{rel}","templated":true}]}}