{"id":714,"date":"2022-01-31T17:29:49","date_gmt":"2022-01-31T20:29:49","guid":{"rendered":"https:\/\/www.ufmg.br\/ieat\/iai\/?page_id=714"},"modified":"2022-11-07T12:14:00","modified_gmt":"2022-11-07T15:14:00","slug":"programacao","status":"publish","type":"page","link":"https:\/\/www.ufmg.br\/ieat\/iai\/br\/programacao\/","title":{"rendered":"Programa\u00e7\u00e3o"},"content":{"rendered":"\n<h3>Primeiro dia \u2013 8 de novembro (Ter\u00e7a-feira)<\/h3>\n\n\n\n<p><\/p>\n\n\n\n<h4><strong>Cerim\u00f4nia de abertura &#8211; 9h a 9h50<\/strong><\/h4>\n\n\n\n<p><\/p>\n\n\n\n<h4><strong>Apresenta\u00e7\u00e3o art\u00edstica \u2013 &#8216;Quase uma ilha&#8217; &#8211; O Grivo e Zaven Par\u00e9 \u2013 10h10 a 10h40<\/strong><\/h4>\n\n\n\n<p><\/p>\n\n\n\n<div class=\"wp-block-group\"><div class=\"wp-block-group__inner-container\">\n<div class=\"wp-block-group\"><div class=\"wp-block-group__inner-container\">\n<h4><strong>Palestra: Rela\u00e7\u00e3o entre ci\u00eancia de sistemas complexos e intelig\u00eancia artificial &#8211; <strong>10h40 a 11h40<\/strong><\/strong><\/h4>\n\n\n\n<p>(Melanie Mitchell &#8211; Professora Davis no Instituto Santa Fe)<\/p>\n\n\n\n<p><\/p>\n\n\n\n<h4>A. Centros Nacionais de Pesquisa de IA no Brasil &#8211; 14h30 a 18h00<\/h4>\n\n\n\n<p>(Henrique Nogueira de S\u00e1 Earp, Fabio Gagliardi Cozman, Andr\u00e9 Carlos Ponce de Leon Ferreira de Carvalho, Henrique de Oliveira Miguel, Everton Goursand de Freitas, Wagner Meira, Demi Getschko, Tanara Lauschner)<\/p>\n<\/div><\/div>\n<\/div><\/div>\n\n\n\n<hr class=\"wp-block-separator is-style-wide\"\/>\n\n\n\n<h3><strong>Segundo dia \u2013 9 de novembro<\/strong> (Quarta-feira)<\/h3>\n\n\n\n<p><\/p>\n\n\n\n<h4><strong>B. <strong>Fundamentos e aspectos \u00e9ticos da intelig\u00eancia artificial e ci\u00eancias cognitivas \u2013 9h a 12<\/strong>h<\/strong><\/h4>\n\n\n\n<p>(Robert Aumann, Jack Copeland, Zhao Fan, Oron Shagrir, Hani Yehia)<\/p>\n\n\n\n<h4><strong>C. <strong>Neuroci\u00eancias e intelig\u00eancia artificial e suas leituras da cogni\u00e7\u00e3o \u2013 14h30 a 17h30<\/strong><\/strong><\/h4>\n\n\n\n<p>(M\u00e1rcio Fl\u00e1vio Dutra Moraes, Itzhak Fried, Jay McClelland, Carmen Flores-Mendoza)<\/p>\n\n\n\n<h4><strong>Atividade Extraoficial do patrocinador &#8211; Vetor Editora<br>Palestra: O uso e benef\u00edcios da tecnologia na avalia\u00e7\u00e3o psicol\u00f3gica \u2013 17h30 a 18h<\/strong><\/h4>\n\n\n\n<p>Wanessa Paix\u00e3o &#8211; Representante da Vetor Editora<\/p>\n\n\n\n<hr class=\"wp-block-separator is-style-wide\"\/>\n\n\n\n<h3><strong><strong>Terceiro dia \u2013 10 de novembro <\/strong><\/strong>(Quinta-feira)<\/h3>\n\n\n\n<p><\/p>\n\n\n\n<h4><strong>D.&nbsp;Sistemas rob\u00f3ticos inteligentes e sociedade \u2013 9h a 12h<\/strong><\/h4>\n\n\n\n<p>(Toshio Fukuda, Zaven Par\u00e9, Lucia Santaella, Luiz Chaimowicz)<\/p>\n\n\n\n<h4><strong><strong>E. Explora\u00e7\u00f5es interdisciplinares da intelig\u00eancia artificial \u2013 14h30 a 17h30<\/strong><\/strong><\/h4>\n\n\n\n<p>(Virg\u00edlio Augusto Fernandes Almeida, Shimon Ullman, Robert Zatorre, Frederico Gadelha Guimar\u00e3es)<\/p>\n\n\n\n<h4><strong>F<\/strong>.&nbsp;<strong>Intercontinental Academia 4: intelig\u00eancia e intelig\u00eancia artificial \u2013 17h40 a 19h<\/strong><\/h4>\n\n\n\n<p>Projeto de articula\u00e7\u00e3o de grupo interdisciplinar intercontinental desenvolvido por pesquisadores de Institutos de Estudos Avan\u00e7ados de cinco continentes (Estevam Barbosa de Las Casas, Sue Gilligan, Eliezer Rabinovici e <em>fellows<\/em> do ICA4)<\/p>\n\n\n\n<hr class=\"wp-block-separator is-style-wide\"\/>\n\n\n\n<h3><strong>Quarto dia \u2013 11 de novembro<\/strong> (Sexta-feira)<\/h3>\n\n\n\n<p><\/p>\n\n\n\n<h4><strong>G. Impacto da intelig\u00eancia artificial na sociedade \u2013 9h a 12<\/strong>h<\/h4>\n\n\n\n<p>(Martin Rees, Ada Yonath, Marco Aurelio Romano-Silva, Guilherme Ary Plonski)<\/p>\n\n\n\n<h4><strong>H. Novas perspectivas sociais e econ\u00f4micas decorrentes da intelig\u00eancia artificial \u2013 14h30 a 17h30&nbsp;<\/strong><\/h4>\n\n\n\n<p>(Raouf Boucekkine, Toshio Fukuda, Saadi Lahlou, Ricardo Machado Ruiz)<\/p>\n\n\n\n<hr class=\"wp-block-separator is-style-wide\"\/>\n\n\n\n<p><\/p>\n\n\n\n<p><a href=\"https:\/\/www.ufmg.br\/ieat\/iai\/wp-content\/uploads\/2022\/11\/programacao_pt_seminar-series_FINAL.pdf\" target=\"_blank\" rel=\"noreferrer noopener\">Programa\u00e7\u00e3o<\/a><\/p>\n","protected":false},"excerpt":{"rendered":"<p>Primeiro dia \u2013 8 de novembro (Ter\u00e7a-feira) Cerim\u00f4nia de abertura [&hellip;]<\/p>\n","protected":false},"author":2,"featured_media":0,"parent":0,"menu_order":0,"comment_status":"closed","ping_status":"closed","template":"","meta":[],"_links":{"self":[{"href":"https:\/\/www.ufmg.br\/ieat\/iai\/wp-json\/wp\/v2\/pages\/714"}],"collection":[{"href":"https:\/\/www.ufmg.br\/ieat\/iai\/wp-json\/wp\/v2\/pages"}],"about":[{"href":"https:\/\/www.ufmg.br\/ieat\/iai\/wp-json\/wp\/v2\/types\/page"}],"author":[{"embeddable":true,"href":"https:\/\/www.ufmg.br\/ieat\/iai\/wp-json\/wp\/v2\/users\/2"}],"replies":[{"embeddable":true,"href":"https:\/\/www.ufmg.br\/ieat\/iai\/wp-json\/wp\/v2\/comments?post=714"}],"version-history":[{"count":59,"href":"https:\/\/www.ufmg.br\/ieat\/iai\/wp-json\/wp\/v2\/pages\/714\/revisions"}],"predecessor-version":[{"id":1498,"href":"https:\/\/www.ufmg.br\/ieat\/iai\/wp-json\/wp\/v2\/pages\/714\/revisions\/1498"}],"wp:attachment":[{"href":"https:\/\/www.ufmg.br\/ieat\/iai\/wp-json\/wp\/v2\/media?parent=714"}],"curies":[{"name":"wp","href":"https:\/\/api.w.org\/{rel}","templated":true}]}}