{"id":777,"date":"2026-03-10T15:08:46","date_gmt":"2026-03-10T18:08:46","guid":{"rendered":"https:\/\/www.ufmg.br\/ieat\/iai\/?page_id=777"},"modified":"2026-03-13T17:43:44","modified_gmt":"2026-03-13T20:43:44","slug":"relatorios","status":"publish","type":"page","link":"https:\/\/www.ufmg.br\/ieat\/iai\/relatorios\/","title":{"rendered":"REPORTS"},"content":{"rendered":"\n<p><a rel=\"noreferrer noopener\" href=\"https:\/\/www.ufmg.br\/ieat\/wp-content\/uploads\/2026\/03\/Relat%C3%B3rio-patrocinadores_ieat_ufmg-seminar-series_24112022-1.pdf\" target=\"_blank\">Relat\u00f3rio Patrocinadores UFMG Seminar Series<\/a><\/p>\n\n\n\n<p><a href=\"https:\/\/www.ufmg.br\/ieat\/wp-content\/uploads\/2026\/03\/Presta%C3%A7%C3%A3o-de-Contas-Final.pdf\">Presta\u00e7\u00e3o de Contas UFMG Seminar Series (Fundep)<\/a><\/p>\n","protected":false},"excerpt":{"rendered":"<p>Relat\u00f3rio Patrocinadores UFMG Seminar Series Presta\u00e7\u00e3o de Contas UFMG Seminar [&hellip;]<\/p>\n","protected":false},"author":6,"featured_media":0,"parent":0,"menu_order":0,"comment_status":"closed","ping_status":"closed","template":"","meta":[],"_links":{"self":[{"href":"https:\/\/www.ufmg.br\/ieat\/iai\/wp-json\/wp\/v2\/pages\/777"}],"collection":[{"href":"https:\/\/www.ufmg.br\/ieat\/iai\/wp-json\/wp\/v2\/pages"}],"about":[{"href":"https:\/\/www.ufmg.br\/ieat\/iai\/wp-json\/wp\/v2\/types\/page"}],"author":[{"embeddable":true,"href":"https:\/\/www.ufmg.br\/ieat\/iai\/wp-json\/wp\/v2\/users\/6"}],"replies":[{"embeddable":true,"href":"https:\/\/www.ufmg.br\/ieat\/iai\/wp-json\/wp\/v2\/comments?post=777"}],"version-history":[{"count":8,"href":"https:\/\/www.ufmg.br\/ieat\/iai\/wp-json\/wp\/v2\/pages\/777\/revisions"}],"predecessor-version":[{"id":1588,"href":"https:\/\/www.ufmg.br\/ieat\/iai\/wp-json\/wp\/v2\/pages\/777\/revisions\/1588"}],"wp:attachment":[{"href":"https:\/\/www.ufmg.br\/ieat\/iai\/wp-json\/wp\/v2\/media?parent=777"}],"curies":[{"name":"wp","href":"https:\/\/api.w.org\/{rel}","templated":true}]}}