{"id":2,"date":"2019-06-03T08:57:28","date_gmt":"2019-06-03T11:57:28","guid":{"rendered":"https:\/\/halley.adm-serv.ufmg.br\/sites\/imprensa\/?page_id=2"},"modified":"2025-10-28T14:33:01","modified_gmt":"2025-10-28T17:33:01","slug":"home","status":"publish","type":"page","link":"https:\/\/www.ufmg.br\/imprensa\/","title":{"rendered":"Home"},"content":{"rendered":"<p>[vc_row parallax=&#8221;content-moving&#8221; css_animation=&#8221;fadeIn&#8221;][vc_column width=&#8221;1\/2&#8243;][vc_video link=&#8221;https:\/\/youtu.be\/c6qUwOQZuXI&#8221; align=&#8221;center&#8221;][\/vc_column][vc_column width=&#8221;1\/2&#8243;][vc_custom_heading text=&#8221;Autorizada pelo Conselho Universit\u00e1rio em nove de maio de 1955, sob a presid\u00eancia do Reitor Professor Lincoln Prates, a Imprensa Universit\u00e1ria contou com a aquisi\u00e7\u00e3o do seu maquin\u00e1rio neste mesmo ano. Inicialmente funcionando em um galp\u00e3o constru\u00eddo nos terrenos da antiga Cidade Universit\u00e1ria no bairro Santo Agostinho, o novo parque gr\u00e1fico da UFMG, destinado a atender a demanda universit\u00e1ria, teve seu funcionamento iniciado em nove de setembro de 1956.<\/p>\n<p>Saiba mais em hist\u00f3rico.&#8221; font_container=&#8221;tag:h2|font_size:23px|text_align:right|color:%231e73be|line_height:40px&#8221; google_fonts=&#8221;font_family:ABeeZee%3Aregular%2Citalic|font_style:400%20italic%3A400%3Aitalic&#8221; link=&#8221;url:https%3A%2F%2Fhalley.adm-serv.ufmg.br%2Fsites%2Fimprensa%2Findex.php%2Fhistorico%2F|title:Hist%C3%B3rico||&#8221; el_id=&#8221;abertura&#8221;][\/vc_column][\/vc_row][vc_row css_animation=&#8221;fadeInUp&#8221;][vc_column width=&#8221;1\/4&#8243;][vc_column_text css_animation=&#8221;fadeIn&#8221; css=&#8221;.vc_custom_1564671012236{margin-bottom: 50px !important;}&#8221;]<\/p>\n<h2 style=\"text-align: center;\"><img loading=\"lazy\" class=\"alignnone size-full wp-image-2645\" src=\"https:\/\/www.ufmg.br\/imprensa\/wp-content\/uploads\/2019\/07\/foto-home-box-pre-impressao.jpg\" alt=\"Pr\u00e9-impress\u00e3o\" width=\"270\" height=\"270\" srcset=\"https:\/\/www.ufmg.br\/imprensa\/wp-content\/uploads\/2019\/07\/foto-home-box-pre-impressao.jpg 270w, https:\/\/www.ufmg.br\/imprensa\/wp-content\/uploads\/2019\/07\/foto-home-box-pre-impressao-150x150.jpg 150w\" sizes=\"(max-width: 270px) 100vw, 270px\" \/><br \/>\nPr\u00e9-impress\u00e3o<\/h2>\n<p style=\"text-align: center;\">O setor de pr\u00e9-impress\u00e3o possui softwares para finaliza\u00e7\u00e3o, tratamento, montagem, diagrama\u00e7\u00e3o, edi\u00e7\u00e3o e fluxo da imagem.<\/p>\n<p style=\"text-align: center;\"><a href=\"https:\/\/www.ufmg.br\/imprensa\/index.php\/producao\/pre-impressao\/\">Saiba mais\u00a0<\/a><\/p>\n<p style=\"text-align: center;\"><!-- \/wp:paragraph --><\/p>\n<p>[\/vc_column_text][vc_column_text][\/vc_column_text][vc_column_text][\/vc_column_text][\/vc_column][vc_column width=&#8221;1\/4&#8243;][vc_column_text css_animation=&#8221;fadeIn&#8221;]<\/p>\n<h2 style=\"text-align: center;\"><img loading=\"lazy\" class=\"alignnone size-full wp-image-2646\" src=\"https:\/\/www.ufmg.br\/imprensa\/wp-content\/uploads\/2019\/07\/foto-home-box-impressao.jpg\" alt=\"Impress\u00e3o\" width=\"270\" height=\"270\" srcset=\"https:\/\/www.ufmg.br\/imprensa\/wp-content\/uploads\/2019\/07\/foto-home-box-impressao.jpg 270w, https:\/\/www.ufmg.br\/imprensa\/wp-content\/uploads\/2019\/07\/foto-home-box-impressao-150x150.jpg 150w\" sizes=\"(max-width: 270px) 100vw, 270px\" \/><br \/>\nImpress\u00e3o<\/h2>\n<p style=\"text-align: center;\">O setor da impress\u00e3o est\u00e1 estruturado com m\u00e1quinas e equipamentos compat\u00edveis com a mais alta tecnologia em impress\u00e3o offset;<\/p>\n<p style=\"text-align: center;\"><a href=\"https:\/\/www.ufmg.br\/imprensa\/index.php\/producao\/impressao\/\">Saiba mais<\/a><\/p>\n<p>[\/vc_column_text][\/vc_column][vc_column width=&#8221;1\/4&#8243;][vc_column_text css_animation=&#8221;fadeIn&#8221;]<\/p>\n<h2 style=\"text-align: center;\"><img loading=\"lazy\" class=\"alignnone size-full wp-image-2647\" src=\"https:\/\/WWW.ufmg.br\/imprensa\/wp-content\/uploads\/2019\/07\/foto-home-box-acabamento.jpg\" alt=\"Acabamento\" width=\"270\" height=\"270\" srcset=\"https:\/\/www.ufmg.br\/imprensa\/wp-content\/uploads\/2019\/07\/foto-home-box-acabamento.jpg 270w, https:\/\/www.ufmg.br\/imprensa\/wp-content\/uploads\/2019\/07\/foto-home-box-acabamento-150x150.jpg 150w\" sizes=\"(max-width: 270px) 100vw, 270px\" \/><br \/>\nAcabamento<\/h2>\n<p style=\"text-align: center;\">Neste setor os impressos gr\u00e1ficos adquirem sua forma final.<\/p>\n<p>&nbsp;<\/p>\n<p style=\"text-align: center;\"><a href=\"https:\/\/www.ufmg.br\/imprensa\/index.php\/producao\/acabamento\/\">Saiba mais<\/a><\/p>\n<p>[\/vc_column_text][\/vc_column][vc_column width=&#8221;1\/4&#8243;][vc_column_text css_animation=&#8221;fadeIn&#8221;]<\/p>\n<h2 style=\"text-align: center;\"><img loading=\"lazy\" class=\"alignnone size-full wp-image-2648\" src=\"https:\/\/WWW.ufmg.br\/imprensa\/wp-content\/uploads\/2019\/07\/foto-home-box-equipe.jpg\" alt=\"Equipe\" width=\"270\" height=\"270\" srcset=\"https:\/\/www.ufmg.br\/imprensa\/wp-content\/uploads\/2019\/07\/foto-home-box-equipe.jpg 270w, https:\/\/www.ufmg.br\/imprensa\/wp-content\/uploads\/2019\/07\/foto-home-box-equipe-150x150.jpg 150w\" sizes=\"(max-width: 270px) 100vw, 270px\" \/><br \/>\nSetores<\/h2>\n<p style=\"text-align: center;\">Conhe\u00e7a os setores de trabalho da Imprensa Universit\u00e1ria.<\/p>\n<p>&nbsp;<\/p>\n<p style=\"text-align: center;\"><a href=\"https:\/\/www.ufmg.br\/imprensa\/index.php\/equipe\/\">Saiba mais\u00a0<\/a><\/p>\n<p style=\"text-align: center;\"><!-- \/wp:paragraph --><\/p>\n<p>[\/vc_column_text][\/vc_column][\/vc_row][vc_row][vc_column][vc_empty_space height=&#8221;60px&#8221;][\/vc_column][\/vc_row][vc_row][vc_column][vc_custom_heading text=&#8221;&#8220;A produ\u00e7\u00e3o gr\u00e1fica da Imprensa Universit\u00e1ria tem como principal objetivo atender \u00e0 demanda da comunidade universit\u00e1ria.&#8220;&#8221; font_container=&#8221;tag:h2|font_size:40px|text_align:center|line_height:60px&#8221; google_fonts=&#8221;font_family:ABeeZee%3Aregular%2Citalic|font_style:400%20italic%3A400%3Aitalic&#8221; el_id=&#8221;cabecalho&#8221;][\/vc_column][\/vc_row][vc_row][vc_column][vc_empty_space height=&#8221;60px&#8221;][\/vc_column][\/vc_row][vc_row][vc_column width=&#8221;1\/2&#8243;][vc_column_text]<\/p>\n<h3>Compras<\/h3>\n<p><a href=\"https:\/\/www.ufmg.br\/imprensa\/index.php\/compras\/\">Acesse os relat\u00f3rios da se\u00e7\u00e3o Compras.<\/a>[\/vc_column_text][\/vc_column][vc_column width=&#8221;1\/2&#8243;][vc_column_text]<\/p>\n<h3>Financeiro<\/h3>\n<p><a href=\"https:\/\/www.ufmg.br\/imprensa\/index.php\/financeiro\/\">Acompanhe o Financeiro da Imprensa.<\/a>[\/vc_column_text][\/vc_column][\/vc_row][vc_row][vc_column width=&#8221;1\/2&#8243;][vc_column_text]<\/p>\n<h3>Portarias<\/h3>\n<p><a href=\"https:\/\/www.ufmg.br\/imprensa\/index.php\/portarias\/\">Acesse as portarias.<\/a>[\/vc_column_text][\/vc_column][vc_column width=&#8221;1\/2&#8243;][vc_column_text]<\/p>\n<h3>Plano Anual de Desenvolvimento dos TAE UFMG (PLAD)<\/h3>\n<p><a href=\"https:\/\/www.ufmg.br\/imprensa\/index.php\/plano-anual-de-desenvolvimento-dos-tae-ufmg-plad\/\">Acompanhe o PLAD.<\/a>[\/vc_column_text][\/vc_column][\/vc_row]<\/p>\n","protected":false},"excerpt":{"rendered":"<p>[vc_row parallax=&#8221;content-moving&#8221; css_animation=&#8221;fadeIn&#8221;][vc_column width=&#8221;1\/2&#8243;][vc_video link=&#8221;https:\/\/youtu.be\/c6qUwOQZuXI&#8221; align=&#8221;center&#8221;][\/vc_column][vc_column width=&#8221;1\/2&#8243;][vc_custom_heading text=&#8221;Autorizada pelo Conselho Universit\u00e1rio em nove de maio de 1955, sob a presid\u00eancia do Reitor Professor Lincoln Prates,&#8230;<\/p>\n<div class=\"more-link-wrapper\"><a class=\"more-link\" href=\"https:\/\/www.ufmg.br\/imprensa\/\">Continue reading<span class=\"screen-reader-text\">Home<\/span><\/a><\/div>\n","protected":false},"author":1,"featured_media":2313,"parent":0,"menu_order":0,"comment_status":"closed","ping_status":"closed","template":"templates\/full-width.php","meta":[],"_links":{"self":[{"href":"https:\/\/www.ufmg.br\/imprensa\/index.php\/wp-json\/wp\/v2\/pages\/2"}],"collection":[{"href":"https:\/\/www.ufmg.br\/imprensa\/index.php\/wp-json\/wp\/v2\/pages"}],"about":[{"href":"https:\/\/www.ufmg.br\/imprensa\/index.php\/wp-json\/wp\/v2\/types\/page"}],"author":[{"embeddable":true,"href":"https:\/\/www.ufmg.br\/imprensa\/index.php\/wp-json\/wp\/v2\/users\/1"}],"replies":[{"embeddable":true,"href":"https:\/\/www.ufmg.br\/imprensa\/index.php\/wp-json\/wp\/v2\/comments?post=2"}],"version-history":[{"count":120,"href":"https:\/\/www.ufmg.br\/imprensa\/index.php\/wp-json\/wp\/v2\/pages\/2\/revisions"}],"predecessor-version":[{"id":4236,"href":"https:\/\/www.ufmg.br\/imprensa\/index.php\/wp-json\/wp\/v2\/pages\/2\/revisions\/4236"}],"wp:featuredmedia":[{"embeddable":true,"href":"https:\/\/www.ufmg.br\/imprensa\/index.php\/wp-json\/wp\/v2\/media\/2313"}],"wp:attachment":[{"href":"https:\/\/www.ufmg.br\/imprensa\/index.php\/wp-json\/wp\/v2\/media?parent=2"}],"curies":[{"name":"wp","href":"https:\/\/api.w.org\/{rel}","templated":true}]}}