{"id":2276,"date":"2019-06-13T15:55:31","date_gmt":"2019-06-13T18:55:31","guid":{"rendered":"https:\/\/halley.adm-serv.ufmg.br\/sites\/imprensa\/?page_id=2276"},"modified":"2019-07-05T16:42:11","modified_gmt":"2019-07-05T19:42:11","slug":"pre-impressao","status":"publish","type":"page","link":"https:\/\/www.ufmg.br\/imprensa\/index.php\/producao\/pre-impressao\/","title":{"rendered":"Pr\u00e9-impress\u00e3o"},"content":{"rendered":"<p>[vc_row][vc_column][vc_column_text]<\/p>\r\n<p>No setor de Pr\u00e9-impress\u00e3o s\u00e3o geradas as matrizes para impress\u00e3o offset e tamb\u00e9m s\u00e3o feitas as impress\u00f5es digitais com possibilidade de uso de dados vari\u00e1veis.<\/p>\r\n<p><!-- \/wp:paragraph -->\r\n\r\n<!-- wp:paragraph -->Possui a seguinte estrutura:<\/p>\r\n<p><!-- \/wp:paragraph -->\u00a0<\/p>\r\n<!-- wp:list -->\r\n<ul>\r\n<li>Uma Platesetter para grava\u00e7\u00e3o de chapas no formato dois acoplada a uma lavadora e secadora autom\u00e1tica;<\/li>\r\n<li>Uma impressora digital para prova de alta fidelidade em papel fotogr\u00e1fico;<\/li>\r\n<li>Uma impressora digital colorida formato super A3;<\/li>\r\n<li>Uma impressora digital monocrom\u00e1tica para alta produ\u00e7\u00e3o no formato super A3;<\/li>\r\n<li>Um sistema de imposi\u00e7\u00e3o, convers\u00e3o e gera\u00e7\u00e3o e matrizes;<\/li>\r\n<li>Pacote de softwares para trabalhos com fotografias, ilustra\u00e7\u00e3o vetorial e imposi\u00e7\u00e3o de imagens.<\/li>\r\n<\/ul>\r\n<p><!-- \/wp:list -->[\/vc_column_text][\/vc_column][\/vc_row][vc_row][vc_column][vc_custom_heading text=&#8221;&#8220;O setor de pr\u00e9-impress\u00e3o possui softwares para finaliza\u00e7\u00e3o, tratamento, montagem, diagrama\u00e7\u00e3o, edi\u00e7\u00e3o e fluxo da imagem&#8220;.&#8221; font_container=&#8221;tag:h2|font_size:45px|text_align:center|color:%231e73be|line_height:60px&#8221; google_fonts=&#8221;font_family:ABeeZee%3Aregular%2Citalic|font_style:400%20italic%3A400%3Aitalic&#8221;][\/vc_column][\/vc_row][vc_row][vc_column][vc_empty_space height=&#8221;60px&#8221;][\/vc_column][\/vc_row][vc_row][vc_column][vc_media_grid element_width=&#8221;2&#8243; gap=&#8221;10&#8243; grid_id=&#8221;vc_gid:1562355677893-e70213e2-9445-4&#8243; include=&#8221;2489,2491,2623,2493,2494,2490&#8243;][\/vc_column][\/vc_row]<\/p>","protected":false},"excerpt":{"rendered":"<p>[vc_row][vc_column][vc_column_text] No setor de Pr\u00e9-impress\u00e3o s\u00e3o geradas as matrizes para impress\u00e3o offset e tamb\u00e9m s\u00e3o feitas as impress\u00f5es digitais com possibilidade de uso de dados&#8230;<\/p>\n<div class=\"more-link-wrapper\"><a class=\"more-link\" href=\"https:\/\/www.ufmg.br\/imprensa\/index.php\/producao\/pre-impressao\/\">Continue reading<span class=\"screen-reader-text\">Pr\u00e9-impress\u00e3o<\/span><\/a><\/div>\n","protected":false},"author":1,"featured_media":2620,"parent":29,"menu_order":0,"comment_status":"closed","ping_status":"closed","template":"templates\/full-width.php","meta":[],"_links":{"self":[{"href":"https:\/\/www.ufmg.br\/imprensa\/index.php\/wp-json\/wp\/v2\/pages\/2276"}],"collection":[{"href":"https:\/\/www.ufmg.br\/imprensa\/index.php\/wp-json\/wp\/v2\/pages"}],"about":[{"href":"https:\/\/www.ufmg.br\/imprensa\/index.php\/wp-json\/wp\/v2\/types\/page"}],"author":[{"embeddable":true,"href":"https:\/\/www.ufmg.br\/imprensa\/index.php\/wp-json\/wp\/v2\/users\/1"}],"replies":[{"embeddable":true,"href":"https:\/\/www.ufmg.br\/imprensa\/index.php\/wp-json\/wp\/v2\/comments?post=2276"}],"version-history":[{"count":18,"href":"https:\/\/www.ufmg.br\/imprensa\/index.php\/wp-json\/wp\/v2\/pages\/2276\/revisions"}],"predecessor-version":[{"id":2624,"href":"https:\/\/www.ufmg.br\/imprensa\/index.php\/wp-json\/wp\/v2\/pages\/2276\/revisions\/2624"}],"up":[{"embeddable":true,"href":"https:\/\/www.ufmg.br\/imprensa\/index.php\/wp-json\/wp\/v2\/pages\/29"}],"wp:featuredmedia":[{"embeddable":true,"href":"https:\/\/www.ufmg.br\/imprensa\/index.php\/wp-json\/wp\/v2\/media\/2620"}],"wp:attachment":[{"href":"https:\/\/www.ufmg.br\/imprensa\/index.php\/wp-json\/wp\/v2\/media?parent=2276"}],"curies":[{"name":"wp","href":"https:\/\/api.w.org\/{rel}","templated":true}]}}