{"id":2279,"date":"2019-06-13T15:56:51","date_gmt":"2019-06-13T18:56:51","guid":{"rendered":"https:\/\/halley.adm-serv.ufmg.br\/sites\/imprensa\/?page_id=2279"},"modified":"2019-07-05T16:44:02","modified_gmt":"2019-07-05T19:44:02","slug":"impressao","status":"publish","type":"page","link":"https:\/\/www.ufmg.br\/imprensa\/index.php\/producao\/impressao\/","title":{"rendered":"Impress\u00e3o"},"content":{"rendered":"<p>[vc_row][vc_column][vc_column_text]<\/p>\r\n<p>O setor de Impress\u00e3o possui as seguintes m\u00e1quinas e equipamentos:<\/p>\r\n<p><!-- \/wp:paragraph -->\u00a0<\/p>\r\n<!-- wp:list -->\r\n<ul>\r\n<li>Impressora quatro cores com verniz flexogr\u00e1fico e revers\u00e3o no formato<br \/>53 x 75 cm;<\/li>\r\n<li>Impressora bicolor com revers\u00e3o no formato 52 x 74 cm;<\/li>\r\n<li>Impressora tipogr\u00e1fica de leque formato oito;<\/li>\r\n<li>Impressora tipogr\u00e1fica manual formato quatro;<\/li>\r\n<li>Micr\u00f4metro;<\/li>\r\n<li>Paqu\u00edmetro digital;<\/li>\r\n<li>Torqu\u00edmetro;<\/li>\r\n<li>Dens\u00edmetro para \u00e1lcool;<\/li>\r\n<li>Condutiv\u00edmetro;<\/li>\r\n<li>Medidor de pH;<\/li>\r\n<\/ul>\r\n<p><!-- \/wp:list -->\u00a0<\/p>\r\n<p><!-- wp:paragraph --><!-- \/wp:paragraph -->[\/vc_column_text][\/vc_column][\/vc_row][vc_row][vc_column][vc_custom_heading text=&#8221;&#8220;O setor de impress\u00e3o est\u00e1 estruturado com m\u00e1quinas e equipamentos compat\u00edveis com a mais alta tecnologia em impress\u00e3o offset e possui ainda duas impressoras tipogr\u00e1ficas para pequenos trabalhos e servi\u00e7os de corte e vinco&#8220;.&#8221; font_container=&#8221;tag:h2|font_size:45px|text_align:center|color:%231e73be|line_height:60px&#8221; google_fonts=&#8221;font_family:ABeeZee%3Aregular%2Citalic|font_style:400%20italic%3A400%3Aitalic&#8221;][\/vc_column][\/vc_row][vc_row][vc_column][vc_empty_space height=&#8221;60px&#8221;][\/vc_column][\/vc_row][vc_row][vc_column][vc_media_grid element_width=&#8221;2&#8243; gap=&#8221;10&#8243; grid_id=&#8221;vc_gid:1561751017531-41d32558-c420-1&#8243; include=&#8221;2497,2498,2499,2500,2501,2502&#8243;][\/vc_column][\/vc_row]<\/p>","protected":false},"excerpt":{"rendered":"<p>[vc_row][vc_column][vc_column_text] O setor de Impress\u00e3o possui as seguintes m\u00e1quinas e equipamentos: \u00a0 Impressora quatro cores com verniz flexogr\u00e1fico e revers\u00e3o no formato53 x 75 cm;&#8230;<\/p>\n<div class=\"more-link-wrapper\"><a class=\"more-link\" href=\"https:\/\/www.ufmg.br\/imprensa\/index.php\/producao\/impressao\/\">Continue reading<span class=\"screen-reader-text\">Impress\u00e3o<\/span><\/a><\/div>\n","protected":false},"author":1,"featured_media":2625,"parent":29,"menu_order":0,"comment_status":"closed","ping_status":"closed","template":"templates\/full-width.php","meta":[],"_links":{"self":[{"href":"https:\/\/www.ufmg.br\/imprensa\/index.php\/wp-json\/wp\/v2\/pages\/2279"}],"collection":[{"href":"https:\/\/www.ufmg.br\/imprensa\/index.php\/wp-json\/wp\/v2\/pages"}],"about":[{"href":"https:\/\/www.ufmg.br\/imprensa\/index.php\/wp-json\/wp\/v2\/types\/page"}],"author":[{"embeddable":true,"href":"https:\/\/www.ufmg.br\/imprensa\/index.php\/wp-json\/wp\/v2\/users\/1"}],"replies":[{"embeddable":true,"href":"https:\/\/www.ufmg.br\/imprensa\/index.php\/wp-json\/wp\/v2\/comments?post=2279"}],"version-history":[{"count":8,"href":"https:\/\/www.ufmg.br\/imprensa\/index.php\/wp-json\/wp\/v2\/pages\/2279\/revisions"}],"predecessor-version":[{"id":2504,"href":"https:\/\/www.ufmg.br\/imprensa\/index.php\/wp-json\/wp\/v2\/pages\/2279\/revisions\/2504"}],"up":[{"embeddable":true,"href":"https:\/\/www.ufmg.br\/imprensa\/index.php\/wp-json\/wp\/v2\/pages\/29"}],"wp:featuredmedia":[{"embeddable":true,"href":"https:\/\/www.ufmg.br\/imprensa\/index.php\/wp-json\/wp\/v2\/media\/2625"}],"wp:attachment":[{"href":"https:\/\/www.ufmg.br\/imprensa\/index.php\/wp-json\/wp\/v2\/media?parent=2279"}],"curies":[{"name":"wp","href":"https:\/\/api.w.org\/{rel}","templated":true}]}}