{"id":2284,"date":"2019-06-13T16:00:14","date_gmt":"2019-06-13T19:00:14","guid":{"rendered":"https:\/\/halley.adm-serv.ufmg.br\/sites\/imprensa\/?page_id=2284"},"modified":"2019-07-31T14:12:01","modified_gmt":"2019-07-31T17:12:01","slug":"acabamento","status":"publish","type":"page","link":"https:\/\/www.ufmg.br\/imprensa\/index.php\/producao\/acabamento\/","title":{"rendered":"Acabamento"},"content":{"rendered":"<p>[vc_row][vc_column][vc_column_text]<!-- \/wp:paragraph --><\/p>\r\n<p><!-- wp:paragraph -->O setor de acabamento possui a seguinte estrutura:<\/p>\r\n<p><!-- \/wp:paragraph -->\u00a0<\/p>\r\n<!-- wp:list -->\r\n<ul>\r\n<li>Uma dobradeira com alimenta\u00e7\u00e3o cont\u00ednua, com seis bolsas na primeira esta\u00e7\u00e3o, quatro na segunda e fac\u00e3o.<\/li>\r\n<li>Acerto de formato, press\u00e3o de rolaria, configura\u00e7\u00e3o de dobra e outros ajustes operacionais totalmente automatizados;<\/li>\r\n<li>Uma dobradeira com quatro bolsas na primeira e segunda esta\u00e7\u00f5es mais fac\u00e3o;<\/li>\r\n<li>Uma m\u00e1quina de costura com dez pontos e arremate autom\u00e1tico;<\/li>\r\n<li>Uma coladeira em hot melt com alimenta\u00e7\u00e3o e vincos autom\u00e1ticos na capa e dois coleiros independentes;<\/li>\r\n<li>Uma grampeadeira semiautom\u00e1tica;<\/li>\r\n<li>Duas guilhotinas de corte linear com 115 e 120 cm de abertura;<\/li>\r\n<li>Duas seladoras t\u00e9rmicas;<\/li>\r\n<li>Equipamentos para encaderna\u00e7\u00e3o em capa dura.<\/li>\r\n<\/ul>\r\n<p><!-- \/wp:list -->[\/vc_column_text][\/vc_column][\/vc_row][vc_row][vc_column][vc_custom_heading text=&#8221;&#8220;Neste setor os impressos gr\u00e1ficos adquirem sua forma final. S\u00e3o feitas a etapas de dobra, costura, cola, grampeamento, refile final, coloca\u00e7\u00e3o de espiral e v\u00e1rias outras&#8220;.&#8221; font_container=&#8221;tag:h2|font_size:45px|text_align:right|color:%231e73be|line_height:60px&#8221; google_fonts=&#8221;font_family:ABeeZee%3Aregular%2Citalic|font_style:400%20italic%3A400%3Aitalic&#8221;][\/vc_column][\/vc_row][vc_row][vc_column][vc_empty_space height=&#8221;60px&#8221;][\/vc_column][\/vc_row][vc_row][vc_column][vc_media_grid element_width=&#8221;2&#8243; gap=&#8221;10&#8243; grid_id=&#8221;vc_gid:1564593063960-5c1b236b-4427-1&#8243; include=&#8221;2630,2650,2632,2508,2509,2510&#8243;][\/vc_column][\/vc_row]<\/p>","protected":false},"excerpt":{"rendered":"<p>[vc_row][vc_column][vc_column_text] O setor de acabamento possui a seguinte estrutura: \u00a0 Uma dobradeira com alimenta\u00e7\u00e3o cont\u00ednua, com seis bolsas na primeira esta\u00e7\u00e3o, quatro na segunda e&#8230;<\/p>\n<div class=\"more-link-wrapper\"><a class=\"more-link\" href=\"https:\/\/www.ufmg.br\/imprensa\/index.php\/producao\/acabamento\/\">Continue reading<span class=\"screen-reader-text\">Acabamento<\/span><\/a><\/div>\n","protected":false},"author":1,"featured_media":2627,"parent":29,"menu_order":0,"comment_status":"closed","ping_status":"closed","template":"templates\/full-width.php","meta":[],"_links":{"self":[{"href":"https:\/\/www.ufmg.br\/imprensa\/index.php\/wp-json\/wp\/v2\/pages\/2284"}],"collection":[{"href":"https:\/\/www.ufmg.br\/imprensa\/index.php\/wp-json\/wp\/v2\/pages"}],"about":[{"href":"https:\/\/www.ufmg.br\/imprensa\/index.php\/wp-json\/wp\/v2\/types\/page"}],"author":[{"embeddable":true,"href":"https:\/\/www.ufmg.br\/imprensa\/index.php\/wp-json\/wp\/v2\/users\/1"}],"replies":[{"embeddable":true,"href":"https:\/\/www.ufmg.br\/imprensa\/index.php\/wp-json\/wp\/v2\/comments?post=2284"}],"version-history":[{"count":14,"href":"https:\/\/www.ufmg.br\/imprensa\/index.php\/wp-json\/wp\/v2\/pages\/2284\/revisions"}],"predecessor-version":[{"id":2651,"href":"https:\/\/www.ufmg.br\/imprensa\/index.php\/wp-json\/wp\/v2\/pages\/2284\/revisions\/2651"}],"up":[{"embeddable":true,"href":"https:\/\/www.ufmg.br\/imprensa\/index.php\/wp-json\/wp\/v2\/pages\/29"}],"wp:featuredmedia":[{"embeddable":true,"href":"https:\/\/www.ufmg.br\/imprensa\/index.php\/wp-json\/wp\/v2\/media\/2627"}],"wp:attachment":[{"href":"https:\/\/www.ufmg.br\/imprensa\/index.php\/wp-json\/wp\/v2\/media?parent=2284"}],"curies":[{"name":"wp","href":"https:\/\/api.w.org\/{rel}","templated":true}]}}