{"id":2293,"date":"2019-06-13T16:08:15","date_gmt":"2019-06-13T19:08:15","guid":{"rendered":"https:\/\/halley.adm-serv.ufmg.br\/sites\/imprensa\/?page_id=2293"},"modified":"2025-01-08T16:16:23","modified_gmt":"2025-01-08T19:16:23","slug":"compras","status":"publish","type":"page","link":"https:\/\/www.ufmg.br\/imprensa\/index.php\/compras\/","title":{"rendered":"Compras"},"content":{"rendered":"<p>[vc_row][vc_column][vc_column_text]<\/p>\r\n<h2><strong>Contratos<\/strong><\/h2>\r\n<p><a href=\"https:\/\/www.ufmg.br\/imprensa\/index.php\/compras\/contratos\/\"><strong>Acessar p\u00e1gina de Contratos<\/strong><\/a><\/p>\r\n<h2><strong>Editais Abertos<\/strong><\/h2>\r\n<p><a href=\"https:\/\/www.ufmg.br\/imprensa\/index.php\/editais-abertos\/\"><strong>Acessar p\u00e1gina de Editais Abertos<\/strong><\/a><\/p>\r\n<h2><strong>Editais Encerrados<\/strong><strong>\u00a0 \u00a0 \u00a0 \u00a0 \u00a0 \u00a0 \u00a0<\/strong><\/h2>\r\n<p><a href=\"https:\/\/www.ufmg.br\/imprensa\/index.php\/compras\/contratos\/editais-encerrados-2019\/\"><strong>Acessar p\u00e1gina de Editais Encerrados<\/strong><\/a><\/p>\r\n<h2><strong>Planejamento e Gerenciamento de Contrata\u00e7\u00f5es<\/strong><b><u><\/u><\/b><\/h2>\r\n<p><a href=\"https:\/\/www.ufmg.br\/imprensa\/index.php\/compras\/planejamento-e-gerenciamento-de-contratacoes\/\"><strong>Acessar p\u00e1gina de Planejamento e Gerenciamento de Contrata\u00e7\u00f5es<\/strong><\/a><\/p>\r\n<h2><strong>Sistema de Registro de Pre\u00e7os<\/strong><\/h2>\r\n<p><a href=\"https:\/\/www.ufmg.br\/imprensa\/index.php\/compras\/sistema-de-registro-de-precos\/\"><strong>Acessar p\u00e1gina Sistema de Registro de Pre\u00e7os<\/strong><\/a><\/p>\r\n<h2><strong>Dispensa Eletr\u00f4nica<\/strong><\/h2>\r\n<p><a href=\"https:\/\/www.ufmg.br\/imprensa\/index.php\/compras\/dispensa-eletronica\/\"><strong>Acessar p\u00e1gina Dispensa Eletr\u00f4nica<\/strong><\/a><\/p>\r\n<h2><strong>Autoriza\u00e7\u00e3o para Contrata\u00e7\u00e3o Direta<\/strong><\/h2>\r\n<p><a href=\"https:\/\/www.ufmg.br\/imprensa\/index.php\/autorizacao-para-contratacao-direta\/\"><strong>Acessar p\u00e1gina Autoriza\u00e7\u00e3o para contrata\u00e7\u00e3o Direta<\/strong><\/a><\/p>\r\n<p>[\/vc_column_text][\/vc_column][\/vc_row]<\/p>","protected":false},"excerpt":{"rendered":"<p>[vc_row][vc_column][vc_column_text] Contratos Acessar p\u00e1gina de Contratos Editais Abertos Acessar p\u00e1gina de Editais Abertos Editais Encerrados\u00a0 \u00a0 \u00a0 \u00a0 \u00a0 \u00a0 \u00a0 Acessar p\u00e1gina de Editais&#8230;<\/p>\n<div class=\"more-link-wrapper\"><a class=\"more-link\" href=\"https:\/\/www.ufmg.br\/imprensa\/index.php\/compras\/\">Continue reading<span class=\"screen-reader-text\">Compras<\/span><\/a><\/div>\n","protected":false},"author":1,"featured_media":2413,"parent":0,"menu_order":0,"comment_status":"closed","ping_status":"closed","template":"templates\/full-width.php","meta":[],"_links":{"self":[{"href":"https:\/\/www.ufmg.br\/imprensa\/index.php\/wp-json\/wp\/v2\/pages\/2293"}],"collection":[{"href":"https:\/\/www.ufmg.br\/imprensa\/index.php\/wp-json\/wp\/v2\/pages"}],"about":[{"href":"https:\/\/www.ufmg.br\/imprensa\/index.php\/wp-json\/wp\/v2\/types\/page"}],"author":[{"embeddable":true,"href":"https:\/\/www.ufmg.br\/imprensa\/index.php\/wp-json\/wp\/v2\/users\/1"}],"replies":[{"embeddable":true,"href":"https:\/\/www.ufmg.br\/imprensa\/index.php\/wp-json\/wp\/v2\/comments?post=2293"}],"version-history":[{"count":23,"href":"https:\/\/www.ufmg.br\/imprensa\/index.php\/wp-json\/wp\/v2\/pages\/2293\/revisions"}],"predecessor-version":[{"id":3658,"href":"https:\/\/www.ufmg.br\/imprensa\/index.php\/wp-json\/wp\/v2\/pages\/2293\/revisions\/3658"}],"wp:featuredmedia":[{"embeddable":true,"href":"https:\/\/www.ufmg.br\/imprensa\/index.php\/wp-json\/wp\/v2\/media\/2413"}],"wp:attachment":[{"href":"https:\/\/www.ufmg.br\/imprensa\/index.php\/wp-json\/wp\/v2\/media?parent=2293"}],"curies":[{"name":"wp","href":"https:\/\/api.w.org\/{rel}","templated":true}]}}