{"id":2314,"date":"2019-06-13T16:36:19","date_gmt":"2019-06-13T19:36:19","guid":{"rendered":"https:\/\/halley.adm-serv.ufmg.br\/sites\/imprensa\/?page_id=2314"},"modified":"2019-08-22T15:11:05","modified_gmt":"2019-08-22T18:11:05","slug":"transparencia","status":"publish","type":"page","link":"https:\/\/www.ufmg.br\/imprensa\/index.php\/transparencia\/","title":{"rendered":"Transpar\u00eancia"},"content":{"rendered":"<p>[vc_row][vc_column][vc_column_text]<\/p>\r\n<p>Este espa\u00e7o tem como objetivo facilitar o acompanhamento da utiliza\u00e7\u00e3o dos recursos p\u00fablicos por parte da sociedade e, desta forma, contribuir para a promo\u00e7\u00e3o do desenvolvimento do controle social.<\/p>\r\n<p><a href=\"https:\/\/www.ufmg.br\/imprensa\/index.php\/compras\/\">Acesse a se\u00e7\u00e3o de Compras<\/a><\/p>\r\n<p><a href=\"https:\/\/www.ufmg.br\/imprensa\/index.php\/financeiro\/\">Acesse a se\u00e7\u00e3o Financeira da Imprensa<\/a><\/p>\r\n<p><a href=\"https:\/\/www.ufmg.br\/imprensa\/index.php\/portarias\/\">Acesse a se\u00e7\u00e3o Portarias<\/a><\/p>\r\n<p>[\/vc_column_text][\/vc_column][\/vc_row]<\/p>","protected":false},"excerpt":{"rendered":"<p>[vc_row][vc_column][vc_column_text] Este espa\u00e7o tem como objetivo facilitar o acompanhamento da utiliza\u00e7\u00e3o dos recursos p\u00fablicos por parte da sociedade e, desta forma, contribuir para a promo\u00e7\u00e3o&#8230;<\/p>\n<div class=\"more-link-wrapper\"><a class=\"more-link\" href=\"https:\/\/www.ufmg.br\/imprensa\/index.php\/transparencia\/\">Continue reading<span class=\"screen-reader-text\">Transpar\u00eancia<\/span><\/a><\/div>\n","protected":false},"author":1,"featured_media":2311,"parent":0,"menu_order":0,"comment_status":"closed","ping_status":"closed","template":"templates\/full-width.php","meta":[],"_links":{"self":[{"href":"https:\/\/www.ufmg.br\/imprensa\/index.php\/wp-json\/wp\/v2\/pages\/2314"}],"collection":[{"href":"https:\/\/www.ufmg.br\/imprensa\/index.php\/wp-json\/wp\/v2\/pages"}],"about":[{"href":"https:\/\/www.ufmg.br\/imprensa\/index.php\/wp-json\/wp\/v2\/types\/page"}],"author":[{"embeddable":true,"href":"https:\/\/www.ufmg.br\/imprensa\/index.php\/wp-json\/wp\/v2\/users\/1"}],"replies":[{"embeddable":true,"href":"https:\/\/www.ufmg.br\/imprensa\/index.php\/wp-json\/wp\/v2\/comments?post=2314"}],"version-history":[{"count":7,"href":"https:\/\/www.ufmg.br\/imprensa\/index.php\/wp-json\/wp\/v2\/pages\/2314\/revisions"}],"predecessor-version":[{"id":2705,"href":"https:\/\/www.ufmg.br\/imprensa\/index.php\/wp-json\/wp\/v2\/pages\/2314\/revisions\/2705"}],"wp:featuredmedia":[{"embeddable":true,"href":"https:\/\/www.ufmg.br\/imprensa\/index.php\/wp-json\/wp\/v2\/media\/2311"}],"wp:attachment":[{"href":"https:\/\/www.ufmg.br\/imprensa\/index.php\/wp-json\/wp\/v2\/media?parent=2314"}],"curies":[{"name":"wp","href":"https:\/\/api.w.org\/{rel}","templated":true}]}}