{"id":2515,"date":"2019-07-01T16:59:50","date_gmt":"2019-07-01T19:59:50","guid":{"rendered":"https:\/\/halley.adm-serv.ufmg.br\/sites\/imprensa\/?page_id=2515"},"modified":"2019-11-07T11:55:17","modified_gmt":"2019-11-07T13:55:17","slug":"portarias-2019","status":"publish","type":"page","link":"https:\/\/www.ufmg.br\/imprensa\/index.php\/portarias\/portarias-2019\/","title":{"rendered":"Portarias 2019"},"content":{"rendered":"<p>[vc_row][vc_column][vc_column_text]<\/p>\r\n<p><a href=\"https:\/\/www.ufmg.br\/imprensa\/wp-content\/uploads\/2019\/07\/PORTARIA-N\u00ba-001.pdf\">PORTARIA N\u00ba 001<\/a><\/p>\r\n<p><a href=\"https:\/\/www.ufmg.br\/imprensa\/wp-content\/uploads\/2019\/07\/PORTARIA-N\u00ba-002.pdf\">PORTARIA N\u00ba 002<\/a><\/p>\r\n<p><a href=\"https:\/\/www.ufmg.br\/imprensa\/wp-content\/uploads\/2019\/07\/PORTARIA-N\u00ba-003.pdf\">PORTARIA N\u00ba 003<\/a><\/p>\r\n<p><a href=\"https:\/\/www.ufmg.br\/imprensa\/wp-content\/uploads\/2019\/07\/PORTARIA-N\u00ba-004.pdf\">PORTARIA N\u00ba 004<\/a><\/p>\r\n<p><a href=\"https:\/\/www.ufmg.br\/imprensa\/wp-content\/uploads\/2019\/07\/PORTARIA-N\u00ba-005.pdf\">PORTARIA N\u00ba 005<\/a><\/p>\r\n<p><a href=\"https:\/\/www.ufmg.br\/imprensa\/wp-content\/uploads\/2019\/08\/PORTARIA-N\u00ba-006.pdf\">PORTARIA N\u00ba 006<\/a><\/p>\r\n<p><a href=\"https:\/\/www.ufmg.br\/imprensa\/wp-content\/uploads\/2019\/08\/PORTARIA-N\u00ba-007.pdf\">PORTARIA N\u00ba 007<\/a><\/p>\r\n<p><a href=\"https:\/\/www.ufmg.br\/imprensa\/wp-content\/uploads\/2019\/08\/PORTARIA-N\u00ba-008.pdf\">PORTARIA N\u00ba 008<\/a><\/p>\r\n<p><a href=\"https:\/\/www.ufmg.br\/imprensa\/wp-content\/uploads\/2019\/08\/PORTARIA-N\u00ba-009.pdf\">PORTARIA N\u00ba 009<\/a><\/p>\r\n<p><a href=\"https:\/\/www.ufmg.br\/imprensa\/wp-content\/uploads\/2019\/08\/PORTARIA-N\u00ba-010.pdf\">PORTARIA N\u00ba 010<\/a><\/p>\r\n<p><a href=\"https:\/\/www.ufmg.br\/imprensa\/wp-content\/uploads\/2019\/08\/PORTARIA-N\u00ba-011.pdf\">PORTARIA N\u00ba 011<\/a><\/p>\r\n<p><a href=\"https:\/\/www.ufmg.br\/imprensa\/wp-content\/uploads\/2019\/08\/PORTARIA-N\u00ba-012.pdf\">PORTARIA N\u00ba 012<\/a><\/p>\r\n<p><a href=\"https:\/\/www.ufmg.br\/imprensa\/wp-content\/uploads\/2019\/08\/PORTARIA-N\u00ba-013.pdf\">PORTARIA N\u00ba 013<\/a><\/p>\r\n<p><a href=\"https:\/\/www.ufmg.br\/imprensa\/wp-content\/uploads\/2019\/08\/PORTARIA-N\u00ba-014.pdf\">PORTARIA N\u00ba 014<\/a><\/p>\r\n<p><a href=\"https:\/\/www.ufmg.br\/imprensa\/wp-content\/uploads\/2019\/08\/PORTARIA-N\u00ba-015.pdf\">PORTARIA N\u00ba 015<\/a><\/p>\r\n<p><a href=\"https:\/\/www.ufmg.br\/imprensa\/wp-content\/uploads\/2019\/08\/PORTARIA-N\u00ba-016.pdf\">PORTARIA N\u00ba 016<\/a><\/p>\r\n<p><a href=\"https:\/\/www.ufmg.br\/imprensa\/wp-content\/uploads\/2019\/08\/PORTARIA-N\u00ba-017.pdf\">PORTARIA N\u00ba 017<\/a><\/p>\r\n<p><a href=\"https:\/\/www.ufmg.br\/imprensa\/wp-content\/uploads\/2019\/08\/PORTARIA-N\u00ba-018.pdf\">PORTARIA N\u00ba 018<\/a><\/p>\r\n<p><a href=\"https:\/\/www.ufmg.br\/imprensa\/wp-content\/uploads\/2019\/08\/PORTARIA-N\u00ba-019.pdf\">PORTARIA N\u00ba 019<\/a><\/p>\r\n<p><a href=\"https:\/\/www.ufmg.br\/imprensa\/wp-content\/uploads\/2019\/08\/PORTARIA-N\u00ba-020.pdf\">PORTARIA N\u00ba 020<\/a><\/p>\r\n<p><a href=\"https:\/\/www.ufmg.br\/imprensa\/wp-content\/uploads\/2019\/08\/PORTARIA-N\u00ba-021.pdf\">PORTARIA N\u00ba 021<\/a><\/p>\r\n<p><a href=\"https:\/\/www.ufmg.br\/imprensa\/wp-content\/uploads\/2019\/08\/PORTARIA-N\u00ba-022.pdf\">PORTARIA N\u00ba 022<\/a><\/p>\r\n<p><a href=\"https:\/\/www.ufmg.br\/imprensa\/wp-content\/uploads\/2019\/08\/PORTARIA-N\u00ba-023.pdf\">PORTARIA N\u00ba 023<\/a><\/p>\r\n<p><a href=\"https:\/\/www.ufmg.br\/imprensa\/wp-content\/uploads\/2019\/09\/PORTARIA-N\u00ba-024.pdf\">PORTARIA N\u00ba 024<\/a><\/p>\r\n<p><a href=\"https:\/\/www.ufmg.br\/imprensa\/wp-content\/uploads\/2019\/08\/PORTARIA-N\u00ba-025.pdf\">PORTARIA N\u00ba 025<\/a><\/p>\r\n<p><a href=\"https:\/\/www.ufmg.br\/imprensa\/wp-content\/uploads\/2019\/08\/PORTARIA-N\u00ba-026.pdf\">PORTARIA N\u00ba 026<\/a><\/p>\r\n<p><a href=\"https:\/\/www.ufmg.br\/imprensa\/wp-content\/uploads\/2019\/08\/PORTARIA-N\u00ba-027.pdf\">PORTARIA N\u00ba 027<\/a><\/p>\r\n<p><a href=\"https:\/\/www.ufmg.br\/imprensa\/wp-content\/uploads\/2019\/08\/PORTARIA-N\u00ba-028.pdf\">PORTARIA N\u00ba 028<\/a><\/p>\r\n<p><a href=\"https:\/\/www.ufmg.br\/imprensa\/wp-content\/uploads\/2019\/11\/PORTARIA-N\u00ba-029.pdf\">PORTARIA N\u00ba 029<\/a><\/p>\r\n<p><a href=\"https:\/\/www.ufmg.br\/imprensa\/wp-content\/uploads\/2019\/11\/PORTARIA-N\u00ba-030.pdf\">PORTARIA N\u00ba 030<\/a><\/p>\r\n<p><a href=\"https:\/\/www.ufmg.br\/imprensa\/wp-content\/uploads\/2019\/11\/PORTARIA-N\u00ba-031.pdf\">PORTARIA N\u00ba 031<\/a><\/p>\r\n<p><a href=\"https:\/\/www.ufmg.br\/imprensa\/wp-content\/uploads\/2019\/11\/PORTARIA-N\u00ba-032.pdf\">PORTARIA N\u00ba 032<\/a><\/p>\r\n<p>PORTARIA N\u00ba 033<\/p>\r\n<p>PORTARIA N\u00ba 034<\/p>\r\n<p><a href=\"https:\/\/www.ufmg.br\/imprensa\/wp-content\/uploads\/2019\/11\/PORTARIA-N\u00ba-035.pdf\">PORTARIA N\u00ba 035<\/a><\/p>\r\n<p><a href=\"https:\/\/www.ufmg.br\/imprensa\/wp-content\/uploads\/2019\/11\/PORTARIA-N\u00ba-036-1.pdf\">PORTARIA N\u00ba 036<\/a><\/p>\r\n<p><a href=\"https:\/\/www.ufmg.br\/imprensa\/wp-content\/uploads\/2019\/11\/PORTARIA-N\u00ba-037.pdf\">PORTARIA N\u00ba 037<\/a><\/p>\r\n<p><a href=\"https:\/\/www.ufmg.br\/imprensa\/index.php\/transparencia\/\">Volte para a se\u00e7\u00e3o Transpar\u00eancia<\/a><\/p>\r\n<p>\u00a0<\/p>\r\n\r\n<p>&nbsp;<\/p>\r\n<p>[\/vc_column_text][\/vc_column][\/vc_row]<\/p>","protected":false},"excerpt":{"rendered":"<p>[vc_row][vc_column][vc_column_text] PORTARIA N\u00ba 001 PORTARIA N\u00ba 002 PORTARIA N\u00ba 003 PORTARIA N\u00ba 004 PORTARIA N\u00ba 005 PORTARIA N\u00ba 006 PORTARIA N\u00ba 007 PORTARIA N\u00ba 008&#8230;<\/p>\n<div class=\"more-link-wrapper\"><a class=\"more-link\" href=\"https:\/\/www.ufmg.br\/imprensa\/index.php\/portarias\/portarias-2019\/\">Continue reading<span class=\"screen-reader-text\">Portarias 2019<\/span><\/a><\/div>\n","protected":false},"author":1,"featured_media":0,"parent":2613,"menu_order":0,"comment_status":"closed","ping_status":"closed","template":"","meta":[],"_links":{"self":[{"href":"https:\/\/www.ufmg.br\/imprensa\/index.php\/wp-json\/wp\/v2\/pages\/2515"}],"collection":[{"href":"https:\/\/www.ufmg.br\/imprensa\/index.php\/wp-json\/wp\/v2\/pages"}],"about":[{"href":"https:\/\/www.ufmg.br\/imprensa\/index.php\/wp-json\/wp\/v2\/types\/page"}],"author":[{"embeddable":true,"href":"https:\/\/www.ufmg.br\/imprensa\/index.php\/wp-json\/wp\/v2\/users\/1"}],"replies":[{"embeddable":true,"href":"https:\/\/www.ufmg.br\/imprensa\/index.php\/wp-json\/wp\/v2\/comments?post=2515"}],"version-history":[{"count":23,"href":"https:\/\/www.ufmg.br\/imprensa\/index.php\/wp-json\/wp\/v2\/pages\/2515\/revisions"}],"predecessor-version":[{"id":3003,"href":"https:\/\/www.ufmg.br\/imprensa\/index.php\/wp-json\/wp\/v2\/pages\/2515\/revisions\/3003"}],"up":[{"embeddable":true,"href":"https:\/\/www.ufmg.br\/imprensa\/index.php\/wp-json\/wp\/v2\/pages\/2613"}],"wp:attachment":[{"href":"https:\/\/www.ufmg.br\/imprensa\/index.php\/wp-json\/wp\/v2\/media?parent=2515"}],"curies":[{"name":"wp","href":"https:\/\/api.w.org\/{rel}","templated":true}]}}