{"id":2530,"date":"2019-07-01T17:13:45","date_gmt":"2019-07-01T20:13:45","guid":{"rendered":"https:\/\/halley.adm-serv.ufmg.br\/sites\/imprensa\/?page_id=2530"},"modified":"2024-01-26T14:59:14","modified_gmt":"2024-01-26T16:59:14","slug":"sistema-de-registro-de-precos","status":"publish","type":"page","link":"https:\/\/www.ufmg.br\/imprensa\/index.php\/compras\/sistema-de-registro-de-precos\/","title":{"rendered":"Sistema de Registro de Pre\u00e7os"},"content":{"rendered":"<p>[vc_row][vc_column][vc_column_text]<a href=\"https:\/\/www.ufmg.br\/imprensa\/index.php\/compras\/sistema-de-registro-de-precos\/sistema-de-registro-de-precos-2024\/\">SISTEMA DE REGISTRO DE PRE\u00c7OS 2024<\/a><\/p>\n<p><a href=\"https:\/\/www.ufmg.br\/imprensa\/index.php\/compras\/sistema-de-registro-de-precos\/sistema-de-registro-de-precos-2023\/\">SISTEMA DE REGISTRO DE PRE\u00c7OS 2023<\/a><\/p>\n<p><a href=\"https:\/\/www.ufmg.br\/imprensa\/index.php\/compras\/sistema-de-registro-de-precos\/sistema-de-registro-de-precos-2022\/\">SISTEMA DE REGISTRO DE PRE\u00c7OS 2022<\/a><\/p>\n<p><a href=\"https:\/\/www.ufmg.br\/imprensa\/?page_id=3510&amp;preview=true\">SISTEMA DE REGISTRO DE PRE\u00c7OS 2021<\/a><\/p>\n<p><a href=\"https:\/\/www.ufmg.br\/imprensa\/index.php\/compras\/sistema-de-registro-de-precos\/sistema-de-registro-de-precos-2020\/\">SISTEMA DE REGISTRO DE PRE\u00c7OS 2020<\/a><\/p>\n<p><a href=\"https:\/\/www.ufmg.br\/imprensa\/index.php\/compras\/sistema-de-registro-de-precos\/sistema-de-registro-de-precos-2019\/\">SISTEMA DE REGISTRO DE PRE\u00c7OS 2019<\/a><\/p>\n<p>[\/vc_column_text][\/vc_column][\/vc_row][vc_row][vc_column][vc_separator color=&#8221;black&#8221;][\/vc_column][\/vc_row][vc_row][vc_column][vc_column_text]<\/p>\n<p><a href=\"https:\/\/www.ufmg.br\/imprensa\/index.php\/compras\/\">Volte para Compras<\/a><\/p>\n<p>[\/vc_column_text][\/vc_column][\/vc_row]<\/p>\n","protected":false},"excerpt":{"rendered":"<p>[vc_row][vc_column][vc_column_text]SISTEMA DE REGISTRO DE PRE\u00c7OS 2024 SISTEMA DE REGISTRO DE PRE\u00c7OS 2023 SISTEMA DE REGISTRO DE PRE\u00c7OS 2022 SISTEMA DE REGISTRO DE PRE\u00c7OS 2021 SISTEMA&#8230;<\/p>\n<div class=\"more-link-wrapper\"><a class=\"more-link\" href=\"https:\/\/www.ufmg.br\/imprensa\/index.php\/compras\/sistema-de-registro-de-precos\/\">Continue reading<span class=\"screen-reader-text\">Sistema de Registro de Pre\u00e7os<\/span><\/a><\/div>\n","protected":false},"author":1,"featured_media":0,"parent":2293,"menu_order":0,"comment_status":"closed","ping_status":"closed","template":"","meta":[],"_links":{"self":[{"href":"https:\/\/www.ufmg.br\/imprensa\/index.php\/wp-json\/wp\/v2\/pages\/2530"}],"collection":[{"href":"https:\/\/www.ufmg.br\/imprensa\/index.php\/wp-json\/wp\/v2\/pages"}],"about":[{"href":"https:\/\/www.ufmg.br\/imprensa\/index.php\/wp-json\/wp\/v2\/types\/page"}],"author":[{"embeddable":true,"href":"https:\/\/www.ufmg.br\/imprensa\/index.php\/wp-json\/wp\/v2\/users\/1"}],"replies":[{"embeddable":true,"href":"https:\/\/www.ufmg.br\/imprensa\/index.php\/wp-json\/wp\/v2\/comments?post=2530"}],"version-history":[{"count":48,"href":"https:\/\/www.ufmg.br\/imprensa\/index.php\/wp-json\/wp\/v2\/pages\/2530\/revisions"}],"predecessor-version":[{"id":4075,"href":"https:\/\/www.ufmg.br\/imprensa\/index.php\/wp-json\/wp\/v2\/pages\/2530\/revisions\/4075"}],"up":[{"embeddable":true,"href":"https:\/\/www.ufmg.br\/imprensa\/index.php\/wp-json\/wp\/v2\/pages\/2293"}],"wp:attachment":[{"href":"https:\/\/www.ufmg.br\/imprensa\/index.php\/wp-json\/wp\/v2\/media?parent=2530"}],"curies":[{"name":"wp","href":"https:\/\/api.w.org\/{rel}","templated":true}]}}