{"id":2537,"date":"2019-07-01T17:23:05","date_gmt":"2019-07-01T20:23:05","guid":{"rendered":"https:\/\/halley.adm-serv.ufmg.br\/sites\/imprensa\/?page_id=2537"},"modified":"2026-04-09T13:48:45","modified_gmt":"2026-04-09T16:48:45","slug":"contratos","status":"publish","type":"page","link":"https:\/\/www.ufmg.br\/imprensa\/index.php\/compras\/contratos\/","title":{"rendered":"Contratos"},"content":{"rendered":"<p>[vc_row][vc_column][vc_separator color=&#8221;black&#8221;][\/vc_column][\/vc_row][vc_row][vc_column][vc_column_text]<\/p>\n<p><span style=\"font-family: Arial; font-size: medium;\">CONTRATO N\u00ba:\u00a0<\/span><span style=\"font-family: Arial; font-size: medium;\"><b>17\/2025<\/b><\/span><\/p>\n<p><span style=\"font-family: Arial; font-size: medium;\">OBJETO:\u00a0<\/span><span style=\"font-family: Arial; font-size: medium;\"><b>Contrata\u00e7\u00e3o de servi\u00e7os comuns de manuten\u00e7\u00e3o preventiva e corretiva em equipamento gr\u00e1fico, impressora offset plana, n\u00famero de s\u00e9rie 103, modelo Lithrone &#8211; LS429P, fabricante \/marca Komori, n\u00famero de patrim\u00f4nio 001180476-9, instalado na Imprensa Universit\u00e1ria da UFMG &#8211; UASG 153262, incluindo fornecimento de pe\u00e7as e componentes, nas condi\u00e7\u00f5es estabelecidas no Termo de Refer\u00eancia.<\/b><\/span><\/p>\n<p><span style=\"font-family: Arial; font-size: medium;\">CONTRATADO: \u00a0<\/span><span style=\"font-family: Arial; font-size: medium;\"><b>JEFFERSON VINICIUS RODRIGUES DO NASCIMENTO &#8211; ME<\/b><\/span><span style=\"font-family: serif; font-size: medium;\">\u00a0<\/span><span style=\"font-family: Arial; font-size: medium;\">\u00a0<\/span><\/p>\n<p><span style=\"font-family: Arial; font-size: medium;\">CNPJ: \u00a0<\/span><span style=\"font-family: Arial; font-size: medium;\"><b>20.025.352\/0001- 09<\/b><\/span><\/p>\n<p><span style=\"font-family: Arial; font-size: medium;\">VIG\u00caNCIA:\u00a0<\/span><span style=\"font-family: Arial; font-size: medium;\"><b>25\/08\/2025 a 25\/08\/2030<\/b><\/span><\/p>\n<p><a href=\"https:\/\/www.ufmg.br\/imprensa\/wp-content\/uploads\/2025\/08\/CONTRATO153254_000017_2025_assinado__1_.pdf\">TERMO DE CONTRATO<\/a><\/p>\n<p>[vc_row][vc_column][vc_separator color=&#8221;black&#8221;][\/vc_column][\/vc_row][vc_row][vc_column][vc_column_text]<\/p>\n<p><span style=\"font-family: Arial; font-size: medium;\">CONTRATO N\u00ba:\u00a0<\/span><span style=\"font-family: Arial; font-size: medium;\"><b>018\/2024<\/b><\/span><\/p>\n<p><span style=\"font-family: Arial; font-size: medium;\">OBJETO: Contrata\u00e7\u00e3o de servi\u00e7os de manuten\u00e7\u00e3o preventiva e corretiva em equipamentos gr\u00e1ficos diversos pertencentes \u00e0 Imprensa Universit\u00e1ria da UFMG &#8211; UASG 153262, com fornecimento de pe\u00e7as, componentes e materiais de consumo, sob demanda, que ser\u00e3o prestados nas condi\u00e7\u00f5es estabelecidas no Termo de Refer\u00eancia, anexo do Edital. <\/span><\/p>\n<p><span style=\"font-family: Arial; font-size: medium;\">CONTRATADO: <strong>Ramon Barbosa Figueiredo &#8211; CNPJ: 25.060.418\/0001-15<\/strong><\/span><span style=\"font-family: serif; font-size: large;\"><b>\u00a0<\/b><\/span><\/p>\n<p><span style=\"font-family: Arial; font-size: medium;\">VIG\u00caNCIA: <strong>24\/01\/2024 A 24\/01\/2025<\/strong><\/span><\/p>\n<p><a href=\"https:\/\/www.ufmg.br\/imprensa\/wp-content\/uploads\/2024\/01\/TERMO-DE-CONTRATO-No-18.2024-RAMON.pdf\">TERMO DE CONTRATO<\/a><\/p>\n<p><a href=\"https:\/\/www.ufmg.br\/imprensa\/wp-content\/uploads\/2025\/01\/SEI_UFMG-3881340-Termo-Aditivo.pdf\">1\u00ba TERMO ADITIVO<\/a><\/p>\n<p><a href=\"https:\/\/www.ufmg.br\/imprensa\/wp-content\/uploads\/2026\/01\/Segundo-Termo-Aditivo-Ramon-ME.pdf\">2\u00ba TERMO ADITIVO<\/a><\/p>\n<p>[vc_row][vc_column][vc_separator color=&#8221;black&#8221;][\/vc_column][\/vc_row][vc_row][vc_column][vc_column_text]<\/p>\n<p><span style=\"font-family: Arial; font-size: medium;\">CONTRATO N\u00ba:\u00a0<\/span><span style=\"font-family: Arial; font-size: medium;\"><b>019\/2024<\/b><\/span><\/p>\n<p><span style=\"font-family: Arial; font-size: medium;\">OBJETO: Contrata\u00e7\u00e3o de servi\u00e7os de manuten\u00e7\u00e3o preventiva e corretiva em equipamentos gr\u00e1ficos diversos pertencentes \u00e0 Imprensa Universit\u00e1ria da UFMG &#8211; UASG 153262, com fornecimento de pe\u00e7as, componentes e materiais de consumo, sob demanda, que ser\u00e3o prestados nas condi\u00e7\u00f5es estabelecidas no Termo de Refer\u00eancia, anexo do Edital. <\/span><\/p>\n<p><span style=\"font-family: Arial; font-size: medium;\">CONTRATADO: <strong>Gesmaq Com\u00e9rcio e Servi\u00e7os LTDA . &#8211; CNPJ: 38.680.138\/0001-51<\/strong><\/span><span style=\"font-family: serif; font-size: large;\"><b>\u00a0<\/b><\/span><\/p>\n<p><span style=\"font-family: Arial; font-size: medium;\">VIG\u00caNCIA: <strong>24\/01\/2024 A 24\/01\/2025<\/strong><\/span><\/p>\n<p><a href=\"https:\/\/www.ufmg.br\/imprensa\/wp-content\/uploads\/2024\/01\/TERMO-DE-CONTRATO-No-19.2024-GESMAQ.pdf\">TERMO DE CONTRATO<\/a><\/p>\n<p>[vc_row][vc_column][vc_separator color=&#8221;black&#8221;][\/vc_column][\/vc_row][vc_row][vc_column][vc_column_text]<\/p>\n<p><span style=\"font-family: Arial; font-size: medium;\">CONTRATO N\u00ba:\u00a0<\/span><span style=\"font-family: Arial; font-size: medium;\"><b>498\/2023<\/b><\/span><\/p>\n<p><span style=\"font-family: Arial; font-size: medium;\">OBJETO: Contrata\u00e7\u00e3o de licen\u00e7as de softwares de Design Gr\u00e1fico: Cess\u00e3o tempor\u00e1ria de direitos sobre programas de computador\/loca\u00e7\u00e3o de software: ADOBE CREATIVE CLOUD VIP TEAMS ALL APPS \u2013 Licen\u00e7a \u2013 Subscri\u00e7\u00e3o por 36 meses<\/span><\/p>\n<p><span style=\"font-family: Arial; font-size: medium;\">CONTRATADO: <strong>MCR Sistemas e Consultoria Ltda. \u2013 CNPJ: 04.198.254\/0001-17<\/strong><\/span><span style=\"font-family: serif; font-size: large;\"><b>\u00a0<\/b><\/span><\/p>\n<p><span style=\"font-family: Arial; font-size: medium;\">VIG\u00caNCIA: <strong>19\/10\/2023 A 19\/10\/2026<\/strong><\/span><\/p>\n<p><a href=\"https:\/\/www.ufmg.br\/imprensa\/wp-content\/uploads\/2023\/10\/SEI_UFMG-2723900-Contrato.pdf\">SEI_UFMG &#8211; 2723900 &#8211; Contrato<\/a><\/p>\n<p>[vc_row][vc_column][vc_separator color=&#8221;black&#8221;][\/vc_column][\/vc_row][vc_row][vc_column][vc_column_text]<\/p>\n<p><span style=\"font-family: Arial; font-size: medium;\">CONTRATO N\u00ba:\u00a0<\/span><span style=\"font-family: Arial; font-size: medium;\"><b>185\/2023<\/b><\/span><\/p>\n<p><span style=\"font-family: Arial; font-size: medium;\">OBJETO:\u00a0<\/span><span style=\"font-family: Arial; font-size: medium;\">Contrata\u00e7\u00e3o de servi\u00e7os de fornecimento de licen\u00e7a de uso de software de gerenciamento gr\u00e1fico, incluindo suporte t\u00e9cnico, pelo per\u00edodo de 12 (doze) meses.<\/span><\/p>\n<p><span style=\"font-family: Arial; font-size: medium;\">CONTRATADO: \u00a0<\/span><span style=\"font-family: Calibri; font-size: large;\"><b>Fachineli Comunica\u00e7\u00e3o Ltd<\/b><strong>a<\/strong><\/span><strong><span style=\"font-family: serif; font-size: large;\">.\u00a0<\/span><span style=\"font-family: Arial; font-size: medium;\">CNPJ: <\/span><span style=\"font-family: Calibri; font-size: medium;\">\u00a0<\/span><\/strong><span style=\"font-family: Calibri; font-size: large;\"><strong>08.8<\/strong><b>04.362\/0001-47<\/b><\/span><span style=\"font-family: serif; font-size: large;\"><b>\u00a0<\/b><\/span><\/p>\n<p><span style=\"font-family: Arial; font-size: medium;\">VIG\u00caNCIA:\u00a0<\/span><span style=\"font-family: Arial; font-size: medium;\"><b>08\/05\/2023 A 08\/05\/2024<\/b><\/span><\/p>\n<p><a href=\"https:\/\/www.ufmg.br\/imprensa\/wp-content\/uploads\/2023\/05\/CONTRATO-185.2023.pdf\">TERMO DO CONTRATO N\u00ba 185\/2023<\/a><\/p>\n<p><a href=\"https:\/\/www.ufmg.br\/imprensa\/wp-content\/uploads\/2024\/04\/SEI_UFMG-3151913-Termo-Aditivo.pdf\">1\u00ba TERMO ADITIVO ANEXO<\/a><\/p>\n<p><a href=\"https:\/\/www.ufmg.br\/imprensa\/wp-content\/uploads\/2025\/04\/2o-TERMO-ADITIVO.pdf\">2\u00ba TERMO ADITIVO ANEXO<\/a><\/p>\n<p><a href=\"https:\/\/www.ufmg.br\/imprensa\/wp-content\/uploads\/2026\/04\/3o-TERMO-ADITIVO-SEI.pdf\">3\u00ba TERMO ADITIVO ANEXO<\/a><\/p>\n<p>&nbsp;<\/p>\n<p>[vc_row][vc_column][vc_separator color=&#8221;black&#8221;][\/vc_column][\/vc_row][vc_row][vc_column][vc_column_text]<\/p>\n<p><span style=\"font-family: Arial; font-size: medium;\">CONTRATO N\u00ba:\u00a0<\/span><span style=\"font-family: Arial; font-size: medium;\"><b>214\/2020<\/b><\/span><\/p>\n<p><span style=\"font-family: Arial; font-size: medium;\">OBJETO: Contrata\u00e7\u00e3o de servi\u00e7os de contrata\u00e7\u00e3o de servi\u00e7os de manuten\u00e7\u00e3o preventiva e corretiva em m\u00e1quina impressora gr\u00e1fica offset plana, fabricante\/marca Heidelberg, modelo Speedmaster \u2013 SM-74-2P, s\u00e9rie 621725, n\u00famero de patrim\u00f4nio 00109752-1, incluindo fornecimento de pe\u00e7as e componentes, por um per\u00edodo de 12 (doze) meses<\/span><\/p>\n<p><span style=\"font-family: Arial; font-size: medium;\">CONTRATADO:\u00a0<\/span><span style=\"font-family: Arial; font-size: medium;\">\u00a0<\/span><strong><span style=\"font-family: Arial; font-size: medium;\">Heidelberg do Brasil Sistemas Gr\u00e1ficos e Servi\u00e7os Ltda.\u00a0 CNPJ: <\/span><span style=\"font-family: Arial; font-size: medium;\">\u00a0<\/span><span style=\"font-family: Arial; font-size: medium;\">02.531.128\/0001-07<\/span><\/strong><\/p>\n<p><span style=\"font-family: Arial; font-size: medium;\">VIG\u00caNCIA:\u00a0<\/span><span style=\"font-family: Arial; font-size: medium;\"><b>09\/12\/2020 A 09\/12\/2021<\/b><\/span><\/p>\n<p><a href=\"https:\/\/www.ufmg.br\/imprensa\/wp-content\/uploads\/2020\/12\/TERMO-DE-CONTRATO-ASSINADO-INEXIGIBILIDADE-DE-LICITA\u00c7\u00c3O-N\u00ba-01.2020.pdf\">TERMO DO CONTRATO N\u00ba 001\/2020<\/a><\/p>\n<p><a href=\"https:\/\/www.ufmg.br\/imprensa\/wp-content\/uploads\/2023\/01\/1o-TERMO-ADITIVO-CONTRATO-No-214.2020.pdf\">1\u00ba TERMO ADITIVO<\/a><\/p>\n<p><a href=\"https:\/\/www.ufmg.br\/imprensa\/wp-content\/uploads\/2023\/01\/2o-TERMO-ADITIVO-CONTRATO-No-214.2020.pdf\">2\u00ba TERMO ADITIVO<\/a><\/p>\n<p><a href=\"https:\/\/www.ufmg.br\/imprensa\/wp-content\/uploads\/2023\/12\/SEI_UFMG-2864231-Termo-Aditivo.pdf\">3\u00ba TERMO ADITIVO<\/a><\/p>\n<p>[vc_row][vc_column][vc_separator color=&#8221;black&#8221;][\/vc_column][\/vc_row][vc_row][vc_column][vc_column_text]<\/p>\n<p>CONTRATO N\u00ba: <strong>002\/2019<\/strong><\/p>\n<p>OBJETO: Contrata\u00e7\u00e3o de servi\u00e7os de fornecimento de licen\u00e7a de uso de software de gerenciamento gr\u00e1fico, incluindo suporte t\u00e9cnico, pelo per\u00edodo de 12 (doze) meses.<\/p>\n<p>CONTRATADO:\u00a0<strong>Focu\u2019s Sistemas &amp; Solu\u00e7\u00f5es Ltda. <\/strong><strong>CNPJ: \u00a013.982.554\/0001-83<\/strong><\/p>\n<p>VIG\u00caNCIA: <strong>06\/05\/2019 A 06\/05\/2020<\/strong><br \/>\n<a href=\"https:\/\/www.ufmg.br\/imprensa\/wp-content\/uploads\/2019\/12\/CONTRATO-N\u00ba-02.2019.pdf\">CONTRATO N\u00ba 02.2019<\/a><\/p>\n<p><a href=\"https:\/\/www.ufmg.br\/imprensa\/wp-content\/uploads\/2020\/09\/1\u00ba-TERMO-ADITIVO-AO-CONTRATO-N\u00ba-02.2019-EMPRESA-FOCUS-1.pdf\">1\u00ba TERMO ADITIVO<\/a><\/p>\n<p><a href=\"https:\/\/www.ufmg.br\/imprensa\/wp-content\/uploads\/2021\/11\/SEI_UFMG-0691016-Termo-Aditivo.pdf\">2\u00ba TERMO ADITIVO<\/a><\/p>\n<p><a href=\"https:\/\/www.ufmg.br\/imprensa\/wp-content\/uploads\/2023\/01\/3o-TERMO-ADITIVO.pdf\">3\u00ba TERMO ADITIVO<\/a><\/p>\n<p>[\/vc_column_text][\/vc_column][\/vc_row][vc_row][vc_column][vc_separator color=&#8221;black&#8221;][\/vc_column][\/vc_row][vc_row][vc_column][vc_column_text]<\/p>\n<p>CONTRATO N\u00ba: <strong>001\/2019<\/strong><\/p>\n<p>OBJETO: Contrata\u00e7\u00e3o de servi\u00e7os de manuten\u00e7\u00e3o preventiva e corretiva em m\u00e1quina impressora gr\u00e1fica offset plana, fabricante\/marca Komori, modelo Lithrone \u2013 LS429P \u2013 quatro cores, com unidade de verniz, n\u00famero de s\u00e9rie 103 e n\u00famero de patrim\u00f4nio 001180476-9, incluindo fornecimento de componentes e pe\u00e7as.<\/p>\n<p>CONTRATADO: <strong>Jefferson Vin\u00edcius Rodrigues do Nascimento \u2013 ME. <\/strong><strong>CNPJ:<\/strong><strong> 20.025.352\/0001-09<\/strong><\/p>\n<p>VIG\u00caNCIA: <strong>15\/10\/2019 A 15\/10\/2020<\/strong><br \/>\n<a href=\"https:\/\/www.ufmg.br\/imprensa\/wp-content\/uploads\/2019\/12\/CONTRATO-N\u00ba-01.2019.pdf\">CONTRATO N\u00ba 01.2019<\/a><\/p>\n<p><a href=\"https:\/\/www.ufmg.br\/imprensa\/wp-content\/uploads\/2020\/09\/1\u00ba-TERMO-ADITIVO-AO-CONTRATO-N\u00ba-01.2019-EMPRESA-JEFFERSON-VINICIUS-RODRIGUES-DO-NASCIMENTO.pdf\">1\u00ba TERMO ADITIVO<\/a><\/p>\n<p><a href=\"https:\/\/www.ufmg.br\/imprensa\/wp-content\/uploads\/2021\/10\/SEGUNDO-TERMO-ADITIVO-AO-CONTRATO-No-01.2019.pdf\">2\u00ba TERMO ADITIVO<\/a><\/p>\n<p><a href=\"https:\/\/www.ufmg.br\/imprensa\/wp-content\/uploads\/2023\/01\/3o-TERMO-ADITIVO-JEFFERSON.pdf\">3\u00ba TERMO ADITIVO<\/a><\/p>\n<p><a href=\"https:\/\/www.ufmg.br\/imprensa\/wp-content\/uploads\/2023\/10\/SEI_UFMG-2702611-Termo-Aditivo.pdf\">4\u00ba TERMO ADITIVO<\/a><\/p>\n<p>[\/vc_column_text][\/vc_column][\/vc_row][vc_row][vc_column][vc_separator color=&#8221;black&#8221;][\/vc_column][\/vc_row][vc_row][vc_column][vc_column_text]<\/p>\n<p>CONTRATO N\u00ba: <strong>001\/2015<\/strong><\/p>\n<p>OBJETO: Contrata\u00e7\u00e3o de empresa para a presta\u00e7\u00e3o de servi\u00e7os t\u00e9cnicos de manuten\u00e7\u00e3o preventiva e corretiva em uma impressora off-set marca Heidelberg, modelo Speedmaster \u2013 SM 74 bicolor n\u00famero de s\u00e9rie 621725, incluindo-se todo os seus componentes e equipamentos agregados.<\/p>\n<p>CONTRATADO: <strong>Heidelberg do Brasil Sistemas Gr\u00e1ficos e Servi\u00e7os Ltda. CNPJ:\u00a0 02.531.128\/0001-07<\/strong><\/p>\n<p>VIG\u00caNCIA: <strong>19\/10\/2019 A 19\/10\/2020<\/strong><br \/>\n<a href=\"https:\/\/www.ufmg.br\/imprensa\/wp-content\/uploads\/2019\/12\/TERMO-DE-CONTRATO-01.2015-IMPRENSA-E-HEIDELBERG.pdf\">TERMO DE CONTRATO 01.2015 &#8211; IMPRENSA E HEIDELBERG<\/a><\/p>\n<p><a href=\"https:\/\/www.ufmg.br\/imprensa\/wp-content\/uploads\/2019\/12\/1\u00ba-TERMO-ADITIVO.pdf\">1\u00ba TERMO ADITIVO<\/a><\/p>\n<p><a href=\"https:\/\/www.ufmg.br\/imprensa\/wp-content\/uploads\/2019\/12\/2\u00ba-TERMO-ADITIVO.pdf\">2\u00ba TERMO ADITIVO<\/a><\/p>\n<p><a href=\"https:\/\/www.ufmg.br\/imprensa\/wp-content\/uploads\/2019\/12\/3\u00ba-TERMO-ADITIVO.pdf\">3\u00ba TERMO ADITIVO<\/a><\/p>\n<p><a href=\"https:\/\/www.ufmg.br\/imprensa\/wp-content\/uploads\/2019\/12\/4\u00ba-TERMO-ADITIVO.pdf\">4\u00ba TERMO ADITIVO<\/a>[\/vc_column_text][\/vc_column][\/vc_row][vc_row][vc_column][vc_column_text]<a href=\"https:\/\/www.ufmg.br\/imprensa\/index.php\/compras\/\">Volte para Compras<\/a>[\/vc_column_text][\/vc_column][\/vc_row]<\/p>\n","protected":false},"excerpt":{"rendered":"<p>[vc_row][vc_column][vc_separator color=&#8221;black&#8221;][\/vc_column][\/vc_row][vc_row][vc_column][vc_column_text] CONTRATO N\u00ba:\u00a017\/2025 OBJETO:\u00a0Contrata\u00e7\u00e3o de servi\u00e7os comuns de manuten\u00e7\u00e3o preventiva e corretiva em equipamento gr\u00e1fico, impressora offset plana, n\u00famero de s\u00e9rie 103, modelo Lithrone&#8230;<\/p>\n<div class=\"more-link-wrapper\"><a class=\"more-link\" href=\"https:\/\/www.ufmg.br\/imprensa\/index.php\/compras\/contratos\/\">Continue reading<span class=\"screen-reader-text\">Contratos<\/span><\/a><\/div>\n","protected":false},"author":1,"featured_media":0,"parent":2293,"menu_order":0,"comment_status":"closed","ping_status":"closed","template":"","meta":[],"_links":{"self":[{"href":"https:\/\/www.ufmg.br\/imprensa\/index.php\/wp-json\/wp\/v2\/pages\/2537"}],"collection":[{"href":"https:\/\/www.ufmg.br\/imprensa\/index.php\/wp-json\/wp\/v2\/pages"}],"about":[{"href":"https:\/\/www.ufmg.br\/imprensa\/index.php\/wp-json\/wp\/v2\/types\/page"}],"author":[{"embeddable":true,"href":"https:\/\/www.ufmg.br\/imprensa\/index.php\/wp-json\/wp\/v2\/users\/1"}],"replies":[{"embeddable":true,"href":"https:\/\/www.ufmg.br\/imprensa\/index.php\/wp-json\/wp\/v2\/comments?post=2537"}],"version-history":[{"count":39,"href":"https:\/\/www.ufmg.br\/imprensa\/index.php\/wp-json\/wp\/v2\/pages\/2537\/revisions"}],"predecessor-version":[{"id":4331,"href":"https:\/\/www.ufmg.br\/imprensa\/index.php\/wp-json\/wp\/v2\/pages\/2537\/revisions\/4331"}],"up":[{"embeddable":true,"href":"https:\/\/www.ufmg.br\/imprensa\/index.php\/wp-json\/wp\/v2\/pages\/2293"}],"wp:attachment":[{"href":"https:\/\/www.ufmg.br\/imprensa\/index.php\/wp-json\/wp\/v2\/media?parent=2537"}],"curies":[{"name":"wp","href":"https:\/\/api.w.org\/{rel}","templated":true}]}}