{"id":2544,"date":"2019-07-01T17:28:32","date_gmt":"2019-07-01T20:28:32","guid":{"rendered":"https:\/\/halley.adm-serv.ufmg.br\/sites\/imprensa\/?page_id=2544"},"modified":"2023-12-18T10:39:50","modified_gmt":"2023-12-18T12:39:50","slug":"editais-abertos","status":"publish","type":"page","link":"https:\/\/www.ufmg.br\/imprensa\/index.php\/editais-abertos\/","title":{"rendered":"Editais Abertos"},"content":{"rendered":"<p>[vc_row][vc_column][vc_column_text]<\/p>\n<p>EDITAL N\u00ba: 41\/2023<\/p>\n<p>OBJETO: contrata\u00e7\u00e3o de servi\u00e7os gr\u00e1ficos diversos, incluindo fornecimento de facas para corte e vinco e clich\u00eas para <em>hot stamping<\/em> e relevo seco, conforme condi\u00e7\u00f5es, quantidades e exig\u00eancias estabelecidas neste Edital e seus anexos<\/p>\n<p>DATA DE ABERTURA: 15\/01\/2024 &#8211; hor\u00e1rio: 09h<\/p>\n<p><a href=\"https:\/\/www.ufmg.br\/imprensa\/wp-content\/uploads\/2023\/12\/EDITAL.pdf\">EDITAL<\/a><\/p>\n<p><a href=\"https:\/\/www.ufmg.br\/imprensa\/wp-content\/uploads\/2023\/12\/TERMO-DE-REFERENCIA.pdf\">TERMO DE REFER\u00caNCIA<\/a><\/p>\n<p><a href=\"https:\/\/www.ufmg.br\/imprensa\/wp-content\/uploads\/2023\/12\/ESTUDO-TECNICO-PRELIMINAR-16.2023.pdf\">ESTUDO T\u00c9CNICO PRELIMINAR<\/a><\/p>\n<p>[vc_row][vc_column][vc_column_text]<\/p>\n<p>EDITAL N\u00ba: 001\/2022<\/p>\n<p>OBJETO: Constituiu objeto do presente certame a aquisi\u00e7\u00e3o de de blanquetas, chapas t\u00e9rmicas, solventes, colas gr\u00e1ficas, tintas, vernizes e demais insumos gr\u00e1ficos, conforme condi\u00e7\u00f5es, quantidades e exig\u00eancias estabelecidas neste Edital e seus anexos.<span style=\"font-family: Times New Roman; font-size: large;\">\u00a0<\/span><\/p>\n<p>DATA DE ABERTURA: 22\/02\/2022 &#8211; hor\u00e1rio: 09h30min<\/p>\n<p><a href=\"https:\/\/www.ufmg.br\/imprensa\/wp-content\/uploads\/2022\/02\/ANEXO-I-ESPECIFICACAO-DO-OBJETO-PREGAO-ELETRONICO-SRP-No-01.2022.xls\">ANEXO I &#8211; ESPECIFICA\u00c7\u00c3O DO OBJETO &#8211; PREG\u00c3O ELETR\u00d4NICO SRP N\u00ba 01.2022<\/a><\/p>\n<p><a href=\"https:\/\/www.ufmg.br\/imprensa\/wp-content\/uploads\/2022\/02\/ANEXO-II-TERMO-DE-REFERENCIA-PREGAO-ELETRONICO-SRP-No-01.2022.pdf\">ANEXO II &#8211; TERMO DE REFER\u00caNCIA &#8211; PREG\u00c3O ELETR\u00d4NICO SRP N\u00ba 01.2022<\/a><\/p>\n<p><a href=\"https:\/\/www.ufmg.br\/imprensa\/wp-content\/uploads\/2022\/02\/ANEXO-III-MINUTA-DA-ATA-DE-REGISTRO-DE-PRECOS-PREGAO-ELETRONICO-SRP-No-01.2022.pdf\">ANEXO III &#8211; MINUTA DA ATA DE REGISTRO DE PRE\u00c7OS &#8211; PREG\u00c3O ELETR\u00d4NICO SRP N\u00ba 01.2022<\/a><\/p>\n<p><a href=\"https:\/\/www.ufmg.br\/imprensa\/wp-content\/uploads\/2022\/02\/ANEXO-IV-DECLARACAO-DE-SUSTENTABILIDADE-SOCIOAMBIENTAL-PREGAO-ELETRONICO-SRP-No-01.2022.pdf\">ANEXO IV &#8211; DECLARA\u00c7\u00c3O DE SUSTENTABILIDADE SOCIOAMBIENTAL &#8211; PREG\u00c3O ELETR\u00d4NICO SRP N\u00ba 01.2022<\/a><\/p>\n<p><a href=\"https:\/\/www.ufmg.br\/imprensa\/wp-content\/uploads\/2022\/02\/ANEXO-V-ESTUDO-TECNICO-PRELIMINAR-PREGAO-ELETRONICO-SRP-No-01.2022.pdf\">ANEXO V &#8211; ESTUDO T\u00c9CNICO PRELIMINAR &#8211; PREG\u00c3O ELETR\u00d4NICO SRP N\u00ba 01.2022<\/a><\/p>\n<p><a href=\"https:\/\/www.ufmg.br\/imprensa\/wp-content\/uploads\/2022\/02\/EDITAL-PREGAO-ELETRONICO-SRP-No-01.2022.pdf\">EDITAL &#8211; PREG\u00c3O ELETR\u00d4NICO SRP N\u00ba 01.2022<\/a><\/p>\n<p>[vc_row][vc_column][vc_column_text]<\/p>\n<p>EDITAL N\u00ba: 002\/2021<\/p>\n<p>OBJETO: Constituiu objeto do presente certame a aquisi\u00e7\u00e3o de m\u00e1quina coladeira de livros P.U.R. (Poliuretano reativo) e seus perif\u00e9ricos,\u00a0conforme especifica\u00e7\u00f5es, condi\u00e7\u00f5es, quantidades e exig\u00eancias estabelecidas no Edital e seus anexos.<span style=\"font-family: Times New Roman; font-size: large;\">\u00a0<\/span><\/p>\n<p>DATA DE ABERTURA: 29\/11\/2021 &#8211; hor\u00e1rio: 09h30min<\/p>\n<p><a href=\"https:\/\/www.ufmg.br\/imprensa\/wp-content\/uploads\/2021\/11\/EDITAL-PREGAO-ELETRONICO-No-2.2021-DOU.pdf\">EDITAL &#8211; PREG\u00c3O ELETR\u00d4NICO N\u00ba 2.2021 &#8211; DOU<\/a><\/p>\n<p><a href=\"https:\/\/www.ufmg.br\/imprensa\/wp-content\/uploads\/2021\/11\/ANEXO-I-DO-EDITAL-ESPECIFICACAO-DO-OBJETO-PREGAO-ELETRONICO-No-02.2021-DOU.xls\">ANEXO I DO EDITAL &#8211; ESPECIFICA\u00c7\u00c3O DO OBJETO &#8211; PREG\u00c3O ELETR\u00d4NICO N\u00ba 02.2021 &#8211; DOU<\/a><\/p>\n<p><a href=\"https:\/\/www.ufmg.br\/imprensa\/wp-content\/uploads\/2021\/11\/ANEXO-II-DO-EDITAL-PLANILHA-DE-ESPECIFICACAO-DE-BEM-IMPORTADO-PREGAO-ELETRONICO-No-02.2021.docx\">ANEXO II DO EDITAL &#8211; PLANILHA DE ESPECIFICA\u00c7\u00c3O DE BEM IMPORTADO &#8211; PREG\u00c3O ELETR\u00d4NICO N\u00ba 02.2021<\/a><\/p>\n<p><a href=\"https:\/\/www.ufmg.br\/imprensa\/wp-content\/uploads\/2021\/11\/ANEXO-III-DO-EDITAL-TERMO-DE-REFERENCIA-PREGAO-ELETRONICO-No-02.2021-DOU.pdf\">ANEXO III DO EDITAL &#8211; TERMO DE REFER\u00caNCIA &#8211; PREG\u00c3O ELETR\u00d4NICO N\u00ba 02.2021 &#8211; DOU<\/a><\/p>\n<p><a href=\"https:\/\/www.ufmg.br\/imprensa\/wp-content\/uploads\/2021\/11\/ANEXO-IV-DO-EDITAL-DECLARACAO-DE-ATENDIMENTO-AS-EXIGENCIAS-DO-OBJETO-PREGAO-ELETRONICO-No-02.2021.docx\">ANEXO IV DO EDITAL &#8211; DECLARA\u00c7\u00c3O DE ATENDIMENTO \u00c0S EXIGENCIAS DO OBJETO &#8211; PREG\u00c3O ELETR\u00d4NICO N\u00ba 02.2021<\/a><\/p>\n<p><a href=\"https:\/\/www.ufmg.br\/imprensa\/wp-content\/uploads\/2021\/11\/ANEXO-V-DO-EDITAL-TERMO-DO-CONTRATO-PREGAO-ELETRONICO-No-02.2021.pdf\">ANEXO V DO EDITAL &#8211; TERMO DO CONTRATO &#8211; PREG\u00c3O ELETR\u00d4NICO N\u00ba 02.2021<\/a><\/p>\n<p><a href=\"https:\/\/www.ufmg.br\/imprensa\/wp-content\/uploads\/2021\/11\/ANEXO-VI-DO-EDITAL-DECLARACAO-DE-SUSTENTABILIDADE-SOCIOAMBIENTAL-PREGAO-ELETRONICO-No-02.2021.doc\">ANEXO VI DO EDITAL &#8211; DECLARA\u00c7\u00c3O DE SUSTENTABILIDADE SOCIOAMBIENTAL &#8211; PREG\u00c3O ELETR\u00d4NICO N\u00ba 02.2021<\/a><\/p>\n<p><a href=\"https:\/\/www.ufmg.br\/imprensa\/wp-content\/uploads\/2021\/11\/ANEXO-I-DO-T.R.-ESPECIFICACAO-TECNICA-DO-OBJETO-PREGAO-ELETRONICO-No-02.2021.pdf\">ANEXO I DO T.R. &#8211; ESPECIFICA\u00c7\u00c3O T\u00c9CNICA DO OBJETO &#8211; PREG\u00c3O ELETR\u00d4NICO N\u00ba 02.2021<\/a><\/p>\n<p><a href=\"https:\/\/www.ufmg.br\/imprensa\/wp-content\/uploads\/2021\/11\/ANEXO-II-DO-T.R.-ESTUDO-TECNICO-PRELIMINAR-PREGAO-ELETRONICO-No-02.2021-DOU.pdf\">ANEXO II DO T.R. &#8211; ESTUDO T\u00c9CNICO PRELIMINAR &#8211; PREG\u00c3O ELETR\u00d4NICO N\u00ba 02.2021 &#8211; DOU<\/a><\/p>\n<p><a href=\"https:\/\/www.ufmg.br\/imprensa\/wp-content\/uploads\/2021\/11\/ANEXO-III-DO-T.R.-PORTARIA-DE-DESIGNACAO-COMISSAO-RECEBIMENTO-BEM-PREGAO-ELETRONICO-No-02.2021.pdf\">ANEXO III DO T.R. &#8211; PORTARIA DE DESIGNA\u00c7\u00c3O COMISS\u00c3O RECEBIMENTO BEM &#8211; PREG\u00c3O ELETR\u00d4NICO N\u00ba 02.2021<\/a><\/p>\n<p>[\/vc_column_text][\/vc_column][\/vc_row][vc_row][vc_column][vc_separator][\/vc_column][\/vc_row][vc_row][vc_column][vc_column_text]<a href=\"https:\/\/halley.adm-serv.ufmg.br\/sites\/imprensa\/index.php\/compras\/\">Volte para Compras<\/a><\/p>\n<p>[\/vc_column_text][\/vc_column][\/vc_row]<\/p>\n","protected":false},"excerpt":{"rendered":"<p>[vc_row][vc_column][vc_column_text] EDITAL N\u00ba: 41\/2023 OBJETO: contrata\u00e7\u00e3o de servi\u00e7os gr\u00e1ficos diversos, incluindo fornecimento de facas para corte e vinco e clich\u00eas para hot stamping e relevo&#8230;<\/p>\n<div class=\"more-link-wrapper\"><a class=\"more-link\" href=\"https:\/\/www.ufmg.br\/imprensa\/index.php\/editais-abertos\/\">Continue reading<span class=\"screen-reader-text\">Editais Abertos<\/span><\/a><\/div>\n","protected":false},"author":1,"featured_media":0,"parent":0,"menu_order":0,"comment_status":"closed","ping_status":"closed","template":"","meta":[],"_links":{"self":[{"href":"https:\/\/www.ufmg.br\/imprensa\/index.php\/wp-json\/wp\/v2\/pages\/2544"}],"collection":[{"href":"https:\/\/www.ufmg.br\/imprensa\/index.php\/wp-json\/wp\/v2\/pages"}],"about":[{"href":"https:\/\/www.ufmg.br\/imprensa\/index.php\/wp-json\/wp\/v2\/types\/page"}],"author":[{"embeddable":true,"href":"https:\/\/www.ufmg.br\/imprensa\/index.php\/wp-json\/wp\/v2\/users\/1"}],"replies":[{"embeddable":true,"href":"https:\/\/www.ufmg.br\/imprensa\/index.php\/wp-json\/wp\/v2\/comments?post=2544"}],"version-history":[{"count":18,"href":"https:\/\/www.ufmg.br\/imprensa\/index.php\/wp-json\/wp\/v2\/pages\/2544\/revisions"}],"predecessor-version":[{"id":3719,"href":"https:\/\/www.ufmg.br\/imprensa\/index.php\/wp-json\/wp\/v2\/pages\/2544\/revisions\/3719"}],"wp:attachment":[{"href":"https:\/\/www.ufmg.br\/imprensa\/index.php\/wp-json\/wp\/v2\/media?parent=2544"}],"curies":[{"name":"wp","href":"https:\/\/api.w.org\/{rel}","templated":true}]}}