{"id":2769,"date":"2019-09-05T09:20:20","date_gmt":"2019-09-05T12:20:20","guid":{"rendered":"https:\/\/www.ufmg.br\/imprensa\/?page_id=2769"},"modified":"2019-09-05T10:40:04","modified_gmt":"2019-09-05T13:40:04","slug":"portaria-2017","status":"publish","type":"page","link":"https:\/\/www.ufmg.br\/imprensa\/index.php\/portarias\/portaria-2017\/","title":{"rendered":"Portarias 2017"},"content":{"rendered":"<p>[vc_row][vc_column][vc_column_text] <a href=\"https:\/\/www.ufmg.br\/imprensa\/wp-content\/uploads\/2019\/09\/PORTARIA-N\u00ba-001-2017.pdf\">PORTARIA N\u00ba 001<\/a><\/p>\r\n<p><a href=\"https:\/\/www.ufmg.br\/imprensa\/wp-content\/uploads\/2019\/09\/PORTARIA-N\u00ba-002-2017.pdf\">PORTARIA N\u00ba 002<\/a><\/p>\r\n<p><a href=\"https:\/\/www.ufmg.br\/imprensa\/wp-content\/uploads\/2019\/09\/PORTARIA-N\u00ba-003-2017.pdf\">PORTARIA N\u00ba 003<\/a><\/p>\r\n<p><a href=\"https:\/\/www.ufmg.br\/imprensa\/wp-content\/uploads\/2019\/09\/PORTARIA-N\u00ba-004-2017.pdf\">PORTARIA N\u00ba 004<\/a><\/p>\r\n<p><a href=\"https:\/\/www.ufmg.br\/imprensa\/wp-content\/uploads\/2019\/09\/PORTARIA-N\u00ba-005-2017.pdf\">PORTARIA N\u00ba 005<\/a><\/p>\r\n<p><a href=\"https:\/\/www.ufmg.br\/imprensa\/wp-content\/uploads\/2019\/09\/PORTARIA-N\u00ba-006-2017.pdf\">PORTARIA N\u00ba 006<\/a><\/p>\r\n<p><a href=\"https:\/\/www.ufmg.br\/imprensa\/wp-content\/uploads\/2019\/09\/PORTARIA-N\u00ba-007-2017.pdf\">PORTARIA N\u00ba 007<\/a><\/p>\r\n<p><a href=\"https:\/\/www.ufmg.br\/imprensa\/wp-content\/uploads\/2019\/09\/PORTARIA-N\u00ba-008-2017.pdf\">PORTARIA N\u00ba 008<\/a><\/p>\r\n<p><a href=\"https:\/\/www.ufmg.br\/imprensa\/wp-content\/uploads\/2019\/09\/PORTARIA-N\u00ba-009-2017.pdf\">PORTARIA N\u00ba 009<\/a><\/p>\r\n<p><a href=\"https:\/\/www.ufmg.br\/imprensa\/wp-content\/uploads\/2019\/09\/PORTARIA-N\u00ba-010-2017.pdf\">PORTARIA N\u00ba 010<\/a><\/p>\r\n<p><a href=\"https:\/\/www.ufmg.br\/imprensa\/wp-content\/uploads\/2019\/09\/PORTARIA-N\u00ba-011-2017.pdf\">PORTARIA N\u00ba 011<\/a><\/p>\r\n<p><a href=\"https:\/\/www.ufmg.br\/imprensa\/wp-content\/uploads\/2019\/09\/PORTARIA-N\u00ba-012-2017.pdf\">PORTARIA N\u00ba 012<\/a><\/p>\r\n<p><a href=\"https:\/\/www.ufmg.br\/imprensa\/wp-content\/uploads\/2019\/09\/PORTARIA-N\u00ba-013-2017.pdf\">PORTARIA N\u00ba 013<\/a><\/p>\r\n<p><a href=\"https:\/\/www.ufmg.br\/imprensa\/wp-content\/uploads\/2019\/09\/PORTARIA-N\u00ba-017-2017.pdf\">PORTARIA N\u00ba 017<\/a><\/p>\r\n<p><a href=\"https:\/\/www.ufmg.br\/imprensa\/wp-content\/uploads\/2019\/09\/PORTARIA-N\u00ba-018-2017.pdf\">PORTARIA N\u00ba 018<\/a><\/p>\r\n<p><a href=\"https:\/\/www.ufmg.br\/imprensa\/wp-content\/uploads\/2019\/09\/PORTARIA-N\u00ba-019-2017.pdf\">PORTARIA N\u00ba 019<\/a><\/p>\r\n<p><a href=\"https:\/\/www.ufmg.br\/imprensa\/wp-content\/uploads\/2019\/09\/PORTARIA-N\u00ba-020-2017.pdf\">PORTARIA N\u00ba 020<\/a><\/p>\r\n<p><a href=\"https:\/\/www.ufmg.br\/imprensa\/wp-content\/uploads\/2019\/09\/PORTARIA-N\u00ba-021-2017.pdf\">PORTARIA N\u00ba 021<\/a><\/p>\r\n<p><a href=\"https:\/\/www.ufmg.br\/imprensa\/wp-content\/uploads\/2019\/09\/PORTARIA-N\u00ba-022-2017.pdf\">PORTARIA N\u00ba 022<\/a><\/p>\r\n<p><a href=\"https:\/\/www.ufmg.br\/imprensa\/wp-content\/uploads\/2019\/09\/PORTARIA-N\u00ba-023-2017.pdf\">PORTARIA N\u00ba 023<\/a><\/p>\r\n<p>\u00a0<a href=\"https:\/\/www.ufmg.br\/imprensa\/index.php\/transparencia\/\">Volte para a se\u00e7\u00e3o Transpar\u00eancia<\/a><\/p>\r\n\r\n<p>\u00a0 [\/vc_column_text][\/vc_column][\/vc_row]<\/p>","protected":false},"excerpt":{"rendered":"<p>[vc_row][vc_column][vc_column_text] PORTARIA N\u00ba 001 PORTARIA N\u00ba 002 PORTARIA N\u00ba 003 PORTARIA N\u00ba 004 PORTARIA N\u00ba 005 PORTARIA N\u00ba 006 PORTARIA N\u00ba 007 PORTARIA N\u00ba 008&#8230;<\/p>\n<div class=\"more-link-wrapper\"><a class=\"more-link\" href=\"https:\/\/www.ufmg.br\/imprensa\/index.php\/portarias\/portaria-2017\/\">Continue reading<span class=\"screen-reader-text\">Portarias 2017<\/span><\/a><\/div>\n","protected":false},"author":1,"featured_media":0,"parent":2613,"menu_order":0,"comment_status":"closed","ping_status":"closed","template":"","meta":[],"_links":{"self":[{"href":"https:\/\/www.ufmg.br\/imprensa\/index.php\/wp-json\/wp\/v2\/pages\/2769"}],"collection":[{"href":"https:\/\/www.ufmg.br\/imprensa\/index.php\/wp-json\/wp\/v2\/pages"}],"about":[{"href":"https:\/\/www.ufmg.br\/imprensa\/index.php\/wp-json\/wp\/v2\/types\/page"}],"author":[{"embeddable":true,"href":"https:\/\/www.ufmg.br\/imprensa\/index.php\/wp-json\/wp\/v2\/users\/1"}],"replies":[{"embeddable":true,"href":"https:\/\/www.ufmg.br\/imprensa\/index.php\/wp-json\/wp\/v2\/comments?post=2769"}],"version-history":[{"count":7,"href":"https:\/\/www.ufmg.br\/imprensa\/index.php\/wp-json\/wp\/v2\/pages\/2769\/revisions"}],"predecessor-version":[{"id":2798,"href":"https:\/\/www.ufmg.br\/imprensa\/index.php\/wp-json\/wp\/v2\/pages\/2769\/revisions\/2798"}],"up":[{"embeddable":true,"href":"https:\/\/www.ufmg.br\/imprensa\/index.php\/wp-json\/wp\/v2\/pages\/2613"}],"wp:attachment":[{"href":"https:\/\/www.ufmg.br\/imprensa\/index.php\/wp-json\/wp\/v2\/media?parent=2769"}],"curies":[{"name":"wp","href":"https:\/\/api.w.org\/{rel}","templated":true}]}}