{"id":2784,"date":"2019-09-05T09:27:23","date_gmt":"2019-09-05T12:27:23","guid":{"rendered":"https:\/\/www.ufmg.br\/imprensa\/?page_id=2784"},"modified":"2019-09-05T09:54:23","modified_gmt":"2019-09-05T12:54:23","slug":"portarias-2014","status":"publish","type":"page","link":"https:\/\/www.ufmg.br\/imprensa\/index.php\/portarias\/portarias-2014\/","title":{"rendered":"Portarias 2014"},"content":{"rendered":"<p>[vc_row][vc_column][vc_column_text] <a href=\"https:\/\/www.ufmg.br\/imprensa\/wp-content\/uploads\/2019\/09\/PORTARIA-N\u00ba-001-2014.pdf\">PORTARIA N\u00ba 001<\/a><\/p>\r\n<p><a href=\"https:\/\/www.ufmg.br\/imprensa\/wp-content\/uploads\/2019\/09\/PORTARIA-N\u00ba-002-2014.pdf\">PORTARIA N\u00ba 002<\/a><\/p>\r\n<p><a href=\"https:\/\/www.ufmg.br\/imprensa\/wp-content\/uploads\/2019\/09\/PORTARIA-N\u00ba-003-2014.pdf\">PORTARIA N\u00ba 003<\/a><\/p>\r\n<p><a href=\"https:\/\/www.ufmg.br\/imprensa\/wp-content\/uploads\/2019\/09\/PORTARIA-N\u00ba-004-2014.pdf\">PORTARIA N\u00ba 004<\/a><\/p>\r\n<p><a href=\"https:\/\/www.ufmg.br\/imprensa\/wp-content\/uploads\/2019\/09\/PORTARIA-N\u00ba-005-2014.pdf\">PORTARIA N\u00ba 005<\/a><\/p>\r\n<p><a href=\"https:\/\/www.ufmg.br\/imprensa\/wp-content\/uploads\/2019\/09\/PORTARIA-N\u00ba-006-2014.pdf\">PORTARIA N\u00ba 006<\/a><\/p>\r\n<p><a href=\"https:\/\/www.ufmg.br\/imprensa\/wp-content\/uploads\/2019\/09\/PORTARIA-N\u00ba-007-2014.pdf\">PORTARIA N\u00ba 007<\/a><\/p>\r\n<p><a href=\"https:\/\/www.ufmg.br\/imprensa\/index.php\/transparencia\/\">Volte para a se\u00e7\u00e3o Transpar\u00eancia<\/a><\/p>\r\n\r\n<p>[\/vc_column_text][\/vc_column][\/vc_row]<\/p>","protected":false},"excerpt":{"rendered":"<p>[vc_row][vc_column][vc_column_text] PORTARIA N\u00ba 001 PORTARIA N\u00ba 002 PORTARIA N\u00ba 003 PORTARIA N\u00ba 004 PORTARIA N\u00ba 005 PORTARIA N\u00ba 006 PORTARIA N\u00ba 007 Volte para a&#8230;<\/p>\n<div class=\"more-link-wrapper\"><a class=\"more-link\" href=\"https:\/\/www.ufmg.br\/imprensa\/index.php\/portarias\/portarias-2014\/\">Continue reading<span class=\"screen-reader-text\">Portarias 2014<\/span><\/a><\/div>\n","protected":false},"author":1,"featured_media":0,"parent":2613,"menu_order":0,"comment_status":"closed","ping_status":"closed","template":"","meta":[],"_links":{"self":[{"href":"https:\/\/www.ufmg.br\/imprensa\/index.php\/wp-json\/wp\/v2\/pages\/2784"}],"collection":[{"href":"https:\/\/www.ufmg.br\/imprensa\/index.php\/wp-json\/wp\/v2\/pages"}],"about":[{"href":"https:\/\/www.ufmg.br\/imprensa\/index.php\/wp-json\/wp\/v2\/types\/page"}],"author":[{"embeddable":true,"href":"https:\/\/www.ufmg.br\/imprensa\/index.php\/wp-json\/wp\/v2\/users\/1"}],"replies":[{"embeddable":true,"href":"https:\/\/www.ufmg.br\/imprensa\/index.php\/wp-json\/wp\/v2\/comments?post=2784"}],"version-history":[{"count":4,"href":"https:\/\/www.ufmg.br\/imprensa\/index.php\/wp-json\/wp\/v2\/pages\/2784\/revisions"}],"predecessor-version":[{"id":2825,"href":"https:\/\/www.ufmg.br\/imprensa\/index.php\/wp-json\/wp\/v2\/pages\/2784\/revisions\/2825"}],"up":[{"embeddable":true,"href":"https:\/\/www.ufmg.br\/imprensa\/index.php\/wp-json\/wp\/v2\/pages\/2613"}],"wp:attachment":[{"href":"https:\/\/www.ufmg.br\/imprensa\/index.php\/wp-json\/wp\/v2\/media?parent=2784"}],"curies":[{"name":"wp","href":"https:\/\/api.w.org\/{rel}","templated":true}]}}