{"id":2788,"date":"2019-09-05T09:28:09","date_gmt":"2019-09-05T12:28:09","guid":{"rendered":"https:\/\/www.ufmg.br\/imprensa\/?page_id=2788"},"modified":"2019-09-05T10:07:12","modified_gmt":"2019-09-05T13:07:12","slug":"portarias-2016","status":"publish","type":"page","link":"https:\/\/www.ufmg.br\/imprensa\/index.php\/portarias\/portarias-2016\/","title":{"rendered":"Portarias 2015"},"content":{"rendered":"<p>[vc_row][vc_column][vc_column_text] <a href=\"https:\/\/www.ufmg.br\/imprensa\/wp-content\/uploads\/2019\/09\/PORTARIA-N\u00ba-001-2015.pdf\">PORTARIA N\u00ba 001<\/a><\/p>\r\n<p><a href=\"https:\/\/www.ufmg.br\/imprensa\/wp-content\/uploads\/2019\/09\/PORTARIA-N\u00ba-002-2015.pdf\">PORTARIA N\u00ba 002<\/a><\/p>\r\n<p><a href=\"https:\/\/www.ufmg.br\/imprensa\/wp-content\/uploads\/2019\/09\/PORTARIA-N\u00ba-003-2015.pdf\">PORTARIA N\u00ba 003<\/a><\/p>\r\n<p><a href=\"https:\/\/www.ufmg.br\/imprensa\/wp-content\/uploads\/2019\/09\/PORTARIA-N\u00ba-004-2015.pdf\">PORTARIA N\u00ba 004<\/a><\/p>\r\n<p><a href=\"https:\/\/www.ufmg.br\/imprensa\/wp-content\/uploads\/2019\/09\/PORTARIA-N\u00ba-005-2015.pdf\">PORTARIA N\u00ba 005<\/a><\/p>\r\n<p><a href=\"https:\/\/www.ufmg.br\/imprensa\/wp-content\/uploads\/2019\/09\/PORTARIA-N\u00ba-006-2015.pdf\">PORTARIA N\u00ba 006<\/a><\/p>\r\n<p><a href=\"https:\/\/www.ufmg.br\/imprensa\/wp-content\/uploads\/2019\/09\/PORTARIA-N\u00ba-007-2015.pdf\">PORTARIA N\u00ba 007<\/a><\/p>\r\n<p><a href=\"https:\/\/www.ufmg.br\/imprensa\/wp-content\/uploads\/2019\/09\/PORTARIA-N\u00ba-008-2015.pdf\">PORTARIA N\u00ba 008<\/a><\/p>\r\n<p><a href=\"https:\/\/www.ufmg.br\/imprensa\/wp-content\/uploads\/2019\/09\/PORTARIA-N\u00ba-009-2015.pdf\">PORTARIA N\u00ba 009<\/a><\/p>\r\n<p><a href=\"https:\/\/www.ufmg.br\/imprensa\/wp-content\/uploads\/2019\/09\/PORTARIA-N\u00ba-010-2015.pdf\">PORTARIA N\u00ba 010<\/a><\/p>\r\n<p><a href=\"https:\/\/www.ufmg.br\/imprensa\/wp-content\/uploads\/2019\/09\/PORTARIA-N\u00ba-012-2015.pdf\">PORTARIA N\u00ba 012<\/a><\/p>\r\n<p><a href=\"https:\/\/www.ufmg.br\/imprensa\/wp-content\/uploads\/2019\/09\/PORTARIA-N\u00ba-013-2015.pdf\">PORTARIA N\u00ba 013<\/a><\/p>\r\n<p><a href=\"https:\/\/www.ufmg.br\/imprensa\/wp-content\/uploads\/2019\/09\/PORTARIA-N\u00ba-014-2015.pdf\">PORTARIA N\u00ba 014<\/a><\/p>\r\n<p><a href=\"https:\/\/www.ufmg.br\/imprensa\/index.php\/transparencia\/\">Volte para a se\u00e7\u00e3o Transpar\u00eancia<\/a><\/p>\r\n\r\n<p>[\/vc_column_text][\/vc_column][\/vc_row]<\/p>","protected":false},"excerpt":{"rendered":"<p>[vc_row][vc_column][vc_column_text] PORTARIA N\u00ba 001 PORTARIA N\u00ba 002 PORTARIA N\u00ba 003 PORTARIA N\u00ba 004 PORTARIA N\u00ba 005 PORTARIA N\u00ba 006 PORTARIA N\u00ba 007 PORTARIA N\u00ba 008&#8230;<\/p>\n<div class=\"more-link-wrapper\"><a class=\"more-link\" href=\"https:\/\/www.ufmg.br\/imprensa\/index.php\/portarias\/portarias-2016\/\">Continue reading<span class=\"screen-reader-text\">Portarias 2015<\/span><\/a><\/div>\n","protected":false},"author":1,"featured_media":0,"parent":2613,"menu_order":0,"comment_status":"closed","ping_status":"closed","template":"","meta":[],"_links":{"self":[{"href":"https:\/\/www.ufmg.br\/imprensa\/index.php\/wp-json\/wp\/v2\/pages\/2788"}],"collection":[{"href":"https:\/\/www.ufmg.br\/imprensa\/index.php\/wp-json\/wp\/v2\/pages"}],"about":[{"href":"https:\/\/www.ufmg.br\/imprensa\/index.php\/wp-json\/wp\/v2\/types\/page"}],"author":[{"embeddable":true,"href":"https:\/\/www.ufmg.br\/imprensa\/index.php\/wp-json\/wp\/v2\/users\/1"}],"replies":[{"embeddable":true,"href":"https:\/\/www.ufmg.br\/imprensa\/index.php\/wp-json\/wp\/v2\/comments?post=2788"}],"version-history":[{"count":4,"href":"https:\/\/www.ufmg.br\/imprensa\/index.php\/wp-json\/wp\/v2\/pages\/2788\/revisions"}],"predecessor-version":[{"id":2847,"href":"https:\/\/www.ufmg.br\/imprensa\/index.php\/wp-json\/wp\/v2\/pages\/2788\/revisions\/2847"}],"up":[{"embeddable":true,"href":"https:\/\/www.ufmg.br\/imprensa\/index.php\/wp-json\/wp\/v2\/pages\/2613"}],"wp:attachment":[{"href":"https:\/\/www.ufmg.br\/imprensa\/index.php\/wp-json\/wp\/v2\/media?parent=2788"}],"curies":[{"name":"wp","href":"https:\/\/api.w.org\/{rel}","templated":true}]}}