{"id":29,"date":"2019-06-04T14:41:14","date_gmt":"2019-06-04T17:41:14","guid":{"rendered":"https:\/\/halley.adm-serv.ufmg.br\/sites\/imprensa\/?page_id=29"},"modified":"2019-07-05T15:40:50","modified_gmt":"2019-07-05T18:40:50","slug":"producao","status":"publish","type":"page","link":"https:\/\/www.ufmg.br\/imprensa\/index.php\/producao\/","title":{"rendered":"Produ\u00e7\u00e3o"},"content":{"rendered":"<p>[vc_row][vc_column][vc_column_text]Basicamente, um produto impresso passa por tr\u00eas est\u00e1gios at\u00e9 estar pronto para ser usado. A fase da pr\u00e9-impress\u00e3o, quando os textos, imagens e ilustra\u00e7\u00f5es s\u00e3o preparados para atender a fase seguinte que \u00e9 a impress\u00e3o. A impress\u00e3o, pode ser executada por meio de v\u00e1rios processos, como tipografia, offset, flexografia, tampografia, rotogravura serigrafia, impress\u00e3o digital e outros. Ap\u00f3s a etapa de impress\u00e3o, o produto segue para o setor de acabamento. Nesse momento os produtos s\u00e3o cortados, envernizados, colados, costurados, grampeados, intercalados, ou seja, recebem a finaliza\u00e7\u00e3o para serem disponibilizados aos usu\u00e1rios finais. A Imprensa Universit\u00e1ria est\u00e1 dividida de acordo com os est\u00e1gios citados acima: Pr\u00e9-impress\u00e3o, Impress\u00e3o e Acabamento e atua com tr\u00eas processos de impress\u00e3o que s\u00e3o: Impress\u00e3o Tipogr\u00e1fica; Impress\u00e3o Offset; Impress\u00e3o Digital.<\/p>\n<p><!-- \/wp:paragraph -->[\/vc_column_text][\/vc_column][\/vc_row][vc_row][vc_column][vc_custom_heading text=&#8221;Basicamente, um produto impresso passa por tr\u00eas est\u00e1gios at\u00e9 estar pronto para ser usado.&#8221; font_container=&#8221;tag:h2|font_size:45px|text_align:center|color:%231e73be|line_height:60px&#8221; google_fonts=&#8221;font_family:ABeeZee%3Aregular%2Citalic|font_style:400%20italic%3A400%3Aitalic&#8221;][\/vc_column][\/vc_row]<\/p>\n","protected":false},"excerpt":{"rendered":"<p>Esse \u00e9 a produ\u00e7\u00e3o da Imprensa<\/p>\n<div class=\"more-link-wrapper\"><a class=\"more-link\" href=\"https:\/\/www.ufmg.br\/imprensa\/index.php\/producao\/\">Continue reading<span class=\"screen-reader-text\">Produ\u00e7\u00e3o<\/span><\/a><\/div>\n","protected":false},"author":1,"featured_media":2313,"parent":0,"menu_order":0,"comment_status":"closed","ping_status":"closed","template":"templates\/full-width.php","meta":[],"_links":{"self":[{"href":"https:\/\/www.ufmg.br\/imprensa\/index.php\/wp-json\/wp\/v2\/pages\/29"}],"collection":[{"href":"https:\/\/www.ufmg.br\/imprensa\/index.php\/wp-json\/wp\/v2\/pages"}],"about":[{"href":"https:\/\/www.ufmg.br\/imprensa\/index.php\/wp-json\/wp\/v2\/types\/page"}],"author":[{"embeddable":true,"href":"https:\/\/www.ufmg.br\/imprensa\/index.php\/wp-json\/wp\/v2\/users\/1"}],"replies":[{"embeddable":true,"href":"https:\/\/www.ufmg.br\/imprensa\/index.php\/wp-json\/wp\/v2\/comments?post=29"}],"version-history":[{"count":7,"href":"https:\/\/www.ufmg.br\/imprensa\/index.php\/wp-json\/wp\/v2\/pages\/29\/revisions"}],"predecessor-version":[{"id":2611,"href":"https:\/\/www.ufmg.br\/imprensa\/index.php\/wp-json\/wp\/v2\/pages\/29\/revisions\/2611"}],"wp:featuredmedia":[{"embeddable":true,"href":"https:\/\/www.ufmg.br\/imprensa\/index.php\/wp-json\/wp\/v2\/media\/2313"}],"wp:attachment":[{"href":"https:\/\/www.ufmg.br\/imprensa\/index.php\/wp-json\/wp\/v2\/media?parent=29"}],"curies":[{"name":"wp","href":"https:\/\/api.w.org\/{rel}","templated":true}]}}