{"id":3284,"date":"2020-01-17T15:50:21","date_gmt":"2020-01-17T17:50:21","guid":{"rendered":"https:\/\/www.ufmg.br\/imprensa\/?page_id=3284"},"modified":"2021-11-05T13:21:38","modified_gmt":"2021-11-05T16:21:38","slug":"portarias-2020","status":"publish","type":"page","link":"https:\/\/www.ufmg.br\/imprensa\/index.php\/portarias\/portarias-2020\/","title":{"rendered":"Portarias 2020"},"content":{"rendered":"<p>[vc_row][vc_column][vc_column_text]<a href=\"https:\/\/www.ufmg.br\/imprensa\/wp-content\/uploads\/2020\/09\/PORTARIA-N\u00ba-585.pdf\">PORTARIA N\u00ba 585<\/a><\/p>\r\n<p><a href=\"https:\/\/www.ufmg.br\/imprensa\/wp-content\/uploads\/2020\/09\/PORTARIA-N\u00ba-1891.pdf\">PORTARIA N\u00ba 1.891<\/a><\/p>\r\n<p><a href=\"https:\/\/www.ufmg.br\/imprensa\/wp-content\/uploads\/2020\/09\/PORTARIA-N\u00ba-1897.pdf\">PORTARIA N\u00ba 1.897<\/a><\/p>\r\n<p><a href=\"https:\/\/www.ufmg.br\/imprensa\/wp-content\/uploads\/2020\/09\/PORTARIA-N\u00ba-1902.pdf\">PORTARIA N\u00ba 1.902<\/a><\/p>\r\n<p><a href=\"https:\/\/www.ufmg.br\/imprensa\/wp-content\/uploads\/2020\/09\/PORTARIA-N\u00ba-3300.pdf\">PORTARIA N\u00ba 3.300<\/a><\/p>\r\n<p><a href=\"https:\/\/www.ufmg.br\/imprensa\/wp-content\/uploads\/2020\/09\/PORTARIA-N\u00ba-3693.pdf\">PORTARIA N\u00ba 3.693<\/a><\/p>\r\n<p><a href=\"https:\/\/www.ufmg.br\/imprensa\/wp-content\/uploads\/2020\/09\/PORTARIA-N\u00ba-3695.pdf\">PORTARIA N\u00ba 3.695<\/a><\/p>\r\n<p><a href=\"https:\/\/www.ufmg.br\/imprensa\/wp-content\/uploads\/2020\/09\/PORTARIA-N\u00ba-3696.pdf\">PORTARIA N\u00ba 3.696<\/a><\/p>\r\n<p><a href=\"https:\/\/www.ufmg.br\/imprensa\/wp-content\/uploads\/2020\/09\/PORTARIA-N\u00ba-4407.pdf\">PORTARIA N\u00ba 4.407<\/a><\/p>\r\n<p><a href=\"https:\/\/www.ufmg.br\/imprensa\/wp-content\/uploads\/2020\/12\/PORTARIA-N\u00ba-4.865-2020.pdf\">PORTARIA N\u00ba 4.865<\/a><\/p>\r\n<p><a href=\"https:\/\/www.ufmg.br\/imprensa\/wp-content\/uploads\/2020\/09\/PORTARIA-N\u00ba-4903.pdf\">PORTARIA N\u00ba 4.903<\/a><\/p>\r\n<p><a href=\"https:\/\/www.ufmg.br\/imprensa\/wp-content\/uploads\/2020\/09\/PORTARIA-N\u00ba-4907.pdf\">PORTARIA N\u00ba 4.907<\/a><\/p>\r\n<p><a href=\"https:\/\/www.ufmg.br\/imprensa\/wp-content\/uploads\/2020\/12\/PORTARIA-N\u00ba-6.932-2020.pdf\">PORTARIA N\u00ba 6.932<\/a><\/p>\r\n<p><a href=\"https:\/\/www.ufmg.br\/imprensa\/wp-content\/uploads\/2021\/11\/PORTARIA-No-7673-.-2021.pdf\">PORTARIA N\u00ba 7.673<\/a><\/p>\r\n<p><a href=\"https:\/\/www.ufmg.br\/imprensa\/wp-content\/uploads\/2021\/11\/PORTARIA-7732-.-2021.pdf\">PORTARIA N\u00ba 7.732<\/a><\/p>\r\n<p><a href=\"https:\/\/www.ufmg.br\/imprensa\/index.php\/transparencia\/\">Volte para a se\u00e7\u00e3o Transpar\u00eancia<\/a><\/p>\r\n\r\n<p>\u00a0 [\/vc_column_text][\/vc_column][\/vc_row]<\/p>\r\n<p>&nbsp;<\/p>","protected":false},"excerpt":{"rendered":"<p>[vc_row][vc_column][vc_column_text]PORTARIA N\u00ba 585 PORTARIA N\u00ba 1.891 PORTARIA N\u00ba 1.897 PORTARIA N\u00ba 1.902 PORTARIA N\u00ba 3.300 PORTARIA N\u00ba 3.693 PORTARIA N\u00ba 3.695 PORTARIA N\u00ba 3.696 PORTARIA&#8230;<\/p>\n<div class=\"more-link-wrapper\"><a class=\"more-link\" href=\"https:\/\/www.ufmg.br\/imprensa\/index.php\/portarias\/portarias-2020\/\">Continue reading<span class=\"screen-reader-text\">Portarias 2020<\/span><\/a><\/div>\n","protected":false},"author":1,"featured_media":0,"parent":2613,"menu_order":0,"comment_status":"closed","ping_status":"closed","template":"","meta":[],"_links":{"self":[{"href":"https:\/\/www.ufmg.br\/imprensa\/index.php\/wp-json\/wp\/v2\/pages\/3284"}],"collection":[{"href":"https:\/\/www.ufmg.br\/imprensa\/index.php\/wp-json\/wp\/v2\/pages"}],"about":[{"href":"https:\/\/www.ufmg.br\/imprensa\/index.php\/wp-json\/wp\/v2\/types\/page"}],"author":[{"embeddable":true,"href":"https:\/\/www.ufmg.br\/imprensa\/index.php\/wp-json\/wp\/v2\/users\/1"}],"replies":[{"embeddable":true,"href":"https:\/\/www.ufmg.br\/imprensa\/index.php\/wp-json\/wp\/v2\/comments?post=3284"}],"version-history":[{"count":11,"href":"https:\/\/www.ufmg.br\/imprensa\/index.php\/wp-json\/wp\/v2\/pages\/3284\/revisions"}],"predecessor-version":[{"id":3626,"href":"https:\/\/www.ufmg.br\/imprensa\/index.php\/wp-json\/wp\/v2\/pages\/3284\/revisions\/3626"}],"up":[{"embeddable":true,"href":"https:\/\/www.ufmg.br\/imprensa\/index.php\/wp-json\/wp\/v2\/pages\/2613"}],"wp:attachment":[{"href":"https:\/\/www.ufmg.br\/imprensa\/index.php\/wp-json\/wp\/v2\/media?parent=3284"}],"curies":[{"name":"wp","href":"https:\/\/api.w.org\/{rel}","templated":true}]}}