{"id":3383,"date":"2020-09-27T09:58:51","date_gmt":"2020-09-27T12:58:51","guid":{"rendered":"https:\/\/www.ufmg.br\/imprensa\/?page_id=3383"},"modified":"2020-09-27T10:21:36","modified_gmt":"2020-09-27T13:21:36","slug":"sistema-de-registro-de-precos-2020","status":"publish","type":"page","link":"https:\/\/www.ufmg.br\/imprensa\/index.php\/compras\/sistema-de-registro-de-precos\/sistema-de-registro-de-precos-2020\/","title":{"rendered":"Sistema de Registro de Pre\u00e7os 2020"},"content":{"rendered":"<p>[vc_row][vc_column][vc_column_text]<\/p>\r\n\r\n<p><span style=\"font-family: Times New Roman; font-size: large;\">EDITAL N\u00ba:\u00a0<\/span><span style=\"font-family: Times New Roman; font-size: large;\"><b>001\/2020<\/b><\/span><\/p>\r\n<p><span style=\"font-family: Times New Roman; font-size: large;\">OBJETO:\u00a0<\/span><span style=\"font-family: Times New Roman; font-size: large;\">aquisi\u00e7\u00e3o de servi\u00e7os gr\u00e1ficos de corte, vinco, aplica\u00e7\u00e3o de relevo seco, e acabamentos gr\u00e1ficos diversos, bem como aquisi\u00e7\u00e3o de facas para corte e vinco e clich\u00eas para relevo seco e hot stamping, destinados \u00e0 Imprensa Universit\u00e1ria da Universidade Federal de Minas Gerais\/UFMG<\/span><\/p>\r\n<p><span style=\"font-family: Times New Roman; font-size: large;\">VIG\u00caNCIA:\u00a0<\/span><span style=\"font-family: Times New Roman; font-size: large;\"><b>16\/03\/2020 a 16\/03\/2021<\/b><\/span><\/p>\r\n<p><a href=\"https:\/\/www.ufmg.br\/imprensa\/wp-content\/uploads\/2020\/09\/EDITAL-PREG\u00c3O-ELETR\u00d4NICO-SISTEMA-DE-REGISTRO-DE-PRE\u00c7OS-N\u00ba-01.2020.pdf\"><span style=\"color: #000000; font-family: Times New Roman; font-size: large;\"><u>EDITAL \u2013 PREG\u00c3O ELETR\u00d4NICO SRP N\u00ba 01.2020<\/u><\/span><\/a><\/p>\r\n<p><a href=\"https:\/\/www.ufmg.br\/imprensa\/wp-content\/uploads\/2020\/09\/ESTUDOS-PRELIMINARES-PREG\u00c3O-ELETR\u00d4NICO-SISTEMA-DE-REGISTRO-DE-PRE\u00c7OS-N\u00ba-01.2020.pdf\"><span style=\"color: #000000; font-family: Times New Roman; font-size: large;\"><u>ESTUDOS T\u00c9CNICOS PRELIMINARES \u2013 PREG\u00c3O ELETR\u00d4NICO SRP N\u00ba 01.2020<\/u><\/span><\/a><\/p>\r\n<p><a href=\"https:\/\/www.ufmg.br\/imprensa\/wp-content\/uploads\/2020\/09\/ANEXO-I-ESPECIFICA\u00c7\u00c3O-DO-OBJETO-PREG\u00c3O-SRP-N\u00ba-01.2020.pdf\"><span style=\"color: #000000; font-family: Times New Roman; font-size: large;\"><u>ANEXO I \u2013 ESPECIFICA\u00c7\u00c3O DO OBJETO \u2013 PREG\u00c3O SRP N\u00ba 01.2020<\/u><\/span><\/a><\/p>\r\n<p><a id=\"m_-4760426999006305208Body\" title=\"Body\" href=\"https:\/\/www.ufmg.br\/imprensa\/wp-content\/uploads\/2019\/12\/ANEXO-I-ESPECIFICA%C3%87%C3%83O-DO-OBJETO-PREG%C3%83O-SRP-N%C2%BA-03.2019-1.pdf\" target=\"_blank\" rel=\"noopener noreferrer\" data-saferedirecturl=\"https:\/\/www.google.com\/url?q=https:\/\/www.ufmg.br\/imprensa\/wp-content\/uploads\/2019\/12\/ANEXO-I-ESPECIFICA%25C3%2587%25C3%2583O-DO-OBJETO-PREG%25C3%2583O-SRP-N%25C2%25BA-03.2019-1.pdf&amp;source=gmail&amp;ust=1601294313160000&amp;usg=AFQjCNEnaHaQH17jX0V4AjV-_20yxpwIzw\"><\/a> <a href=\"https:\/\/www.ufmg.br\/imprensa\/wp-content\/uploads\/2020\/09\/ANEXO-II-TERMO-DE-REFER\u00caNCIA-PREG\u00c3O-ELETR\u00d4NICO-SISTEMA-DE-REGISTRO-DE-PRE\u00c7OS-N\u00ba-01.2020.pdf\"><span style=\"color: #000000; font-family: Times New Roman; font-size: large;\"><u>ANEXO II -TERMO DE REFER\u00caNCIA \u2013 PREG\u00c3O ELETR\u00d4NICO SRP N\u00ba 01.2020<\/u><\/span><\/a><\/p>\r\n<p><a id=\"m_-4760426999006305208Body\" title=\"Body\" href=\"https:\/\/www.ufmg.br\/imprensa\/wp-content\/uploads\/2019\/12\/ANEXO-II-TERMO-DE-REFER%C3%8ANCIA-PREG%C3%83O-ELETR%C3%94NICO-SRP-N%C2%BA-03.2019-1.pdf\" target=\"_blank\" rel=\"noopener noreferrer\" data-saferedirecturl=\"https:\/\/www.google.com\/url?q=https:\/\/www.ufmg.br\/imprensa\/wp-content\/uploads\/2019\/12\/ANEXO-II-TERMO-DE-REFER%25C3%258ANCIA-PREG%25C3%2583O-ELETR%25C3%2594NICO-SRP-N%25C2%25BA-03.2019-1.pdf&amp;source=gmail&amp;ust=1601294313160000&amp;usg=AFQjCNEx5-q-CeGKR5M5vzOgJcQF7ef5kg\"><\/a> <a href=\"https:\/\/www.ufmg.br\/imprensa\/wp-content\/uploads\/2020\/09\/ANEXO-III-ATA-DE-REGISTRO-DE-PRE\u00c7OS-PREG\u00c3O-ELETR\u00d4NICO-SISTEMA-DE-REGISTRO-DE-PRE\u00c7OS-N\u00ba-01.2020.pdf\"><span style=\"color: #000000; font-family: Times New Roman; font-size: large;\"><u>ANEXO III \u2013 ATA DE REGISTRO DE PRE\u00c7OS \u2013 PREG\u00c3O SRP N\u00ba 01.2020<\/u><\/span><\/a><\/p>\r\n<p><a id=\"m_-4760426999006305208Body\" title=\"Body\" href=\"https:\/\/www.ufmg.br\/imprensa\/wp-content\/uploads\/2019\/12\/ANEXO-IV-ATA-DE-REGISTRO-DE-PRE%C3%87OS-PREG%C3%83O-SRP-N%C2%BA-03.2019-1.pdf\" target=\"_blank\" rel=\"noopener noreferrer\" data-saferedirecturl=\"https:\/\/www.google.com\/url?q=https:\/\/www.ufmg.br\/imprensa\/wp-content\/uploads\/2019\/12\/ANEXO-IV-ATA-DE-REGISTRO-DE-PRE%25C3%2587OS-PREG%25C3%2583O-SRP-N%25C2%25BA-03.2019-1.pdf&amp;source=gmail&amp;ust=1601294313160000&amp;usg=AFQjCNFsILXYyXJsI49j32Y8UqVNRPHkDg\"><\/a> <a href=\"https:\/\/www.ufmg.br\/imprensa\/wp-content\/uploads\/2020\/09\/ANEXO-IV-DECLARA\u00c7\u00c3O-DE-SUSTENTABILIDADE-SOCIOAMBIENTAL-PREG\u00c3O-ELETR\u00d4NICO-SRP-N\u00ba-01.2020.pdf\"><span style=\"color: #000000; font-family: Times New Roman; font-size: large;\"><u>ANEXO IV \u2013 DECLARA\u00c7\u00c3O DE SUSTENTABILIDADE SOCIOAMBIENTAL \u2013 PREG\u00c3O SRP N\u00ba 01.2020<\/u><\/span><\/a><\/p>\r\n<p><a id=\"m_-4760426999006305208Body\" title=\"Body\" href=\"https:\/\/www.ufmg.br\/imprensa\/wp-content\/uploads\/2019\/12\/ANEXO-III-DECLARA%C3%87%C3%83O-DE-SUSTENTABILIDADE-SOCIOAMBIENTAL-PREG%C3%83O-SRP-N%C2%BA-03.2019-1.pdf\" target=\"_blank\" rel=\"noopener noreferrer\" data-saferedirecturl=\"https:\/\/www.google.com\/url?q=https:\/\/www.ufmg.br\/imprensa\/wp-content\/uploads\/2019\/12\/ANEXO-III-DECLARA%25C3%2587%25C3%2583O-DE-SUSTENTABILIDADE-SOCIOAMBIENTAL-PREG%25C3%2583O-SRP-N%25C2%25BA-03.2019-1.pdf&amp;source=gmail&amp;ust=1601294313160000&amp;usg=AFQjCNGM4x8IZDIon2hbk4UAc_jqmuDIDw\"><\/a> <a href=\"https:\/\/www.ufmg.br\/imprensa\/wp-content\/uploads\/2020\/09\/ANEXO-V-INSTRUMENTO-DE-MEDI\u00c7\u00c3O-DE-RESULTADO-IMR-PREG\u00c3O-ELETR\u00d4NICO-SISTEMA-DE-REGISTRO-DE-PRE\u00c7OS-N\u00ba-01.2020.pdf\"><span style=\"color: #000000; font-family: Times New Roman; font-size: large;\"><u>ANEXO V \u2013 INSTRUMENTO DE MEDI\u00c7\u00c3O DE RESULTADO \u2013 PREG\u00c3O SRP N\u00ba 01.2020<\/u><\/span><\/a><\/p>\r\n<p><a href=\"https:\/\/www.ufmg.br\/imprensa\/wp-content\/uploads\/2020\/09\/ANEXO-VI-DECLARA\u00c7\u00c3O-DE-INSTALA\u00c7\u00c3O-FUTURA-PREG\u00c3O-ELETR\u00d4NICO-SRP-N\u00ba-01.2020.pdf\"><span style=\"color: #000000; font-family: Times New Roman; font-size: large;\"><u>ANEXO VI \u2013 DECLARA\u00c7\u00c3O DE INSTALA\u00c7\u00c3O FUTURA \u2013 PREG\u00c3O SRP N\u00ba 01.2020<\/u><\/span><\/a><\/p>\r\n<p><a href=\"https:\/\/www.ufmg.br\/imprensa\/wp-content\/uploads\/2020\/09\/ATA_DE_REGISTRO_DE_PRECOS_N__01___ASSINADA-1.pdf\"><span style=\"color: #000000; font-family: Times New Roman; font-size: large;\"><u>ANEXO III \u2013 ATA DE REGISTRO DE PRE\u00c7OS N\u00ba 01\/2020 \u2013 PREG\u00c3O SRP N\u00ba 01.2020<\/u><\/span><\/a><\/p>\r\n<p><a href=\"https:\/\/www.ufmg.br\/imprensa\/wp-content\/uploads\/2020\/09\/ATA_DE_REGISTRO_DE_PRECOS_N__02___ASSINADA-1.pdf\"><span style=\"color: #000000; font-family: Times New Roman; font-size: large;\"><u>ANEXO III \u2013 ATA DE REGISTRO DE PRE\u00c7OS N\u00ba 02\/2020 \u2013 PREG\u00c3O SRP N\u00ba 01.2020<\/u><\/span><\/a><\/p>\r\n<p><a href=\"https:\/\/www.ufmg.br\/imprensa\/wp-content\/uploads\/2020\/09\/ATA_DE_REGISTRO_DE_PRECOS_N__03___ASSINADA-1.pdf\"><span style=\"color: #000000; font-family: Times New Roman; font-size: large;\"><u>ANEXO III \u2013 ATA DE REGISTRO DE PRE\u00c7OS N\u00ba 03\/2020 \u2013 PREG\u00c3O SRP N\u00ba 01.2020<\/u><\/span><\/a><\/p>\r\n<p><a href=\"https:\/\/www.ufmg.br\/imprensa\/wp-content\/uploads\/2020\/09\/ATA_DE_REGISTRO_DE_PRECOS_N__04___ASSINADA-1.pdf\"><span style=\"color: #000000; font-family: Times New Roman; font-size: large;\"><u>ANEXO III \u2013 ATA DE REGISTRO DE PRE\u00c7OS N\u00ba 04\/2020 \u2013 PREG\u00c3O SRP N\u00ba 01.2020<\/u><\/span><\/a><\/p>\r\n<p><a href=\"https:\/\/www.ufmg.br\/imprensa\/wp-content\/uploads\/2020\/09\/ATA_DE_REGISTRO_DE_PRECOS_N__05___ASSINADA-1.pdf\"><span style=\"color: #000000; font-family: Times New Roman; font-size: large;\"><u>ANEXO III \u2013 ATA DE REGISTRO DE PRE\u00c7OS N\u00ba 05\/2020 \u2013 PREG\u00c3O SRP N\u00ba 01.2020<\/u><\/span><\/a> [\/vc_column_text][\/vc_column][\/vc_row][vc_row][vc_column][vc_separator color=&#8221;black&#8221;][\/vc_column][\/vc_row][vc_row][vc_column][vc_column_text] <a href=\"https:\/\/www.ufmg.br\/imprensa\/index.php\/compras\/\">Volte para Compras<\/a> [\/vc_column_text][\/vc_column][\/vc_row]<\/p>","protected":false},"excerpt":{"rendered":"<p>[vc_row][vc_column][vc_column_text] EDITAL N\u00ba:\u00a0001\/2020 OBJETO:\u00a0aquisi\u00e7\u00e3o de servi\u00e7os gr\u00e1ficos de corte, vinco, aplica\u00e7\u00e3o de relevo seco, e acabamentos gr\u00e1ficos diversos, bem como aquisi\u00e7\u00e3o de facas para corte&#8230;<\/p>\n<div class=\"more-link-wrapper\"><a class=\"more-link\" href=\"https:\/\/www.ufmg.br\/imprensa\/index.php\/compras\/sistema-de-registro-de-precos\/sistema-de-registro-de-precos-2020\/\">Continue reading<span class=\"screen-reader-text\">Sistema de Registro de Pre\u00e7os 2020<\/span><\/a><\/div>\n","protected":false},"author":1,"featured_media":0,"parent":2530,"menu_order":0,"comment_status":"closed","ping_status":"closed","template":"","meta":[],"_links":{"self":[{"href":"https:\/\/www.ufmg.br\/imprensa\/index.php\/wp-json\/wp\/v2\/pages\/3383"}],"collection":[{"href":"https:\/\/www.ufmg.br\/imprensa\/index.php\/wp-json\/wp\/v2\/pages"}],"about":[{"href":"https:\/\/www.ufmg.br\/imprensa\/index.php\/wp-json\/wp\/v2\/types\/page"}],"author":[{"embeddable":true,"href":"https:\/\/www.ufmg.br\/imprensa\/index.php\/wp-json\/wp\/v2\/users\/1"}],"replies":[{"embeddable":true,"href":"https:\/\/www.ufmg.br\/imprensa\/index.php\/wp-json\/wp\/v2\/comments?post=3383"}],"version-history":[{"count":7,"href":"https:\/\/www.ufmg.br\/imprensa\/index.php\/wp-json\/wp\/v2\/pages\/3383\/revisions"}],"predecessor-version":[{"id":3386,"href":"https:\/\/www.ufmg.br\/imprensa\/index.php\/wp-json\/wp\/v2\/pages\/3383\/revisions\/3386"}],"up":[{"embeddable":true,"href":"https:\/\/www.ufmg.br\/imprensa\/index.php\/wp-json\/wp\/v2\/pages\/2530"}],"wp:attachment":[{"href":"https:\/\/www.ufmg.br\/imprensa\/index.php\/wp-json\/wp\/v2\/media?parent=3383"}],"curies":[{"name":"wp","href":"https:\/\/api.w.org\/{rel}","templated":true}]}}