{"id":3440,"date":"2021-02-05T08:45:04","date_gmt":"2021-02-05T10:45:04","guid":{"rendered":"https:\/\/www.ufmg.br\/imprensa\/?page_id=3440"},"modified":"2021-12-16T12:32:21","modified_gmt":"2021-12-16T14:32:21","slug":"portarias-2021","status":"publish","type":"page","link":"https:\/\/www.ufmg.br\/imprensa\/index.php\/portarias\/portarias-2021\/","title":{"rendered":"Portarias 2021"},"content":{"rendered":"<p>[vc_row][vc_column][vc_column_text]<a href=\"https:\/\/www.ufmg.br\/imprensa\/wp-content\/uploads\/2021\/02\/PORTARIA-N\u00ba-858.2021.pdf\">PORTARIA N\u00ba 858\/2021<\/a><\/p>\r\n<p><a href=\"https:\/\/www.ufmg.br\/imprensa\/wp-content\/uploads\/2021\/02\/PORTARIA-N\u00ba-980.2021.pdf\">PORTARIA N\u00ba 980\/2021<\/a><\/p>\r\n<p><a href=\"https:\/\/www.ufmg.br\/imprensa\/wp-content\/uploads\/2021\/04\/PORTARIA-N\u00ba-2250-2021.pdf\">PORTARIA N\u00ba 2250\/2021<\/a><\/p>\r\n<p><a href=\"https:\/\/www.ufmg.br\/imprensa\/wp-content\/uploads\/2021\/04\/PORTARIA-N\u00ba-2524-2021.pdf\">PORTARIA N\u00ba 2524\/2021<\/a><\/p>\r\n<p><a href=\"https:\/\/www.ufmg.br\/imprensa\/wp-content\/uploads\/2021\/04\/PORTARIA-N\u00ba-2661-2021.pdf\">PORTARIA N\u00ba 2661\/2021<\/a><\/p>\r\n<p><a href=\"https:\/\/www.ufmg.br\/imprensa\/wp-content\/uploads\/2021\/04\/PORTARIA-N\u00ba-2662-2021.pdf\">PORTARIA N\u00ba 2662\/2021<\/a><\/p>\r\n<p><a href=\"https:\/\/www.ufmg.br\/imprensa\/wp-content\/uploads\/2021\/05\/PORTARIA-No-3523.2021.pdf\">PORTARIA N\u00ba 3523\/2021<\/a><\/p>\r\n<p><a href=\"https:\/\/www.ufmg.br\/imprensa\/wp-content\/uploads\/2021\/07\/PORTARIA-No-5073.2021.pdf\">PORTARIA N\u00ba 5073\/2021<\/a><\/p>\r\n<p><a href=\"https:\/\/www.ufmg.br\/imprensa\/wp-content\/uploads\/2021\/08\/SEI_UFMG-0880878-Portaria-nomecao-servicos-de-correios.pdf\">PORTARIA N\u00ba 5699\/2021<\/a><\/p>\r\n<p><a href=\"https:\/\/www.ufmg.br\/imprensa\/wp-content\/uploads\/2021\/08\/PORTARIA-No-6.175.2021.pdf\">PORTARIA N\u00ba 6175\/2021<\/a><\/p>\r\n<p><a href=\"https:\/\/www.ufmg.br\/imprensa\/wp-content\/uploads\/2021\/09\/PORTARIA-No-6.617.2021.pdf\">PORTARIA N\u00ba 6617\/2021<\/a><\/p>\r\n<p><a href=\"https:\/\/www.ufmg.br\/imprensa\/wp-content\/uploads\/2021\/09\/PORTARIA-No-6.531.2021.pdf\">PORTARIA N\u00ba 6531\/2021<\/a><\/p>\r\n<p><a href=\"https:\/\/www.ufmg.br\/imprensa\/wp-content\/uploads\/2021\/09\/PORTARIA-No-6.532.2021.pdf\">PORTARIA N\u00ba 6532\/2021<\/a><\/p>\r\n<p><a href=\"https:\/\/www.ufmg.br\/imprensa\/wp-content\/uploads\/2021\/09\/PORTARIA-No-6.833.2021.pdf\">PORTARIA N\u00ba 6833\/2021<\/a><\/p>\r\n<p><a href=\"https:\/\/www.ufmg.br\/imprensa\/wp-content\/uploads\/2021\/10\/PORTARIA-No-7070.2021.pdf\">PORTARIA N\u00ba 7070.2021<\/a><\/p>\r\n<p><a href=\"https:\/\/www.ufmg.br\/imprensa\/wp-content\/uploads\/2021\/10\/PORTARIA-No-7071.2021.pdf\">PORTARIA N\u00ba 7071.2021<\/a><\/p>\r\n<p><a href=\"https:\/\/www.ufmg.br\/imprensa\/wp-content\/uploads\/2021\/11\/PORTARIA-No-7673-.-2021.pdf\">PORTARIA N\u00ba 7673\/2021<\/a><\/p>\r\n<p><a href=\"https:\/\/www.ufmg.br\/imprensa\/wp-content\/uploads\/2021\/11\/PORTARIA-7732-.-2021.pdf\">PORTARIA N\u00ba 7732\/2021<\/a><\/p>\r\n<p><a href=\"https:\/\/www.ufmg.br\/imprensa\/wp-content\/uploads\/2021\/11\/PORTARIA-No-8.254-2021.pdf\">PORTARIA N\u00ba 8254\/2021<\/a><\/p>\r\n<p><a href=\"https:\/\/www.ufmg.br\/imprensa\/wp-content\/uploads\/2021\/12\/PORTARIA-No-8373.2021.pdf\">PORTARIA N\u00ba 8373\/2021<\/a><\/p>\r\n<p><a href=\"https:\/\/www.ufmg.br\/imprensa\/wp-content\/uploads\/2021\/12\/PORTARIA-8.562.2021.pdf\">PORTARIA N\u00ba 8562\/2021<\/a><\/p>\r\n<p><a href=\"https:\/\/www.ufmg.br\/imprensa\/wp-content\/uploads\/2021\/12\/PORTARIA-8.578.2021.pdf\">PORTARIA N\u00ba 8578\/2021<\/a><\/p>\r\n<p><a href=\"https:\/\/www.ufmg.br\/imprensa\/wp-content\/uploads\/2021\/12\/SEI_UFMG-1146732-Portaria8769.pdf\">PORTARIA N\u00ba 8769\/2021<\/a><\/p>\r\n<p><a href=\"https:\/\/www.ufmg.br\/imprensa\/index.php\/transparencia\/\">Volte para a se\u00e7\u00e3o Transpar\u00eancia<\/a><\/p>\r\n\r\n<p>[\/vc_column_text][\/vc_column][\/vc_row] \u00a0<\/p>","protected":false},"excerpt":{"rendered":"<p>[vc_row][vc_column][vc_column_text]PORTARIA N\u00ba 858\/2021 PORTARIA N\u00ba 980\/2021 PORTARIA N\u00ba 2250\/2021 PORTARIA N\u00ba 2524\/2021 PORTARIA N\u00ba 2661\/2021 PORTARIA N\u00ba 2662\/2021 PORTARIA N\u00ba 3523\/2021 PORTARIA N\u00ba 5073\/2021 PORTARIA&#8230;<\/p>\n<div class=\"more-link-wrapper\"><a class=\"more-link\" href=\"https:\/\/www.ufmg.br\/imprensa\/index.php\/portarias\/portarias-2021\/\">Continue reading<span class=\"screen-reader-text\">Portarias 2021<\/span><\/a><\/div>\n","protected":false},"author":1,"featured_media":0,"parent":2613,"menu_order":0,"comment_status":"closed","ping_status":"closed","template":"","meta":[],"_links":{"self":[{"href":"https:\/\/www.ufmg.br\/imprensa\/index.php\/wp-json\/wp\/v2\/pages\/3440"}],"collection":[{"href":"https:\/\/www.ufmg.br\/imprensa\/index.php\/wp-json\/wp\/v2\/pages"}],"about":[{"href":"https:\/\/www.ufmg.br\/imprensa\/index.php\/wp-json\/wp\/v2\/types\/page"}],"author":[{"embeddable":true,"href":"https:\/\/www.ufmg.br\/imprensa\/index.php\/wp-json\/wp\/v2\/users\/1"}],"replies":[{"embeddable":true,"href":"https:\/\/www.ufmg.br\/imprensa\/index.php\/wp-json\/wp\/v2\/comments?post=3440"}],"version-history":[{"count":22,"href":"https:\/\/www.ufmg.br\/imprensa\/index.php\/wp-json\/wp\/v2\/pages\/3440\/revisions"}],"predecessor-version":[{"id":3870,"href":"https:\/\/www.ufmg.br\/imprensa\/index.php\/wp-json\/wp\/v2\/pages\/3440\/revisions\/3870"}],"up":[{"embeddable":true,"href":"https:\/\/www.ufmg.br\/imprensa\/index.php\/wp-json\/wp\/v2\/pages\/2613"}],"wp:attachment":[{"href":"https:\/\/www.ufmg.br\/imprensa\/index.php\/wp-json\/wp\/v2\/media?parent=3440"}],"curies":[{"name":"wp","href":"https:\/\/api.w.org\/{rel}","templated":true}]}}