{"id":3745,"date":"2022-02-22T16:00:09","date_gmt":"2022-02-22T19:00:09","guid":{"rendered":"https:\/\/www.ufmg.br\/imprensa\/?page_id=3745"},"modified":"2023-01-26T11:24:34","modified_gmt":"2023-01-26T14:24:34","slug":"portarias-2022","status":"publish","type":"page","link":"https:\/\/www.ufmg.br\/imprensa\/index.php\/portarias\/portarias-2022\/","title":{"rendered":"Portarias 2022"},"content":{"rendered":"<p>[vc_row][vc_column][vc_column_text]<\/p>\r\n<p><a href=\"https:\/\/www.ufmg.br\/imprensa\/wp-content\/uploads\/2023\/01\/PORTARIA-No-7077.2022.pdf\">PORTARIA N\u00ba 7077.2022<\/a><\/p>\r\n<p><a href=\"https:\/\/www.ufmg.br\/imprensa\/wp-content\/uploads\/2023\/01\/PORTARIA-No-7075.2022.pdf\">PORTARIA N\u00ba 7075.2022<\/a><\/p>\r\n<p><a href=\"https:\/\/www.ufmg.br\/imprensa\/wp-content\/uploads\/2022\/08\/PORTARIA-No-6.093.2022.pdf\">PORTARIA N\u00ba 6.093.2022<\/a><\/p>\r\n<p><a href=\"https:\/\/www.ufmg.br\/imprensa\/wp-content\/uploads\/2022\/08\/PORTARIA-No-6.092.2022.pdf\">PORTARIA N\u00ba 6.092.2022<\/a><\/p>\r\n<p><a href=\"https:\/\/www.ufmg.br\/imprensa\/wp-content\/uploads\/2022\/06\/PORTARIA-4892.2022-FISCAL.pdf\">PORTARIA N\u00ba 4892\/2022<\/a><\/p>\r\n<p><a href=\"https:\/\/www.ufmg.br\/imprensa\/wp-content\/uploads\/2022\/06\/PORTARIA-4889.2022-EQUIPE.pdf\">PORTARIA N\u00ba 4889\/2022<\/a><\/p>\r\n<p><a href=\"https:\/\/www.ufmg.br\/imprensa\/wp-content\/uploads\/2022\/06\/PORTARIA-No-4830.2022.pdf\">PORTARIA N\u00ba 4830\/2022<\/a><\/p>\r\n<p><a href=\"https:\/\/www.ufmg.br\/imprensa\/wp-content\/uploads\/2022\/06\/PORTARIA-No-4800.2022.pdf\">PORTARIA N\u00ba 4800\/2022<\/a><\/p>\r\n<p><a href=\"https:\/\/www.ufmg.br\/imprensa\/wp-content\/uploads\/2022\/06\/PORTARIA-No-4.333.2022-EQUIPE-PLANEJAMENTO-INSUMOS-GRAFICOS.pdf\">PORTARIA N\u00ba 4333\/2022<\/a><br \/><br \/><a href=\"https:\/\/www.ufmg.br\/imprensa\/wp-content\/uploads\/2022\/04\/PORTARIA-2412.2022.pdf\">PORTARIA N\u00ba 4212\/2022<\/a><br \/><br \/><a href=\"https:\/\/www.ufmg.br\/imprensa\/wp-content\/uploads\/2022\/03\/PORTARIA-No-2088.2022.pdf\">PORTARIA N\u00ba 2088\/2022<\/a><br \/><br \/><a href=\"https:\/\/www.ufmg.br\/imprensa\/wp-content\/uploads\/2022\/03\/PORTARIA-1972.2022.pdf\">PORTARIA N\u00ba 1972\/2022<\/a><br \/><br \/><a href=\"https:\/\/www.ufmg.br\/imprensa\/wp-content\/uploads\/2022\/03\/PORTARIA-No-1721.2022.pdf\">PORTARIA N\u00ba 1721\/2022<\/a><br \/><br \/><a href=\"https:\/\/www.ufmg.br\/imprensa\/wp-content\/uploads\/2022\/03\/PORTARIA-No-1674.2022.pdf\">PORTARIA N\u00ba 1674\/2022<\/a><br \/><br \/><a href=\"https:\/\/www.ufmg.br\/imprensa\/wp-content\/uploads\/2022\/03\/PORTARIA-No-1542.2022.pdf\">PORTARIA N\u00ba 1542\/2022<\/a><br \/><br \/><a href=\"https:\/\/www.ufmg.br\/imprensa\/wp-content\/uploads\/2022\/02\/PORTARIA-No-973.2022.pdf\">PORTARIA N\u00ba\u00a0 \u00a0973\/2022<\/a><br \/><br \/><a href=\"https:\/\/www.ufmg.br\/imprensa\/wp-content\/uploads\/2022\/02\/PORTARIA-No-955.2022.pdf\">PORTARIA N\u00ba\u00a0 \u00a0955\/2022<\/a><\/p>\r\n<p><a href=\"https:\/\/www.ufmg.br\/imprensa\/index.php\/transparencia\/\">Volte para a se\u00e7\u00e3o Transpar\u00eancia<\/a><\/p>\r\n\r\n<p>[\/vc_column_text][\/vc_column][\/vc_row]<\/p>","protected":false},"excerpt":{"rendered":"<p>[vc_row][vc_column][vc_column_text] PORTARIA N\u00ba 7077.2022 PORTARIA N\u00ba 7075.2022 PORTARIA N\u00ba 6.093.2022 PORTARIA N\u00ba 6.092.2022 PORTARIA N\u00ba 4892\/2022 PORTARIA N\u00ba 4889\/2022 PORTARIA N\u00ba 4830\/2022 PORTARIA N\u00ba 4800\/2022&#8230;<\/p>\n<div class=\"more-link-wrapper\"><a class=\"more-link\" href=\"https:\/\/www.ufmg.br\/imprensa\/index.php\/portarias\/portarias-2022\/\">Continue reading<span class=\"screen-reader-text\">Portarias 2022<\/span><\/a><\/div>\n","protected":false},"author":1,"featured_media":0,"parent":2613,"menu_order":0,"comment_status":"closed","ping_status":"closed","template":"","meta":[],"_links":{"self":[{"href":"https:\/\/www.ufmg.br\/imprensa\/index.php\/wp-json\/wp\/v2\/pages\/3745"}],"collection":[{"href":"https:\/\/www.ufmg.br\/imprensa\/index.php\/wp-json\/wp\/v2\/pages"}],"about":[{"href":"https:\/\/www.ufmg.br\/imprensa\/index.php\/wp-json\/wp\/v2\/types\/page"}],"author":[{"embeddable":true,"href":"https:\/\/www.ufmg.br\/imprensa\/index.php\/wp-json\/wp\/v2\/users\/1"}],"replies":[{"embeddable":true,"href":"https:\/\/www.ufmg.br\/imprensa\/index.php\/wp-json\/wp\/v2\/comments?post=3745"}],"version-history":[{"count":18,"href":"https:\/\/www.ufmg.br\/imprensa\/index.php\/wp-json\/wp\/v2\/pages\/3745\/revisions"}],"predecessor-version":[{"id":3912,"href":"https:\/\/www.ufmg.br\/imprensa\/index.php\/wp-json\/wp\/v2\/pages\/3745\/revisions\/3912"}],"up":[{"embeddable":true,"href":"https:\/\/www.ufmg.br\/imprensa\/index.php\/wp-json\/wp\/v2\/pages\/2613"}],"wp:attachment":[{"href":"https:\/\/www.ufmg.br\/imprensa\/index.php\/wp-json\/wp\/v2\/media?parent=3745"}],"curies":[{"name":"wp","href":"https:\/\/api.w.org\/{rel}","templated":true}]}}