{"id":3915,"date":"2023-01-26T11:29:59","date_gmt":"2023-01-26T14:29:59","guid":{"rendered":"https:\/\/www.ufmg.br\/imprensa\/?page_id=3915"},"modified":"2025-01-17T08:50:52","modified_gmt":"2025-01-17T11:50:52","slug":"portarias-2023","status":"publish","type":"page","link":"https:\/\/www.ufmg.br\/imprensa\/index.php\/portarias\/portarias-2023\/","title":{"rendered":"Portarias 2023"},"content":{"rendered":"<p>[vc_row][vc_column][vc_column_text]<\/p>\r\n<p><a href=\"https:\/\/www.ufmg.br\/imprensa\/wp-content\/uploads\/2025\/01\/SEI_UFMG-2744865-Portaria.pdf\">PORTARIA N\u00ba 9691<\/a><\/p>\r\n<p><a href=\"https:\/\/www.ufmg.br\/imprensa\/wp-content\/uploads\/2025\/01\/SEI_UFMG-2130331-Portaria-1926.pdf\">PORTARIA N\u00ba 1926<\/a><\/p>\r\n<p><a href=\"https:\/\/www.ufmg.br\/imprensa\/wp-content\/uploads\/2023\/12\/PORTARIA-10903.2023.pdf\">PORTARIA N\u00ba 10903.2023<\/a><\/p>\r\n<p><a href=\"https:\/\/www.ufmg.br\/imprensa\/wp-content\/uploads\/2023\/12\/PORTARIA-10510.2023.pdf\">PORTARIA N\u00ba 10510.2023<\/a><\/p>\r\n<p><a href=\"https:\/\/www.ufmg.br\/imprensa\/wp-content\/uploads\/2023\/11\/PORTARIA-No-9885.2023.pdf\">PORTARIA N\u00ba 9885.2023<\/a><\/p>\r\n<p><a href=\"https:\/\/www.ufmg.br\/imprensa\/wp-content\/uploads\/2023\/11\/PORTARIA-No-9863.2023.pdf\">PORTARIA N\u00ba 9863.2023<\/a><\/p>\r\n<p><a href=\"https:\/\/www.ufmg.br\/imprensa\/wp-content\/uploads\/2023\/07\/PORTARIA-No-5579.2023.pdf\">PORTARIA N\u00ba 5579.2023<\/a><\/p>\r\n<p><a href=\"https:\/\/www.ufmg.br\/imprensa\/wp-content\/uploads\/2023\/05\/PORTARIA-No-4345.2023.pdf\">PORTARIA N\u00ba 4345.2023<\/a><\/p>\r\n<p><a href=\"https:\/\/www.ufmg.br\/imprensa\/wp-content\/uploads\/2023\/04\/SEI_UFMG-2235470-Portaria.pdf\">PORTARIA N\u00ba 3347.2023<\/a><\/p>\r\n<p><a href=\"https:\/\/www.ufmg.br\/imprensa\/wp-content\/uploads\/2023\/05\/PORTARIA-No-3140.2023.pdf\">PORTARIA N\u00ba 3140.2023<\/a><\/p>\r\n<p><a href=\"https:\/\/www.ufmg.br\/imprensa\/wp-content\/uploads\/2023\/01\/PORTARIA-No-342.2023.pdf\">PORTARIA N\u00ba 342.2023<\/a><\/p>\r\n<p><a href=\"https:\/\/www.ufmg.br\/imprensa\/wp-content\/uploads\/2023\/01\/PORTARIA-No-329.2023.pdf\">PORTARIA N\u00ba 329.2023<\/a><\/p>\r\n<p><a href=\"https:\/\/www.ufmg.br\/imprensa\/index.php\/transparencia\/\">Volte para a se\u00e7\u00e3o Transpar\u00eancia<\/a><\/p>\r\n\r\n<p>[\/vc_column_text][\/vc_column][\/vc_row]<\/p>","protected":false},"excerpt":{"rendered":"<p>[vc_row][vc_column][vc_column_text] PORTARIA N\u00ba 9691 PORTARIA N\u00ba 1926 PORTARIA N\u00ba 10903.2023 PORTARIA N\u00ba 10510.2023 PORTARIA N\u00ba 9885.2023 PORTARIA N\u00ba 9863.2023 PORTARIA N\u00ba 5579.2023 PORTARIA N\u00ba 4345.2023&#8230;<\/p>\n<div class=\"more-link-wrapper\"><a class=\"more-link\" href=\"https:\/\/www.ufmg.br\/imprensa\/index.php\/portarias\/portarias-2023\/\">Continue reading<span class=\"screen-reader-text\">Portarias 2023<\/span><\/a><\/div>\n","protected":false},"author":1,"featured_media":0,"parent":2613,"menu_order":0,"comment_status":"closed","ping_status":"closed","template":"","meta":[],"_links":{"self":[{"href":"https:\/\/www.ufmg.br\/imprensa\/index.php\/wp-json\/wp\/v2\/pages\/3915"}],"collection":[{"href":"https:\/\/www.ufmg.br\/imprensa\/index.php\/wp-json\/wp\/v2\/pages"}],"about":[{"href":"https:\/\/www.ufmg.br\/imprensa\/index.php\/wp-json\/wp\/v2\/types\/page"}],"author":[{"embeddable":true,"href":"https:\/\/www.ufmg.br\/imprensa\/index.php\/wp-json\/wp\/v2\/users\/1"}],"replies":[{"embeddable":true,"href":"https:\/\/www.ufmg.br\/imprensa\/index.php\/wp-json\/wp\/v2\/comments?post=3915"}],"version-history":[{"count":10,"href":"https:\/\/www.ufmg.br\/imprensa\/index.php\/wp-json\/wp\/v2\/pages\/3915\/revisions"}],"predecessor-version":[{"id":4162,"href":"https:\/\/www.ufmg.br\/imprensa\/index.php\/wp-json\/wp\/v2\/pages\/3915\/revisions\/4162"}],"up":[{"embeddable":true,"href":"https:\/\/www.ufmg.br\/imprensa\/index.php\/wp-json\/wp\/v2\/pages\/2613"}],"wp:attachment":[{"href":"https:\/\/www.ufmg.br\/imprensa\/index.php\/wp-json\/wp\/v2\/media?parent=3915"}],"curies":[{"name":"wp","href":"https:\/\/api.w.org\/{rel}","templated":true}]}}