{"id":4036,"date":"2023-12-18T10:45:24","date_gmt":"2023-12-18T12:45:24","guid":{"rendered":"https:\/\/www.ufmg.br\/imprensa\/?page_id=4036"},"modified":"2026-01-12T10:56:32","modified_gmt":"2026-01-12T13:56:32","slug":"editais-2023","status":"publish","type":"page","link":"https:\/\/www.ufmg.br\/imprensa\/index.php\/compras\/contratos\/editais-encerrados-2019\/editais-2023\/","title":{"rendered":"Editais 2023"},"content":{"rendered":"<p>[vc_row][vc_column][vc_column_text]<\/p>\n<p>EDITAL N\u00ba: 44\/2023<br \/>\nOBJETO: Contrata\u00e7\u00e3o de presta\u00e7\u00e3o de servi\u00e7os de manuten\u00e7\u00e3o preventiva e corretiva em equipamentos gr\u00e1ficos diversos pertencentes \u00e0 Imprensa Universit\u00e1ria da UFMG &#8211; UASG 153262, com fornecimento de pe\u00e7as, componentes e materiais de consumo, sob demanda,\u00a0conforme condi\u00e7\u00f5es, quantidades e exig\u00eancias estabelecidas neste Edital e seus anexos.<\/p>\n<p>DATA DE ABERTURA: 11\u00a0de janeiro\u00a0de 2024 &#8211; Hor\u00e1rio: 09h00min<\/p>\n<p><a href=\"https:\/\/www.ufmg.br\/imprensa\/wp-content\/uploads\/2026\/01\/EDITAL-PREGAO-2023.pdf\">EDITAL<\/a><\/p>\n<p><a href=\"https:\/\/www.ufmg.br\/imprensa\/wp-content\/uploads\/2026\/01\/TERMO-DE-REFERENCIA-PREGAO-2023.pdf\">TERMO DE REFER\u00caNCIA &#8211; PREG\u00c3O 2023<\/a><\/p>\n<p><a href=\"https:\/\/www.ufmg.br\/imprensa\/wp-content\/uploads\/2026\/01\/ANEXOS-DO-TERMO-DE-REFERENCIA-PREGAO-2023.pdf\">ANEXOS DO TERMO DE REFER\u00caNCIA &#8211; PREG\u00c3O 2023<\/a><\/p>\n<p><strong>RESULTADO DA LICITA\u00c7\u00c3O:<\/strong><\/p>\n<p><a href=\"https:\/\/www.ufmg.br\/imprensa\/wp-content\/uploads\/2026\/01\/ATA-DE-REALIZACAO-DO-PREGAO-ELETRONICO-44.2023.pdf\">ATA DE REALIZA\u00c7\u00c3O DO PREG\u00c3O<\/a><\/p>\n<p><a href=\"https:\/\/www.ufmg.br\/imprensa\/wp-content\/uploads\/2026\/01\/TERMO-DE-ADJUDICACAO-DO-PREGAO-ELETRONICO-44.2023.pdf\">TERMO DE ADJUDICA\u00c7\u00c3O<\/a><\/p>\n<p><a href=\"https:\/\/www.ufmg.br\/imprensa\/wp-content\/uploads\/2026\/01\/TERMO-DE-HOMOLOGACAO-DO-PREGAO-ELETRONICO-44.2023.pdf\">TERMO DE HOMOLOGA\u00c7\u00c3O<\/a><\/p>\n<p>[vc_row][vc_column][vc_column_text]<\/p>\n<p>EDITAL N\u00ba: 29\/2023<\/p>\n<p>OBJETO: contrata\u00e7\u00e3o de presta\u00e7\u00e3o de servi\u00e7os de manuten\u00e7\u00e3o preventiva e corretiva em equipamentos gr\u00e1ficos diversos pertencentes \u00e0 Imprensa Universit\u00e1ria da UFMG &#8211; UASG 153262, com fornecimento de pe\u00e7as, componentes e materiais de consumo, sob demanda, conforme condi\u00e7\u00f5es, quantidades e exig\u00eancias estabelecidas neste Edital e seus anexos.<\/p>\n<p>DATA DE ABERTURA: 06\/12\/2023 &#8211; hor\u00e1rio: 09h<\/p>\n<p><a href=\"https:\/\/www.ufmg.br\/imprensa\/wp-content\/uploads\/2023\/12\/EDITAL-1.pdf\">EDITAL<\/a><\/p>\n<p><a href=\"https:\/\/www.ufmg.br\/imprensa\/wp-content\/uploads\/2023\/12\/ESTUDO-TECNICO-PRELIMINAR-10.2023.pdf\">ESTUDO T\u00c9CNICO PRELIMINAR 10.2023<\/a><\/p>\n<p><a href=\"https:\/\/www.ufmg.br\/imprensa\/wp-content\/uploads\/2023\/12\/TERMO-DE-REFERENCIA-1.pdf\">TERMO DE REFER\u00caNCIA<\/a><\/p>\n<p>[\/vc_column_text][\/vc_column][\/vc_row][vc_row][vc_column][vc_separator][\/vc_column][\/vc_row][vc_row][vc_column][vc_column_text]<a href=\"https:\/\/www.ufmg.br\/imprensa\/index.php\/compras\/contratos\/editais-encerrados-2019\/\">Volte para Editais Encerrados<\/a>[\/vc_column_text][\/vc_column][\/vc_row]<\/p>\n","protected":false},"excerpt":{"rendered":"<p>[vc_row][vc_column][vc_column_text] EDITAL N\u00ba: 44\/2023 OBJETO: Contrata\u00e7\u00e3o de presta\u00e7\u00e3o de servi\u00e7os de manuten\u00e7\u00e3o preventiva e corretiva em equipamentos gr\u00e1ficos diversos pertencentes \u00e0 Imprensa Universit\u00e1ria da UFMG&#8230;<\/p>\n<div class=\"more-link-wrapper\"><a class=\"more-link\" href=\"https:\/\/www.ufmg.br\/imprensa\/index.php\/compras\/contratos\/editais-encerrados-2019\/editais-2023\/\">Continue reading<span class=\"screen-reader-text\">Editais 2023<\/span><\/a><\/div>\n","protected":false},"author":1,"featured_media":0,"parent":3040,"menu_order":0,"comment_status":"closed","ping_status":"closed","template":"","meta":[],"_links":{"self":[{"href":"https:\/\/www.ufmg.br\/imprensa\/index.php\/wp-json\/wp\/v2\/pages\/4036"}],"collection":[{"href":"https:\/\/www.ufmg.br\/imprensa\/index.php\/wp-json\/wp\/v2\/pages"}],"about":[{"href":"https:\/\/www.ufmg.br\/imprensa\/index.php\/wp-json\/wp\/v2\/types\/page"}],"author":[{"embeddable":true,"href":"https:\/\/www.ufmg.br\/imprensa\/index.php\/wp-json\/wp\/v2\/users\/1"}],"replies":[{"embeddable":true,"href":"https:\/\/www.ufmg.br\/imprensa\/index.php\/wp-json\/wp\/v2\/comments?post=4036"}],"version-history":[{"count":5,"href":"https:\/\/www.ufmg.br\/imprensa\/index.php\/wp-json\/wp\/v2\/pages\/4036\/revisions"}],"predecessor-version":[{"id":4038,"href":"https:\/\/www.ufmg.br\/imprensa\/index.php\/wp-json\/wp\/v2\/pages\/4036\/revisions\/4038"}],"up":[{"embeddable":true,"href":"https:\/\/www.ufmg.br\/imprensa\/index.php\/wp-json\/wp\/v2\/pages\/3040"}],"wp:attachment":[{"href":"https:\/\/www.ufmg.br\/imprensa\/index.php\/wp-json\/wp\/v2\/media?parent=4036"}],"curies":[{"name":"wp","href":"https:\/\/api.w.org\/{rel}","templated":true}]}}