{"id":4072,"date":"2024-01-26T14:58:37","date_gmt":"2024-01-26T16:58:37","guid":{"rendered":"https:\/\/www.ufmg.br\/imprensa\/?page_id=4072"},"modified":"2024-01-26T15:03:04","modified_gmt":"2024-01-26T17:03:04","slug":"sistema-de-registro-de-precos-2024","status":"publish","type":"page","link":"https:\/\/www.ufmg.br\/imprensa\/index.php\/compras\/sistema-de-registro-de-precos\/sistema-de-registro-de-precos-2024\/","title":{"rendered":"Sistema de Registro de Pre\u00e7os 2024"},"content":{"rendered":"<p>[vc_row][vc_column][vc_column_text]<\/p>\r\n\r\n<p>EDITAL N\u00ba: 041\/2023<\/p>\r\n<p>OBJETO: Contrata\u00e7\u00e3o de servi\u00e7os gr\u00e1ficos diversos, incluindo fornecimento de facas para corte e vinco e clich\u00eas para hot stamping e relevo seco<\/p>\r\n<p>VIG\u00caNCIA: 26\/01\/2024 a 26\/01\/2025<\/p>\r\n<p><a href=\"https:\/\/www.ufmg.br\/imprensa\/wp-content\/uploads\/2024\/01\/EDITAL-PE-SERV.-GRAFICOS.pdf\"><span style=\"font-family: sans-serif; font-size: medium;\">EDITAL \u2013 PREG\u00c3O ELETR\u00d4NICO SRP N\u00ba 041\/2023<\/span><\/a><br \/><br \/><a href=\"https:\/\/www.ufmg.br\/imprensa\/wp-content\/uploads\/2024\/01\/ESTUDO-TECNICO-PRELIMINAR-No-16.2023.pdf\"><span style=\"font-family: sans-serif; font-size: medium;\">ESTUDO T\u00c9CNICO PRELIMINAR N\u00ba 16\/2023<\/span><\/a><br \/><br \/><a href=\"https:\/\/www.ufmg.br\/imprensa\/wp-content\/uploads\/2024\/01\/TERMO-DE-REFERENCIA.pdf\"><span style=\"font-family: sans-serif; font-size: medium;\">TERMO DE REFER\u00caNCIA \u2013 PREG\u00c3O ELETR\u00d4NICO SRP N\u00ba 41\/2023<\/span><\/a><br \/><br \/><a href=\"https:\/\/www.ufmg.br\/imprensa\/wp-content\/uploads\/2024\/01\/ATA-DE-REGISTRO-DE-PRECOS.pdf\"><span style=\"font-family: sans-serif; font-size: medium;\">ATA DE REGISTRO DE PRE\u00c7OS N\u00ba\u00a0<\/span><span style=\"font-family: Calibri; font-size: large;\">2023ARP041-001<\/span><span style=\"font-family: serif; font-size: large;\">\u00a0<\/span><\/a><\/p>\r\n<p>[\/vc_column_text][\/vc_column][\/vc_row][vc_row][vc_column][vc_separator color=&#8221;black&#8221;][\/vc_column][\/vc_row][vc_row][vc_column][vc_column_text] <a href=\"https:\/\/www.ufmg.br\/imprensa\/index.php\/compras\/\">Volte para Compras<\/a> [\/vc_column_text][\/vc_column][\/vc_row]<\/p>","protected":false},"excerpt":{"rendered":"<p>[vc_row][vc_column][vc_column_text] EDITAL N\u00ba: 041\/2023 OBJETO: Contrata\u00e7\u00e3o de servi\u00e7os gr\u00e1ficos diversos, incluindo fornecimento de facas para corte e vinco e clich\u00eas para hot stamping e relevo&#8230;<\/p>\n<div class=\"more-link-wrapper\"><a class=\"more-link\" href=\"https:\/\/www.ufmg.br\/imprensa\/index.php\/compras\/sistema-de-registro-de-precos\/sistema-de-registro-de-precos-2024\/\">Continue reading<span class=\"screen-reader-text\">Sistema de Registro de Pre\u00e7os 2024<\/span><\/a><\/div>\n","protected":false},"author":1,"featured_media":0,"parent":2530,"menu_order":0,"comment_status":"closed","ping_status":"closed","template":"","meta":[],"_links":{"self":[{"href":"https:\/\/www.ufmg.br\/imprensa\/index.php\/wp-json\/wp\/v2\/pages\/4072"}],"collection":[{"href":"https:\/\/www.ufmg.br\/imprensa\/index.php\/wp-json\/wp\/v2\/pages"}],"about":[{"href":"https:\/\/www.ufmg.br\/imprensa\/index.php\/wp-json\/wp\/v2\/types\/page"}],"author":[{"embeddable":true,"href":"https:\/\/www.ufmg.br\/imprensa\/index.php\/wp-json\/wp\/v2\/users\/1"}],"replies":[{"embeddable":true,"href":"https:\/\/www.ufmg.br\/imprensa\/index.php\/wp-json\/wp\/v2\/comments?post=4072"}],"version-history":[{"count":3,"href":"https:\/\/www.ufmg.br\/imprensa\/index.php\/wp-json\/wp\/v2\/pages\/4072\/revisions"}],"predecessor-version":[{"id":4082,"href":"https:\/\/www.ufmg.br\/imprensa\/index.php\/wp-json\/wp\/v2\/pages\/4072\/revisions\/4082"}],"up":[{"embeddable":true,"href":"https:\/\/www.ufmg.br\/imprensa\/index.php\/wp-json\/wp\/v2\/pages\/2530"}],"wp:attachment":[{"href":"https:\/\/www.ufmg.br\/imprensa\/index.php\/wp-json\/wp\/v2\/media?parent=4072"}],"curies":[{"name":"wp","href":"https:\/\/api.w.org\/{rel}","templated":true}]}}