{"id":4144,"date":"2025-01-17T08:37:37","date_gmt":"2025-01-17T11:37:37","guid":{"rendered":"https:\/\/www.ufmg.br\/imprensa\/?page_id=4144"},"modified":"2026-02-19T08:44:11","modified_gmt":"2026-02-19T11:44:11","slug":"portarias-2025","status":"publish","type":"page","link":"https:\/\/www.ufmg.br\/imprensa\/index.php\/portarias\/portarias-2025\/","title":{"rendered":"Portarias 2025"},"content":{"rendered":"<p>[vc_row][vc_column][vc_column_text]<\/p>\r\n<p><a href=\"https:\/\/www.ufmg.br\/imprensa\/wp-content\/uploads\/2025\/10\/SEI_4659968_Portaria_10479-Instituicao-da-Comissao-do-Plad-2026.pdf\">PORTARIA 10479<\/a><\/p>\r\n<p><a href=\"https:\/\/www.ufmg.br\/imprensa\/wp-content\/uploads\/2025\/10\/SEI_4647388_Portaria_10378-Portaria-Indicacao-de-Comissao-Inventariante.pdf\">PORTARIA 10378<\/a><\/p>\r\n<p><a href=\"https:\/\/www.ufmg.br\/imprensa\/wp-content\/uploads\/2025\/08\/PORTARIA-4227.pdf\">PORTARIA N\u00ba 4227<\/a><\/p>\r\n<p><a href=\"https:\/\/www.ufmg.br\/imprensa\/wp-content\/uploads\/2025\/08\/PORTARIA-4225.pdf\">PORTARIA N\u00ba 4225<\/a><\/p>\r\n<p><a href=\"https:\/\/www.ufmg.br\/imprensa\/wp-content\/uploads\/2025\/08\/PORTARIA-2660.pdf\">PORTARIA N\u00ba 2660<\/a><\/p>\r\n<p><a href=\"https:\/\/www.ufmg.br\/imprensa\/wp-content\/uploads\/2025\/08\/PORTARIA-2659.pdf\">PORTARIA N\u00ba 2659<\/a><\/p>\r\n<p><a href=\"https:\/\/www.ufmg.br\/imprensa\/wp-content\/uploads\/2025\/08\/PORTARIA-1514.pdf\">PORTARIA N\u00ba 1514<\/a><\/p>\r\n<p><a href=\"https:\/\/www.ufmg.br\/imprensa\/wp-content\/uploads\/2025\/08\/PORTARIA-1459.pdf\">PORTARIA N\u00ba 1459<\/a><\/p>\r\n<p><a href=\"https:\/\/www.ufmg.br\/imprensa\/wp-content\/uploads\/2025\/06\/SEI_UFMG-4220527-Portaria-Indicacao-fiscalizacao-setorial.pdf\">PORTARIA N\u00ba 4638<\/a><\/p>\r\n<p><a href=\"https:\/\/www.ufmg.br\/imprensa\/wp-content\/uploads\/2025\/06\/SEI_UFMG-4145922-Portaria-Consecao-de-ADS-Joaquim-Januario-Cornelio.pdf\">PORTARIA N\u00ba 3456<\/a><\/p>\r\n<p><a href=\"https:\/\/www.ufmg.br\/imprensa\/wp-content\/uploads\/2025\/01\/SEI_3862450_Portaria_66-Remanejamento-Thales-Cornelio.pdf\">PORTARIA N\u00ba 66 <\/a><\/p>\r\n<p><a href=\"https:\/\/www.ufmg.br\/imprensa\/index.php\/transparencia\/\">Volte para a se\u00e7\u00e3o Transpar\u00eancia<\/a><\/p>\r\n\r\n<p>[\/vc_column_text][\/vc_column][\/vc_row]<\/p>","protected":false},"excerpt":{"rendered":"<p>[vc_row][vc_column][vc_column_text] PORTARIA 10479 PORTARIA 10378 PORTARIA N\u00ba 4227 PORTARIA N\u00ba 4225 PORTARIA N\u00ba 2660 PORTARIA N\u00ba 2659 PORTARIA N\u00ba 1514 PORTARIA N\u00ba 1459 PORTARIA N\u00ba&#8230;<\/p>\n<div class=\"more-link-wrapper\"><a class=\"more-link\" href=\"https:\/\/www.ufmg.br\/imprensa\/index.php\/portarias\/portarias-2025\/\">Continue reading<span class=\"screen-reader-text\">Portarias 2025<\/span><\/a><\/div>\n","protected":false},"author":1,"featured_media":0,"parent":2613,"menu_order":0,"comment_status":"closed","ping_status":"closed","template":"","meta":[],"_links":{"self":[{"href":"https:\/\/www.ufmg.br\/imprensa\/index.php\/wp-json\/wp\/v2\/pages\/4144"}],"collection":[{"href":"https:\/\/www.ufmg.br\/imprensa\/index.php\/wp-json\/wp\/v2\/pages"}],"about":[{"href":"https:\/\/www.ufmg.br\/imprensa\/index.php\/wp-json\/wp\/v2\/types\/page"}],"author":[{"embeddable":true,"href":"https:\/\/www.ufmg.br\/imprensa\/index.php\/wp-json\/wp\/v2\/users\/1"}],"replies":[{"embeddable":true,"href":"https:\/\/www.ufmg.br\/imprensa\/index.php\/wp-json\/wp\/v2\/comments?post=4144"}],"version-history":[{"count":9,"href":"https:\/\/www.ufmg.br\/imprensa\/index.php\/wp-json\/wp\/v2\/pages\/4144\/revisions"}],"predecessor-version":[{"id":4211,"href":"https:\/\/www.ufmg.br\/imprensa\/index.php\/wp-json\/wp\/v2\/pages\/4144\/revisions\/4211"}],"up":[{"embeddable":true,"href":"https:\/\/www.ufmg.br\/imprensa\/index.php\/wp-json\/wp\/v2\/pages\/2613"}],"wp:attachment":[{"href":"https:\/\/www.ufmg.br\/imprensa\/index.php\/wp-json\/wp\/v2\/media?parent=4144"}],"curies":[{"name":"wp","href":"https:\/\/api.w.org\/{rel}","templated":true}]}}