{"id":4232,"date":"2025-10-28T14:30:59","date_gmt":"2025-10-28T17:30:59","guid":{"rendered":"https:\/\/www.ufmg.br\/imprensa\/?page_id=4232"},"modified":"2025-12-12T12:38:47","modified_gmt":"2025-12-12T15:38:47","slug":"plano-anual-de-desenvolvimento-dos-tae-ufmg-plad","status":"publish","type":"page","link":"https:\/\/www.ufmg.br\/imprensa\/index.php\/plano-anual-de-desenvolvimento-dos-tae-ufmg-plad\/","title":{"rendered":"Plano Anual de Desenvolvimento dos TAE UFMG (PLAD)"},"content":{"rendered":"<p>[vc_row][vc_column][vc_column_text]<\/p>\n<p>A Comiss\u00e3o Interna do Plano Anual de Desenvolvimento (PLAD) da Imprensa Universit\u00e1ria da UFMG torna p\u00fablico, no \u00e2mbito desta Unidade, a realiza\u00e7\u00e3o de Processo Seletivo para classifica\u00e7\u00e3o de servidores t\u00e9cnico administrativos em educa\u00e7\u00e3o (TAE), interessados na concess\u00e3o de afastamento para participa\u00e7\u00e3o em Programa de P\u00f3s-Gradua\u00e7\u00e3o <em>stricto sensu<\/em> ou na participa\u00e7\u00e3o de A\u00e7\u00e3o de Desenvolvimento em Servi\u00e7o (ADS).<\/p>\n<p>&nbsp;<\/p>\n<p><a href=\"https:\/\/www.youtube.com\/watch?v=4hYosovBDNU\"><b>Link para acesso a palestra sobre a Resolu\u00e7\u00e3o Complementar N\u00ba 1 \/2023.<\/b><\/a><\/p>\n<p><a href=\"https:\/\/www.ufmg.br\/imprensa\/wp-content\/uploads\/2025\/12\/Resultado_final_-_Classificacao_assinado.pdf\">RESULTADO FINAL DOS TAEs CLASSIFICADOS NO PROCESSO SELETIVO PARA A\u00c7\u00d5ES DE<br \/>\nDESENVOLVIMENTO NA IMPRENSA UNIVERSIT\u00c1RIA EM 2026<\/a><\/p>\n<p><a href=\"https:\/\/www.ufmg.br\/imprensa\/index.php\/plad-2026\/\">PLAD 2026<\/a><\/p>\n<p>[\/vc_column_text][\/vc_column][\/vc_row]<\/p>\n","protected":false},"excerpt":{"rendered":"<p>[vc_row][vc_column][vc_column_text] A Comiss\u00e3o Interna do Plano Anual de Desenvolvimento (PLAD) da Imprensa Universit\u00e1ria da UFMG torna p\u00fablico, no \u00e2mbito desta Unidade, a realiza\u00e7\u00e3o de Processo&#8230;<\/p>\n<div class=\"more-link-wrapper\"><a class=\"more-link\" href=\"https:\/\/www.ufmg.br\/imprensa\/index.php\/plano-anual-de-desenvolvimento-dos-tae-ufmg-plad\/\">Continue reading<span class=\"screen-reader-text\">Plano Anual de Desenvolvimento dos TAE UFMG (PLAD)<\/span><\/a><\/div>\n","protected":false},"author":1,"featured_media":0,"parent":0,"menu_order":0,"comment_status":"closed","ping_status":"closed","template":"","meta":[],"_links":{"self":[{"href":"https:\/\/www.ufmg.br\/imprensa\/index.php\/wp-json\/wp\/v2\/pages\/4232"}],"collection":[{"href":"https:\/\/www.ufmg.br\/imprensa\/index.php\/wp-json\/wp\/v2\/pages"}],"about":[{"href":"https:\/\/www.ufmg.br\/imprensa\/index.php\/wp-json\/wp\/v2\/types\/page"}],"author":[{"embeddable":true,"href":"https:\/\/www.ufmg.br\/imprensa\/index.php\/wp-json\/wp\/v2\/users\/1"}],"replies":[{"embeddable":true,"href":"https:\/\/www.ufmg.br\/imprensa\/index.php\/wp-json\/wp\/v2\/comments?post=4232"}],"version-history":[{"count":8,"href":"https:\/\/www.ufmg.br\/imprensa\/index.php\/wp-json\/wp\/v2\/pages\/4232\/revisions"}],"predecessor-version":[{"id":4250,"href":"https:\/\/www.ufmg.br\/imprensa\/index.php\/wp-json\/wp\/v2\/pages\/4232\/revisions\/4250"}],"wp:attachment":[{"href":"https:\/\/www.ufmg.br\/imprensa\/index.php\/wp-json\/wp\/v2\/media?parent=4232"}],"curies":[{"name":"wp","href":"https:\/\/api.w.org\/{rel}","templated":true}]}}