{"id":4242,"date":"2025-10-28T15:01:02","date_gmt":"2025-10-28T18:01:02","guid":{"rendered":"https:\/\/www.ufmg.br\/imprensa\/?page_id=4242"},"modified":"2025-11-19T20:00:33","modified_gmt":"2025-11-19T23:00:33","slug":"plad-2026","status":"publish","type":"page","link":"https:\/\/www.ufmg.br\/imprensa\/index.php\/plad-2026\/","title":{"rendered":"PLAD 2026"},"content":{"rendered":"<p>[vc_row][vc_column][vc_column_text]<\/p>\n<p><span style=\"font-family: Calibri; font-size: medium;\">A Imprensa Universit\u00e1ria, em cumprimento \u00e0 Resolu\u00e7\u00e3o N\u00ba 01\/2023, de 27 de abril de 2023, aprovada pelo Conselho Universit\u00e1rio, divulga, no \u00e2mbito da Imprensa Universit\u00e1ria, o Edital N\u00ba XX de 10\/2025, que trata da abertura das inscri\u00e7\u00f5es para participa\u00e7\u00e3o em Processo Seletivo pelos servidores TAEs efetivos interessados em desenvolver-se, no ano de 2026, nas seguintes modalidades: \u00a0 \u00a0 \u00a0 \u00a0 \u00a0<\/span><\/p>\n<p><span style=\"font-family: Calibri; font-size: medium;\">\u00a0\u06f0<\/span><span style=\"font-family: Calibri; font-size: medium;\"><b>A\u00e7\u00e3o de Desenvolvimento em Servi\u00e7o (carga hor\u00e1ria m\u00ednima 180H), \u00a0 \u00a0 \u00a0 \u00a0 \u00a0 \u00a0 \u00a0 \u00a0 \u00a0 \u00a0 \u00a0 \u00a0 \u00a0 \u00a0 \u00a0 \u00a0 \u00a0 \u00a0 \u00a0 \u00a0 \u00a0 \u00a0 \u00a0 \u00a0 \u00a0 \u00a0<\/b><\/span><\/p>\n<p><span style=\"font-family: Calibri; font-size: medium;\"><b>\u00a0\u06f0Mestrado, \u00a0 \u00a0 \u00a0 \u00a0 \u00a0 \u00a0 \u00a0 \u00a0 \u00a0 \u00a0 \u00a0 \u00a0 \u00a0 \u00a0 \u00a0 \u00a0 \u00a0 \u00a0 \u00a0 \u00a0 \u00a0 \u00a0 \u00a0 \u00a0 \u00a0 \u00a0 \u00a0 \u00a0 \u00a0 \u00a0 \u00a0 \u00a0 \u00a0 \u00a0 \u00a0 \u00a0 \u00a0 \u00a0 \u00a0 \u00a0 \u00a0 \u00a0 \u00a0 \u00a0 \u00a0 \u00a0<\/b><\/span><\/p>\n<p><span style=\"font-family: Calibri; font-size: medium;\"><b>\u00a0\u06f0Doutorado e \u00a0 \u00a0 \u00a0 \u00a0 \u00a0 \u00a0 \u00a0 \u00a0 \u00a0 \u00a0 \u00a0 \u00a0 \u00a0 \u00a0 \u00a0 \u00a0 \u00a0 \u00a0 \u00a0 \u00a0 \u00a0 \u00a0 \u00a0 \u00a0 \u00a0 \u00a0 \u00a0 \u00a0 \u00a0 \u00a0 \u00a0 \u00a0 \u00a0 \u00a0 \u00a0 \u00a0 \u00a0 \u00a0 \u00a0 \u00a0 \u00a0 \u00a0 \u00a0 \u00a0 \u00a0 \u00a0 \u00a0 \u00a0 \u00a0<\/b><\/span><\/p>\n<p><span style=\"font-family: Calibri; font-size: medium;\"><b>\u00a0\u06f0P\u00f3s-Doutorado.<\/b><\/span><\/p>\n<p><span style=\"font-family: Calibri; font-size: medium;\">Os afastamentos para tais a\u00e7\u00f5es est\u00e3o\u00a0<\/span><span style=\"font-family: Calibri; font-size: medium;\"><b>condicionados \u00e0 participa\u00e7\u00e3o e aprova\u00e7\u00e3o no processo seletivo<\/b><\/span><span style=\"font-family: Calibri; font-size: medium;\">.<\/span><br \/>\n<span style=\"font-family: Calibri; font-size: medium;\">Solicitamos a leitura atenta do presente edital e demais normas relacionadas, nelas V.Sas. ter\u00e3o acesso a informa\u00e7\u00f5es relevantes como por exemplo as responsabilidades dos participantes, al\u00e9m disso pedimos a observ\u00e2ncia rigorosa dos prazos estabelecidos no presente edital.<\/span><\/p>\n<p><a href=\"https:\/\/www.ufmg.br\/imprensa\/wp-content\/uploads\/2025\/11\/Inscricoes_Deferidas-Final.pdf\">INSCRI\u00c7\u00d5ES DEFERIDAS<\/a><\/p>\n<p><a href=\"https:\/\/www.ufmg.br\/imprensa\/wp-content\/uploads\/2025\/10\/EDITAL_N01_2025.pdf\">EDITAL<\/a><\/p>\n<p><a href=\"https:\/\/www.ufmg.br\/imprensa\/wp-content\/uploads\/2025\/10\/FORMULARIO-DE-INSCRICAO.pdf\">FORMUL\u00c1RIO DE INSCRI\u00c7\u00c3O<\/a><\/p>\n<p>[\/vc_column_text][\/vc_column][\/vc_row]<\/p>\n","protected":false},"excerpt":{"rendered":"<p>[vc_row][vc_column][vc_column_text] A Imprensa Universit\u00e1ria, em cumprimento \u00e0 Resolu\u00e7\u00e3o N\u00ba 01\/2023, de 27 de abril de 2023, aprovada pelo Conselho Universit\u00e1rio, divulga, no \u00e2mbito da Imprensa&#8230;<\/p>\n<div class=\"more-link-wrapper\"><a class=\"more-link\" href=\"https:\/\/www.ufmg.br\/imprensa\/index.php\/plad-2026\/\">Continue reading<span class=\"screen-reader-text\">PLAD 2026<\/span><\/a><\/div>\n","protected":false},"author":1,"featured_media":0,"parent":0,"menu_order":0,"comment_status":"closed","ping_status":"closed","template":"","meta":[],"_links":{"self":[{"href":"https:\/\/www.ufmg.br\/imprensa\/index.php\/wp-json\/wp\/v2\/pages\/4242"}],"collection":[{"href":"https:\/\/www.ufmg.br\/imprensa\/index.php\/wp-json\/wp\/v2\/pages"}],"about":[{"href":"https:\/\/www.ufmg.br\/imprensa\/index.php\/wp-json\/wp\/v2\/types\/page"}],"author":[{"embeddable":true,"href":"https:\/\/www.ufmg.br\/imprensa\/index.php\/wp-json\/wp\/v2\/users\/1"}],"replies":[{"embeddable":true,"href":"https:\/\/www.ufmg.br\/imprensa\/index.php\/wp-json\/wp\/v2\/comments?post=4242"}],"version-history":[{"count":5,"href":"https:\/\/www.ufmg.br\/imprensa\/index.php\/wp-json\/wp\/v2\/pages\/4242\/revisions"}],"predecessor-version":[{"id":4260,"href":"https:\/\/www.ufmg.br\/imprensa\/index.php\/wp-json\/wp\/v2\/pages\/4242\/revisions\/4260"}],"wp:attachment":[{"href":"https:\/\/www.ufmg.br\/imprensa\/index.php\/wp-json\/wp\/v2\/media?parent=4242"}],"curies":[{"name":"wp","href":"https:\/\/api.w.org\/{rel}","templated":true}]}}