{"id":4284,"date":"2026-01-12T11:05:51","date_gmt":"2026-01-12T14:05:51","guid":{"rendered":"https:\/\/www.ufmg.br\/imprensa\/?page_id=4284"},"modified":"2026-04-17T17:04:45","modified_gmt":"2026-04-17T20:04:45","slug":"portarias-2026","status":"publish","type":"page","link":"https:\/\/www.ufmg.br\/imprensa\/index.php\/portarias\/portarias-2026\/","title":{"rendered":"Portarias 2026"},"content":{"rendered":"<p>[vc_row][vc_column][vc_column_text]<a href=\"https:\/\/www.ufmg.br\/imprensa\/wp-content\/uploads\/2026\/04\/SEI_5114798_Portaria_3688-Indicacao-de-Agentes-PDG.pdf\">PORTARIA 3688<\/a><\/p>\r\n<p><a href=\"https:\/\/www.ufmg.br\/imprensa\/wp-content\/uploads\/2026\/03\/SEI_5026460_Portaria_2217-Designacao-Fiscal-Setorial-Servico-Correios.pdf\">PORTARIA 2217<\/a><\/p>\r\n<p><a href=\"https:\/\/www.ufmg.br\/imprensa\/wp-content\/uploads\/2026\/02\/SEI_4955157_Portaria_1429-Autorizacao-ADS-Cristine-Goncalves-de-Souza.pdf\">PORTARIA 1429<\/a><\/p>\r\n<p><a href=\"https:\/\/www.ufmg.br\/imprensa\/wp-content\/uploads\/2026\/02\/SEI_4940296_Portaria_1221-Autorizacao-ADS-Alexandro-Gomes.pdf\">PORTARIA 1221<\/a><\/p>\r\n<p><a href=\"https:\/\/www.ufmg.br\/imprensa\/wp-content\/uploads\/2026\/01\/SEI_4906159_Portaria_786-Indicacao-da-Comissao-de-Desfazimento-de-Bens-Patrimoniados..pdf\">PORTARIA 786<\/a><\/p>\r\n<p><a href=\"https:\/\/www.ufmg.br\/imprensa\/wp-content\/uploads\/2026\/01\/SEI_4868235_Portaria_212-Indicacao-de-Alan-Patricio-p-Guarda-Patrimonial.pdf\">PORTARIA 212<\/a><\/p>\r\n<p>&nbsp;<\/p>\r\n<p><a href=\"https:\/\/www.ufmg.br\/imprensa\/index.php\/transparencia\/\">Volte para a se\u00e7\u00e3o Transpar\u00eancia<\/a><\/p>\r\n\r\n<p>[\/vc_column_text][\/vc_column][\/vc_row]<\/p>","protected":false},"excerpt":{"rendered":"<p>[vc_row][vc_column][vc_column_text]PORTARIA 3688 PORTARIA 2217 PORTARIA 1429 PORTARIA 1221 PORTARIA 786 PORTARIA 212 &nbsp; Volte para a se\u00e7\u00e3o Transpar\u00eancia [\/vc_column_text][\/vc_column][\/vc_row]<\/p>\n","protected":false},"author":1,"featured_media":0,"parent":2613,"menu_order":0,"comment_status":"closed","ping_status":"closed","template":"","meta":[],"_links":{"self":[{"href":"https:\/\/www.ufmg.br\/imprensa\/index.php\/wp-json\/wp\/v2\/pages\/4284"}],"collection":[{"href":"https:\/\/www.ufmg.br\/imprensa\/index.php\/wp-json\/wp\/v2\/pages"}],"about":[{"href":"https:\/\/www.ufmg.br\/imprensa\/index.php\/wp-json\/wp\/v2\/types\/page"}],"author":[{"embeddable":true,"href":"https:\/\/www.ufmg.br\/imprensa\/index.php\/wp-json\/wp\/v2\/users\/1"}],"replies":[{"embeddable":true,"href":"https:\/\/www.ufmg.br\/imprensa\/index.php\/wp-json\/wp\/v2\/comments?post=4284"}],"version-history":[{"count":8,"href":"https:\/\/www.ufmg.br\/imprensa\/index.php\/wp-json\/wp\/v2\/pages\/4284\/revisions"}],"predecessor-version":[{"id":4328,"href":"https:\/\/www.ufmg.br\/imprensa\/index.php\/wp-json\/wp\/v2\/pages\/4284\/revisions\/4328"}],"up":[{"embeddable":true,"href":"https:\/\/www.ufmg.br\/imprensa\/index.php\/wp-json\/wp\/v2\/pages\/2613"}],"wp:attachment":[{"href":"https:\/\/www.ufmg.br\/imprensa\/index.php\/wp-json\/wp\/v2\/media?parent=4284"}],"curies":[{"name":"wp","href":"https:\/\/api.w.org\/{rel}","templated":true}]}}