{"id":111,"date":"2024-08-02T12:26:15","date_gmt":"2024-08-02T15:26:15","guid":{"rendered":"https:\/\/www.ufmg.br\/inovalab\/?page_id=111"},"modified":"2024-12-09T14:48:08","modified_gmt":"2024-12-09T17:48:08","slug":"contato","status":"publish","type":"page","link":"https:\/\/www.ufmg.br\/inovalab\/contato\/","title":{"rendered":"Contato"},"content":{"rendered":"\n<p><strong>Equipe de Incuba\u00e7\u00e3o<\/strong><\/p>\n\n\n\n<p>Tel: (31) 3409-6799<\/p>\n\n\n\n<p><a href=\"mailto:inova-incubacao@ctit.ufmg.br\">inova-incubacao@ctit.ufmg.br<\/a><\/p>\n\n\n\n<p><strong>Ger\u00eancia&nbsp;<\/strong><\/p>\n\n\n\n<p>Tel: (31) 3409-5689 \/ 6784<\/p>\n\n\n\n<p><a href=\"mailto:inova@ctit.ufmg.br\">inova@ctit.ufmg.br<\/a><\/p>\n\n\n\n<p><\/p>\n\n\n\n<p><\/p>\n\n\n\n<h2 class=\"wp-block-heading\">Endere\u00e7o<\/h2>\n\n\n\n<p><\/p>\n\n\n\n<p>Av. Pres. Ant\u00f4nio Carlos, \u00a06627 | 2\u00b0 andar &#8211; CPDEE\/INOVA Campus Pampulha &#8211; UFMG | cep: 31270-901<\/p>\n\n\n\n<p><\/p>\n","protected":false},"excerpt":{"rendered":"<p>Equipe de Incuba\u00e7\u00e3o Tel: (31) 3409-6799 inova-incubacao@ctit.ufmg.br Ger\u00eancia&nbsp; Tel: (31) 3409-5689 \/ 6784 inova@ctit.ufmg.br Endere\u00e7o Av. Pres. Ant\u00f4nio Carlos, \u00a06627 | 2\u00b0 andar &#8211; CPDEE\/INOVA Campus Pampulha &#8211; UFMG | cep: 31270-901<\/p>\n","protected":false},"author":1,"featured_media":0,"parent":0,"menu_order":0,"comment_status":"closed","ping_status":"closed","template":"","meta":{"_acf_changed":false,"footnotes":""},"class_list":["post-111","page","type-page","status-publish","hentry"],"acf":[],"_links":{"self":[{"href":"https:\/\/www.ufmg.br\/inovalab\/wp-json\/wp\/v2\/pages\/111"}],"collection":[{"href":"https:\/\/www.ufmg.br\/inovalab\/wp-json\/wp\/v2\/pages"}],"about":[{"href":"https:\/\/www.ufmg.br\/inovalab\/wp-json\/wp\/v2\/types\/page"}],"author":[{"embeddable":true,"href":"https:\/\/www.ufmg.br\/inovalab\/wp-json\/wp\/v2\/users\/1"}],"replies":[{"embeddable":true,"href":"https:\/\/www.ufmg.br\/inovalab\/wp-json\/wp\/v2\/comments?post=111"}],"version-history":[{"count":5,"href":"https:\/\/www.ufmg.br\/inovalab\/wp-json\/wp\/v2\/pages\/111\/revisions"}],"predecessor-version":[{"id":524,"href":"https:\/\/www.ufmg.br\/inovalab\/wp-json\/wp\/v2\/pages\/111\/revisions\/524"}],"wp:attachment":[{"href":"https:\/\/www.ufmg.br\/inovalab\/wp-json\/wp\/v2\/media?parent=111"}],"curies":[{"name":"wp","href":"https:\/\/api.w.org\/{rel}","templated":true}]}}