{"id":205,"date":"2024-11-28T16:02:33","date_gmt":"2024-11-28T19:02:33","guid":{"rendered":"https:\/\/www.ufmg.br\/inovalab\/?page_id=205"},"modified":"2024-12-11T14:44:25","modified_gmt":"2024-12-11T17:44:25","slug":"ciclo-1","status":"publish","type":"page","link":"https:\/\/www.ufmg.br\/inovalab\/ciclo-1\/","title":{"rendered":"FluOne"},"content":{"rendered":"<div class=\"wp-block-image\">\n<figure class=\"aligncenter size-large is-resized\"><img loading=\"lazy\" decoding=\"async\" width=\"1024\" height=\"576\" src=\"https:\/\/www.ufmg.br\/inovalab\/wp-content\/uploads\/2024\/12\/Design-sem-nome-7-1-1024x576.png\" alt=\"\" class=\"wp-image-572\" style=\"width:485px;height:auto\" srcset=\"https:\/\/www.ufmg.br\/inovalab\/wp-content\/uploads\/2024\/12\/Design-sem-nome-7-1-1024x576.png 1024w, https:\/\/www.ufmg.br\/inovalab\/wp-content\/uploads\/2024\/12\/Design-sem-nome-7-1-300x169.png 300w, https:\/\/www.ufmg.br\/inovalab\/wp-content\/uploads\/2024\/12\/Design-sem-nome-7-1-768x432.png 768w, https:\/\/www.ufmg.br\/inovalab\/wp-content\/uploads\/2024\/12\/Design-sem-nome-7-1-1536x864.png 1536w, https:\/\/www.ufmg.br\/inovalab\/wp-content\/uploads\/2024\/12\/Design-sem-nome-7-1.png 1920w\" sizes=\"(max-width: 1024px) 100vw, 1024px\" \/><\/figure><\/div>\n\n\n<p>Pesquisa inovadora dedicada \u00e0 pesquisa e ao desenvolvimento na \u00e1rea de sa\u00fade global. A proposta visa desenvolver uma plataforma de monitoramento de variantes de influenza su\u00edna e avi\u00e1ria, visando \u00e0 detec\u00e7\u00e3o precoce de potenciais influenzas pand\u00eamicas. Complementando nossa abordagem, nosso foco ser\u00e1 a cria\u00e7\u00e3o de v\u00edrus recombinantes e desenvolver uma metodologia avan\u00e7ada para seu crescimento em c\u00e9lulas como alternativa sustent\u00e1vel ao m\u00e9todo tradicional em ovos.  A pesquisa \u00e9 conduzida pelo <a href=\"http:\/\/lattes.cnpq.br\/9148354106985023\">Professor Dr Ricardo Gazzinelli <\/a> e da pesquisadora <a href=\"http:\/\/lattes.cnpq.br\/6743833984348604\">Bianca Beirigo de Oliveira <\/a><\/p>\n\n\n\n<p><\/p>\n\n\n\n<p><\/p>\n","protected":false},"excerpt":{"rendered":"<p>Pesquisa inovadora dedicada \u00e0 pesquisa e ao desenvolvimento na \u00e1rea de sa\u00fade global. A proposta visa desenvolver uma plataforma de monitoramento de variantes de influenza su\u00edna e avi\u00e1ria, visando \u00e0 detec\u00e7\u00e3o precoce de potenciais influenzas pand\u00eamicas. Complementando nossa abordagem, nosso foco ser\u00e1 a cria\u00e7\u00e3o de v\u00edrus recombinantes e desenvolver uma metodologia avan\u00e7ada para seu crescimento [&hellip;]<\/p>\n","protected":false},"author":3,"featured_media":0,"parent":0,"menu_order":0,"comment_status":"closed","ping_status":"closed","template":"","meta":{"_acf_changed":false,"footnotes":""},"class_list":["post-205","page","type-page","status-publish","hentry"],"acf":[],"_links":{"self":[{"href":"https:\/\/www.ufmg.br\/inovalab\/wp-json\/wp\/v2\/pages\/205"}],"collection":[{"href":"https:\/\/www.ufmg.br\/inovalab\/wp-json\/wp\/v2\/pages"}],"about":[{"href":"https:\/\/www.ufmg.br\/inovalab\/wp-json\/wp\/v2\/types\/page"}],"author":[{"embeddable":true,"href":"https:\/\/www.ufmg.br\/inovalab\/wp-json\/wp\/v2\/users\/3"}],"replies":[{"embeddable":true,"href":"https:\/\/www.ufmg.br\/inovalab\/wp-json\/wp\/v2\/comments?post=205"}],"version-history":[{"count":9,"href":"https:\/\/www.ufmg.br\/inovalab\/wp-json\/wp\/v2\/pages\/205\/revisions"}],"predecessor-version":[{"id":659,"href":"https:\/\/www.ufmg.br\/inovalab\/wp-json\/wp\/v2\/pages\/205\/revisions\/659"}],"wp:attachment":[{"href":"https:\/\/www.ufmg.br\/inovalab\/wp-json\/wp\/v2\/media?parent=205"}],"curies":[{"name":"wp","href":"https:\/\/api.w.org\/{rel}","templated":true}]}}