{"id":235,"date":"2024-11-29T15:14:58","date_gmt":"2024-11-29T18:14:58","guid":{"rendered":"https:\/\/www.ufmg.br\/inovalab\/?page_id=235"},"modified":"2025-11-19T10:28:45","modified_gmt":"2025-11-19T13:28:45","slug":"sobre","status":"publish","type":"page","link":"https:\/\/www.ufmg.br\/inovalab\/sobre\/","title":{"rendered":"Sobre a INOVA"},"content":{"rendered":"\n<p>Fundada em 2003, a INOVA Incubadora de Empresas da UFMG \u00e9 o bra\u00e7o empreendedor da universidade, vinculada \u00e0 Coordenadoria de Transfer\u00eancia e Inova\u00e7\u00e3o Tecnol\u00f3gica (CTIT). Atuando em sinergia com o n\u00facleo de inova\u00e7\u00e3o da institui\u00e7\u00e3o, a INOVA incentiva e apoia o desenvolvimento de empresas nascentes de base tecnol\u00f3gica no ambiente acad\u00eamico, preparando-as para o mercado. <\/p>\n\n\n\n<p>Com<strong> 22 anos de atua\u00e7\u00e3o<\/strong>, a INOVA j\u00e1 apoiou <strong>104 empresas de base tecnol\u00f3gica<\/strong> em diversos segmentos e graduou <strong>39 spin-offs acad\u00eamicas<\/strong>, fortalecendo o ecossistema de inova\u00e7\u00e3o e empreendedorismo tecnol\u00f3gico.<\/p>\n\n\n\n<p>A atua\u00e7\u00e3o da INOVA \u00e9 conduzida por uma equipe multidisciplinar altamente qualificada, que oferece aos participantes do programa InovaLab suporte t\u00e9cnico-cient\u00edfico, acompanhamento personalizado, mentorias com especialistas e conex\u00f5es estrat\u00e9gicas com stakeholders.<\/p>\n\n\n\n<style>\n.inovalab-full {\n    width: 100vw;\n    position: relative;\n    left: 50%;\n    right: 50%;\n    margin-left: -50vw;\n    margin-right: -50vw;\n    padding: 0;\n    overflow: hidden;\n}\n\n.inovalab-full img {\n    width: 100%;\n    height: auto;\n    display: block;\n    margin: 0 auto;\n}\n<\/style>\n\n<div class=\"inovalab-full\">\n    <img decoding=\"async\" src=\"https:\/\/www.ufmg.br\/inovalab\/wp-content\/uploads\/2025\/11\/\nequipe-1.png\" alt=\"Banner InovaLab\">\n<\/div>\n\n\n\n<p><\/p>\n\n\n\n<p>Acompanhe nossas iniciativas, fique por dentro dos editais e explore as oportunidades oferecidas pelo Programa de Incuba\u00e7\u00e3o da INOVA. <strong>Junte-se a n\u00f3s para transformar ideias em neg\u00f3cios<\/strong>!<\/p>\n\n\n\n<p><\/p>\n","protected":false},"excerpt":{"rendered":"<p>Fundada em 2003, a INOVA Incubadora de Empresas da UFMG \u00e9 o bra\u00e7o empreendedor da universidade, vinculada \u00e0 Coordenadoria de Transfer\u00eancia e Inova\u00e7\u00e3o Tecnol\u00f3gica (CTIT). Atuando em sinergia com o n\u00facleo de inova\u00e7\u00e3o da institui\u00e7\u00e3o, a INOVA incentiva e apoia o desenvolvimento de empresas nascentes de base tecnol\u00f3gica no ambiente acad\u00eamico, preparando-as para o mercado. [&hellip;]<\/p>\n","protected":false},"author":3,"featured_media":0,"parent":0,"menu_order":0,"comment_status":"closed","ping_status":"closed","template":"","meta":{"_acf_changed":false,"footnotes":""},"class_list":["post-235","page","type-page","status-publish","hentry"],"acf":[],"_links":{"self":[{"href":"https:\/\/www.ufmg.br\/inovalab\/wp-json\/wp\/v2\/pages\/235"}],"collection":[{"href":"https:\/\/www.ufmg.br\/inovalab\/wp-json\/wp\/v2\/pages"}],"about":[{"href":"https:\/\/www.ufmg.br\/inovalab\/wp-json\/wp\/v2\/types\/page"}],"author":[{"embeddable":true,"href":"https:\/\/www.ufmg.br\/inovalab\/wp-json\/wp\/v2\/users\/3"}],"replies":[{"embeddable":true,"href":"https:\/\/www.ufmg.br\/inovalab\/wp-json\/wp\/v2\/comments?post=235"}],"version-history":[{"count":31,"href":"https:\/\/www.ufmg.br\/inovalab\/wp-json\/wp\/v2\/pages\/235\/revisions"}],"predecessor-version":[{"id":1083,"href":"https:\/\/www.ufmg.br\/inovalab\/wp-json\/wp\/v2\/pages\/235\/revisions\/1083"}],"wp:attachment":[{"href":"https:\/\/www.ufmg.br\/inovalab\/wp-json\/wp\/v2\/media?parent=235"}],"curies":[{"name":"wp","href":"https:\/\/api.w.org\/{rel}","templated":true}]}}