{"id":406,"date":"2024-12-05T17:04:22","date_gmt":"2024-12-05T20:04:22","guid":{"rendered":"https:\/\/www.ufmg.br\/inovalab\/?page_id=406"},"modified":"2025-08-07T10:30:44","modified_gmt":"2025-08-07T13:30:44","slug":"ciclo-2","status":"publish","type":"page","link":"https:\/\/www.ufmg.br\/inovalab\/ciclo-2\/","title":{"rendered":"CICLO 2"},"content":{"rendered":"\n<p>No dia 19 de novembro de 2024, foi lan\u00e7ado o novo edital do InovaLab &#8211; Programa de Incuba\u00e7\u00e3o da INOVA UFMG. O evento marcou o in\u00edcio de mais uma jornada de inova\u00e7\u00e3o e empreendedorismo, com momentos enriquecedores e cheios de aprendizados para todos os participantes.<\/p>\n\n\n\n<figure class=\"wp-block-gallery has-nested-images columns-default is-cropped wp-block-gallery-1 is-layout-flex wp-block-gallery-is-layout-flex\">\n<figure class=\"wp-block-image size-large\"><img loading=\"lazy\" decoding=\"async\" width=\"1024\" height=\"675\" data-id=\"433\" src=\"https:\/\/www.ufmg.br\/inovalab\/wp-content\/uploads\/2024\/12\/54156054798_58c18d820d_o-1024x675.jpg\" alt=\"\" class=\"wp-image-433\" srcset=\"https:\/\/www.ufmg.br\/inovalab\/wp-content\/uploads\/2024\/12\/54156054798_58c18d820d_o-1024x675.jpg 1024w, https:\/\/www.ufmg.br\/inovalab\/wp-content\/uploads\/2024\/12\/54156054798_58c18d820d_o-300x198.jpg 300w, https:\/\/www.ufmg.br\/inovalab\/wp-content\/uploads\/2024\/12\/54156054798_58c18d820d_o-768x506.jpg 768w, https:\/\/www.ufmg.br\/inovalab\/wp-content\/uploads\/2024\/12\/54156054798_58c18d820d_o-1536x1012.jpg 1536w, https:\/\/www.ufmg.br\/inovalab\/wp-content\/uploads\/2024\/12\/54156054798_58c18d820d_o-2048x1350.jpg 2048w\" sizes=\"(max-width: 1024px) 100vw, 1024px\" \/><figcaption class=\"wp-element-caption\">Foto: Jebs Lima<\/figcaption><\/figure>\n\n\n\n<figure class=\"wp-block-image size-large\"><img loading=\"lazy\" decoding=\"async\" width=\"1024\" height=\"731\" data-id=\"434\" src=\"https:\/\/www.ufmg.br\/inovalab\/wp-content\/uploads\/2024\/12\/54155770276_3b162857e3_o-1024x731.jpg\" alt=\"\" class=\"wp-image-434\" srcset=\"https:\/\/www.ufmg.br\/inovalab\/wp-content\/uploads\/2024\/12\/54155770276_3b162857e3_o-1024x731.jpg 1024w, https:\/\/www.ufmg.br\/inovalab\/wp-content\/uploads\/2024\/12\/54155770276_3b162857e3_o-300x214.jpg 300w, https:\/\/www.ufmg.br\/inovalab\/wp-content\/uploads\/2024\/12\/54155770276_3b162857e3_o-768x549.jpg 768w, https:\/\/www.ufmg.br\/inovalab\/wp-content\/uploads\/2024\/12\/54155770276_3b162857e3_o-1536x1097.jpg 1536w, https:\/\/www.ufmg.br\/inovalab\/wp-content\/uploads\/2024\/12\/54155770276_3b162857e3_o-2048x1463.jpg 2048w\" sizes=\"(max-width: 1024px) 100vw, 1024px\" \/><figcaption class=\"wp-element-caption\">Foto: Jebs Lima<\/figcaption><\/figure>\n\n\n\n<figure class=\"wp-block-image size-large\"><img loading=\"lazy\" decoding=\"async\" width=\"1024\" height=\"682\" data-id=\"437\" src=\"https:\/\/www.ufmg.br\/inovalab\/wp-content\/uploads\/2024\/12\/54155770271_d910aace6d_o-1024x682.jpg\" alt=\"\" class=\"wp-image-437\" srcset=\"https:\/\/www.ufmg.br\/inovalab\/wp-content\/uploads\/2024\/12\/54155770271_d910aace6d_o-1024x682.jpg 1024w, https:\/\/www.ufmg.br\/inovalab\/wp-content\/uploads\/2024\/12\/54155770271_d910aace6d_o-300x200.jpg 300w, https:\/\/www.ufmg.br\/inovalab\/wp-content\/uploads\/2024\/12\/54155770271_d910aace6d_o-768x511.jpg 768w, https:\/\/www.ufmg.br\/inovalab\/wp-content\/uploads\/2024\/12\/54155770271_d910aace6d_o-1536x1023.jpg 1536w, https:\/\/www.ufmg.br\/inovalab\/wp-content\/uploads\/2024\/12\/54155770271_d910aace6d_o-2048x1364.jpg 2048w\" sizes=\"(max-width: 1024px) 100vw, 1024px\" \/><figcaption class=\"wp-element-caption\">Foto: Jebs Lima<\/figcaption><\/figure>\n\n\n\n<figure class=\"wp-block-image size-large\"><img loading=\"lazy\" decoding=\"async\" width=\"1024\" height=\"664\" data-id=\"436\" src=\"https:\/\/www.ufmg.br\/inovalab\/wp-content\/uploads\/2024\/12\/54156054548_ca9dd6f414_o-1-1024x664.jpg\" alt=\"\" class=\"wp-image-436\" srcset=\"https:\/\/www.ufmg.br\/inovalab\/wp-content\/uploads\/2024\/12\/54156054548_ca9dd6f414_o-1-1024x664.jpg 1024w, https:\/\/www.ufmg.br\/inovalab\/wp-content\/uploads\/2024\/12\/54156054548_ca9dd6f414_o-1-300x195.jpg 300w, https:\/\/www.ufmg.br\/inovalab\/wp-content\/uploads\/2024\/12\/54156054548_ca9dd6f414_o-1-768x498.jpg 768w, https:\/\/www.ufmg.br\/inovalab\/wp-content\/uploads\/2024\/12\/54156054548_ca9dd6f414_o-1-1536x997.jpg 1536w, https:\/\/www.ufmg.br\/inovalab\/wp-content\/uploads\/2024\/12\/54156054548_ca9dd6f414_o-1-2048x1329.jpg 2048w\" sizes=\"(max-width: 1024px) 100vw, 1024px\" \/><figcaption class=\"wp-element-caption\">Foto: Jebs Lima<\/figcaption><\/figure>\n\n\n\n<figure class=\"wp-block-image size-large\"><img loading=\"lazy\" decoding=\"async\" width=\"1024\" height=\"709\" data-id=\"435\" src=\"https:\/\/www.ufmg.br\/inovalab\/wp-content\/uploads\/2024\/12\/54156231975_e3cc9a8bce_o-1024x709.jpg\" alt=\"\" class=\"wp-image-435\" srcset=\"https:\/\/www.ufmg.br\/inovalab\/wp-content\/uploads\/2024\/12\/54156231975_e3cc9a8bce_o-1024x709.jpg 1024w, https:\/\/www.ufmg.br\/inovalab\/wp-content\/uploads\/2024\/12\/54156231975_e3cc9a8bce_o-300x208.jpg 300w, https:\/\/www.ufmg.br\/inovalab\/wp-content\/uploads\/2024\/12\/54156231975_e3cc9a8bce_o-768x532.jpg 768w, https:\/\/www.ufmg.br\/inovalab\/wp-content\/uploads\/2024\/12\/54156231975_e3cc9a8bce_o-1536x1063.jpg 1536w, https:\/\/www.ufmg.br\/inovalab\/wp-content\/uploads\/2024\/12\/54156231975_e3cc9a8bce_o-2048x1418.jpg 2048w\" sizes=\"(max-width: 1024px) 100vw, 1024px\" \/><figcaption class=\"wp-element-caption\">Foto: Jebs Lima<\/figcaption><\/figure>\n\n\n\n<figure class=\"wp-block-image size-large\"><img loading=\"lazy\" decoding=\"async\" width=\"1024\" height=\"653\" data-id=\"432\" src=\"https:\/\/www.ufmg.br\/inovalab\/wp-content\/uploads\/2024\/12\/54156054648_7ffdb779d5_o-1-1024x653.jpg\" alt=\"\" class=\"wp-image-432\" srcset=\"https:\/\/www.ufmg.br\/inovalab\/wp-content\/uploads\/2024\/12\/54156054648_7ffdb779d5_o-1-1024x653.jpg 1024w, https:\/\/www.ufmg.br\/inovalab\/wp-content\/uploads\/2024\/12\/54156054648_7ffdb779d5_o-1-300x191.jpg 300w, https:\/\/www.ufmg.br\/inovalab\/wp-content\/uploads\/2024\/12\/54156054648_7ffdb779d5_o-1-768x490.jpg 768w, https:\/\/www.ufmg.br\/inovalab\/wp-content\/uploads\/2024\/12\/54156054648_7ffdb779d5_o-1-1536x979.jpg 1536w, https:\/\/www.ufmg.br\/inovalab\/wp-content\/uploads\/2024\/12\/54156054648_7ffdb779d5_o-1-2048x1306.jpg 2048w\" sizes=\"(max-width: 1024px) 100vw, 1024px\" \/><figcaption class=\"wp-element-caption\">Foto: Jebs Lima<\/figcaption><\/figure>\n\n\n\n<figure class=\"wp-block-image size-large\"><img loading=\"lazy\" decoding=\"async\" width=\"1024\" height=\"682\" data-id=\"438\" src=\"https:\/\/www.ufmg.br\/inovalab\/wp-content\/uploads\/2024\/12\/54156232015_2ffeebd7c9_o-1024x682.jpg\" alt=\"\" class=\"wp-image-438\" srcset=\"https:\/\/www.ufmg.br\/inovalab\/wp-content\/uploads\/2024\/12\/54156232015_2ffeebd7c9_o-1024x682.jpg 1024w, https:\/\/www.ufmg.br\/inovalab\/wp-content\/uploads\/2024\/12\/54156232015_2ffeebd7c9_o-300x200.jpg 300w, https:\/\/www.ufmg.br\/inovalab\/wp-content\/uploads\/2024\/12\/54156232015_2ffeebd7c9_o-768x511.jpg 768w, https:\/\/www.ufmg.br\/inovalab\/wp-content\/uploads\/2024\/12\/54156232015_2ffeebd7c9_o-1536x1023.jpg 1536w, https:\/\/www.ufmg.br\/inovalab\/wp-content\/uploads\/2024\/12\/54156232015_2ffeebd7c9_o-2048x1364.jpg 2048w\" sizes=\"(max-width: 1024px) 100vw, 1024px\" \/><figcaption class=\"wp-element-caption\">Foto: Jebs Lima<\/figcaption><\/figure>\n\n\n\n<figure class=\"wp-block-image size-large\"><img loading=\"lazy\" decoding=\"async\" width=\"1024\" height=\"774\" data-id=\"439\" src=\"https:\/\/www.ufmg.br\/inovalab\/wp-content\/uploads\/2024\/12\/54154914527_d4d4284a9d_o-1024x774.jpg\" alt=\"\" class=\"wp-image-439\" srcset=\"https:\/\/www.ufmg.br\/inovalab\/wp-content\/uploads\/2024\/12\/54154914527_d4d4284a9d_o-1024x774.jpg 1024w, https:\/\/www.ufmg.br\/inovalab\/wp-content\/uploads\/2024\/12\/54154914527_d4d4284a9d_o-300x227.jpg 300w, https:\/\/www.ufmg.br\/inovalab\/wp-content\/uploads\/2024\/12\/54154914527_d4d4284a9d_o-768x581.jpg 768w, https:\/\/www.ufmg.br\/inovalab\/wp-content\/uploads\/2024\/12\/54154914527_d4d4284a9d_o-1536x1162.jpg 1536w, https:\/\/www.ufmg.br\/inovalab\/wp-content\/uploads\/2024\/12\/54154914527_d4d4284a9d_o-2048x1549.jpg 2048w\" sizes=\"(max-width: 1024px) 100vw, 1024px\" \/><figcaption class=\"wp-element-caption\">Foto: Jebs Lima<\/figcaption><\/figure>\n<\/figure>\n\n\n\n<p><\/p>\n\n\n\n<p><\/p>\n\n\n\n<p><br><\/p>\n\n\n\n<div class=\"wp-block-buttons is-content-justification-center is-layout-flex wp-container-core-buttons-is-layout-1 wp-block-buttons-is-layout-flex\">\n<div class=\"wp-block-button\"><a class=\"wp-block-button__link wp-element-button\"><mark style=\"background-color:rgba(0, 0, 0, 0)\" class=\"has-inline-color has-white-color\">Inscri\u00e7\u00f5es abertas! <\/mark><\/a><\/div>\n<\/div>\n","protected":false},"excerpt":{"rendered":"<p>No dia 19 de novembro de 2024, foi lan\u00e7ado o novo edital do InovaLab &#8211; Programa de Incuba\u00e7\u00e3o da INOVA UFMG. O evento marcou o in\u00edcio de mais uma jornada de inova\u00e7\u00e3o e empreendedorismo, com momentos enriquecedores e cheios de aprendizados para todos os participantes.<\/p>\n","protected":false},"author":3,"featured_media":0,"parent":0,"menu_order":0,"comment_status":"closed","ping_status":"closed","template":"","meta":{"_acf_changed":false,"footnotes":""},"class_list":["post-406","page","type-page","status-publish","hentry"],"acf":[],"_links":{"self":[{"href":"https:\/\/www.ufmg.br\/inovalab\/wp-json\/wp\/v2\/pages\/406"}],"collection":[{"href":"https:\/\/www.ufmg.br\/inovalab\/wp-json\/wp\/v2\/pages"}],"about":[{"href":"https:\/\/www.ufmg.br\/inovalab\/wp-json\/wp\/v2\/types\/page"}],"author":[{"embeddable":true,"href":"https:\/\/www.ufmg.br\/inovalab\/wp-json\/wp\/v2\/users\/3"}],"replies":[{"embeddable":true,"href":"https:\/\/www.ufmg.br\/inovalab\/wp-json\/wp\/v2\/comments?post=406"}],"version-history":[{"count":5,"href":"https:\/\/www.ufmg.br\/inovalab\/wp-json\/wp\/v2\/pages\/406\/revisions"}],"predecessor-version":[{"id":749,"href":"https:\/\/www.ufmg.br\/inovalab\/wp-json\/wp\/v2\/pages\/406\/revisions\/749"}],"wp:attachment":[{"href":"https:\/\/www.ufmg.br\/inovalab\/wp-json\/wp\/v2\/media?parent=406"}],"curies":[{"name":"wp","href":"https:\/\/api.w.org\/{rel}","templated":true}]}}