{"id":567,"date":"2024-12-11T11:25:01","date_gmt":"2024-12-11T14:25:01","guid":{"rendered":"https:\/\/www.ufmg.br\/inovalab\/?page_id=567"},"modified":"2024-12-11T14:25:29","modified_gmt":"2024-12-11T17:25:29","slug":"iu-prost","status":"publish","type":"page","link":"https:\/\/www.ufmg.br\/inovalab\/iu-prost\/","title":{"rendered":"IU Prost"},"content":{"rendered":"<div class=\"wp-block-image\">\n<figure class=\"aligncenter size-large is-resized\"><img loading=\"lazy\" decoding=\"async\" width=\"1024\" height=\"576\" src=\"https:\/\/www.ufmg.br\/inovalab\/wp-content\/uploads\/2024\/12\/Design-sem-nome-9-1024x576.png\" alt=\"\" class=\"wp-image-574\" style=\"width:548px;height:auto\" srcset=\"https:\/\/www.ufmg.br\/inovalab\/wp-content\/uploads\/2024\/12\/Design-sem-nome-9-1024x576.png 1024w, https:\/\/www.ufmg.br\/inovalab\/wp-content\/uploads\/2024\/12\/Design-sem-nome-9-300x169.png 300w, https:\/\/www.ufmg.br\/inovalab\/wp-content\/uploads\/2024\/12\/Design-sem-nome-9-768x432.png 768w, https:\/\/www.ufmg.br\/inovalab\/wp-content\/uploads\/2024\/12\/Design-sem-nome-9-1536x864.png 1536w, https:\/\/www.ufmg.br\/inovalab\/wp-content\/uploads\/2024\/12\/Design-sem-nome-9.png 1920w\" sizes=\"(max-width: 1024px) 100vw, 1024px\" \/><\/figure><\/div>\n\n\n<p>O IUPROST\u00ae\ufe0f \u00e9 um aplicativo desenvolvido para apoiar e orientar homens que apresentam incontin\u00eancia urin\u00e1ria (IU) ap\u00f3s a cirurgia de prostatectomia radical. Cont\u00e9m informa\u00e7\u00f5es e dicas para cuidar da sa\u00fade de forma interativa. Foi desenvolvido por meio de uma parceria entre pesquisadores da Universidade Federal de Minas Gerais e da Universidade Federal de Goi\u00e1s.<br><br>O objetivo \u00e9 promover a melhoria da qualidade de vida, facilitar o acesso a informa\u00e7\u00f5es para a promo\u00e7\u00e3o do autocuidado relacionado ao controle da IU. Com o IUPROST\u00ae\ufe0f \u00e9 poss\u00edvel realizar exerc\u00edcios da musculatura p\u00e9lvica, ficar por dentro de informa\u00e7\u00f5es sobre a cirurgia, assistir a relatos de homens que realizaram o tratamento com sucesso, assistir a v\u00eddeos explicativos sobre como fazer os exerc\u00edcios corretamente e a reconhecer h\u00e1bitos de vida saud\u00e1veis que auxiliam no controle da IU. A pesquisa conta com grande equipe de especialistas, coordenada pela<a href=\"http:\/\/lattes.cnpq.br\/2530837696657146\"> Professora Dra. Luciana da Mata <\/a>. Para conhecer melhor a pesquisa<a href=\"https:\/\/www.iuprost.com.br\/\"> acesse o site IuProst <\/a><\/p>\n\n\n\n<p><\/p>\n","protected":false},"excerpt":{"rendered":"<p>O IUPROST\u00ae\ufe0f \u00e9 um aplicativo desenvolvido para apoiar e orientar homens que apresentam incontin\u00eancia urin\u00e1ria (IU) ap\u00f3s a cirurgia de prostatectomia radical. Cont\u00e9m informa\u00e7\u00f5es e dicas para cuidar da sa\u00fade de forma interativa. Foi desenvolvido por meio de uma parceria entre pesquisadores da Universidade Federal de Minas Gerais e da Universidade Federal de Goi\u00e1s. O [&hellip;]<\/p>\n","protected":false},"author":3,"featured_media":0,"parent":0,"menu_order":0,"comment_status":"closed","ping_status":"closed","template":"","meta":{"_acf_changed":false,"footnotes":""},"class_list":["post-567","page","type-page","status-publish","hentry"],"acf":[],"_links":{"self":[{"href":"https:\/\/www.ufmg.br\/inovalab\/wp-json\/wp\/v2\/pages\/567"}],"collection":[{"href":"https:\/\/www.ufmg.br\/inovalab\/wp-json\/wp\/v2\/pages"}],"about":[{"href":"https:\/\/www.ufmg.br\/inovalab\/wp-json\/wp\/v2\/types\/page"}],"author":[{"embeddable":true,"href":"https:\/\/www.ufmg.br\/inovalab\/wp-json\/wp\/v2\/users\/3"}],"replies":[{"embeddable":true,"href":"https:\/\/www.ufmg.br\/inovalab\/wp-json\/wp\/v2\/comments?post=567"}],"version-history":[{"count":4,"href":"https:\/\/www.ufmg.br\/inovalab\/wp-json\/wp\/v2\/pages\/567\/revisions"}],"predecessor-version":[{"id":657,"href":"https:\/\/www.ufmg.br\/inovalab\/wp-json\/wp\/v2\/pages\/567\/revisions\/657"}],"wp:attachment":[{"href":"https:\/\/www.ufmg.br\/inovalab\/wp-json\/wp\/v2\/media?parent=567"}],"curies":[{"name":"wp","href":"https:\/\/api.w.org\/{rel}","templated":true}]}}