{"id":576,"date":"2024-12-11T11:28:03","date_gmt":"2024-12-11T14:28:03","guid":{"rendered":"https:\/\/www.ufmg.br\/inovalab\/?page_id=576"},"modified":"2025-07-10T12:01:26","modified_gmt":"2025-07-10T15:01:26","slug":"e-lab","status":"publish","type":"page","link":"https:\/\/www.ufmg.br\/inovalab\/e-lab\/","title":{"rendered":"E-Lab"},"content":{"rendered":"<div class=\"wp-block-image\">\n<figure class=\"aligncenter size-large is-resized\"><img loading=\"lazy\" decoding=\"async\" width=\"1024\" height=\"576\" src=\"https:\/\/www.ufmg.br\/inovalab\/wp-content\/uploads\/2024\/12\/Copia-de-E-Lab-Pitch-1024x576.png\" alt=\"\" class=\"wp-image-585\" style=\"width:464px;height:auto\" srcset=\"https:\/\/www.ufmg.br\/inovalab\/wp-content\/uploads\/2024\/12\/Copia-de-E-Lab-Pitch-1024x576.png 1024w, https:\/\/www.ufmg.br\/inovalab\/wp-content\/uploads\/2024\/12\/Copia-de-E-Lab-Pitch-300x169.png 300w, https:\/\/www.ufmg.br\/inovalab\/wp-content\/uploads\/2024\/12\/Copia-de-E-Lab-Pitch-768x432.png 768w, https:\/\/www.ufmg.br\/inovalab\/wp-content\/uploads\/2024\/12\/Copia-de-E-Lab-Pitch-1536x864.png 1536w, https:\/\/www.ufmg.br\/inovalab\/wp-content\/uploads\/2024\/12\/Copia-de-E-Lab-Pitch.png 1920w\" sizes=\"(max-width: 1024px) 100vw, 1024px\" \/><\/figure><\/div>\n\n\n<p><br>A tecnologia consiste no processamento hidrometal\u00fargico de placas de circuito impresso de computadores para a produ\u00e7\u00e3o de ouro e cobre de alta pureza. Al\u00e9m de garantir a recupera\u00e7\u00e3o eficiente desses dois metais, o processo permite a separa\u00e7\u00e3o completa de diversos outros materiais (coprodutos) presentes nas placas, que podem ser diretamente reciclados ou reaproveitados. A pesquisa \u00e9 coordenada pelo professor<a href=\"http:\/\/lattes.cnpq.br\/3762027331221113\"> Dr. Daniel Majuste <\/a>e pela professora <a href=\"http:\/\/lattes.cnpq.br\/3590884268165249\">Dra. Virginia Ciminelli,<\/a> ambos docentes da Escola de Engenharia da UFMG.<\/p>\n\n\n\n<p>No \u00e2mbito do E-Lab, outras tecnologias tamb\u00e9m est\u00e3o em desenvolvimento. Dessa forma, est\u00e1 em fase de elabora\u00e7\u00e3o uma tecnologia, primariamente hidrometal\u00fargica, voltada para a recupera\u00e7\u00e3o de \u00edndio &#8211; metal estrat\u00e9gico &#8211; a partir de telas de cristal l\u00edquido presentes em desktops, laptops, televisores, smarthphones, tablets, entre outros dispositivos. Al\u00e9m disso, os res\u00edduos eletr\u00f4nicos provenientes de pain\u00e9is fotovoltaicos tamb\u00e9m passaram a ser foco do E-Lab, e uma nova solu\u00e7\u00e3o tecnol\u00f3gica est\u00e1 sendo concebida para possibilitar a recupera\u00e7\u00e3o e a reciclagem dos materiais presentes nesses sistemas.<\/p>\n\n\n\n<p>Vale destacar que o E-Lab se configura como uma plataforma dedicada ao desenvolvimento de solu\u00e7\u00f5es sustent\u00e1veis para a reciclagem n\u00e3o apenas de metais cr\u00edticos e estrat\u00e9gicos presentes em res\u00edduos eletr\u00f4nicos, mas tamb\u00e9m de outros materiais, como pl\u00e1sticos, vidros e cer\u00e2micos, promovendo uma abordagem mais ampla e integrada \u00e0 economia circular.<\/p>\n\n\n\n<p><\/p>\n\n\n\n<p><\/p>\n","protected":false},"excerpt":{"rendered":"<p>A tecnologia consiste no processamento hidrometal\u00fargico de placas de circuito impresso de computadores para a produ\u00e7\u00e3o de ouro e cobre de alta pureza. Al\u00e9m de garantir a recupera\u00e7\u00e3o eficiente desses dois metais, o processo permite a separa\u00e7\u00e3o completa de diversos outros materiais (coprodutos) presentes nas placas, que podem ser diretamente reciclados ou reaproveitados. A pesquisa [&hellip;]<\/p>\n","protected":false},"author":3,"featured_media":0,"parent":0,"menu_order":0,"comment_status":"closed","ping_status":"closed","template":"","meta":{"_acf_changed":false,"footnotes":""},"class_list":["post-576","page","type-page","status-publish","hentry"],"acf":[],"_links":{"self":[{"href":"https:\/\/www.ufmg.br\/inovalab\/wp-json\/wp\/v2\/pages\/576"}],"collection":[{"href":"https:\/\/www.ufmg.br\/inovalab\/wp-json\/wp\/v2\/pages"}],"about":[{"href":"https:\/\/www.ufmg.br\/inovalab\/wp-json\/wp\/v2\/types\/page"}],"author":[{"embeddable":true,"href":"https:\/\/www.ufmg.br\/inovalab\/wp-json\/wp\/v2\/users\/3"}],"replies":[{"embeddable":true,"href":"https:\/\/www.ufmg.br\/inovalab\/wp-json\/wp\/v2\/comments?post=576"}],"version-history":[{"count":8,"href":"https:\/\/www.ufmg.br\/inovalab\/wp-json\/wp\/v2\/pages\/576\/revisions"}],"predecessor-version":[{"id":739,"href":"https:\/\/www.ufmg.br\/inovalab\/wp-json\/wp\/v2\/pages\/576\/revisions\/739"}],"wp:attachment":[{"href":"https:\/\/www.ufmg.br\/inovalab\/wp-json\/wp\/v2\/media?parent=576"}],"curies":[{"name":"wp","href":"https:\/\/api.w.org\/{rel}","templated":true}]}}