{"id":577,"date":"2024-12-11T11:28:03","date_gmt":"2024-12-11T14:28:03","guid":{"rendered":"https:\/\/www.ufmg.br\/inovalab\/?page_id=577"},"modified":"2024-12-11T14:47:43","modified_gmt":"2024-12-11T17:47:43","slug":"flautim","status":"publish","type":"page","link":"https:\/\/www.ufmg.br\/inovalab\/flautim\/","title":{"rendered":"Flautim"},"content":{"rendered":"<div class=\"wp-block-image\">\n<figure class=\"aligncenter size-large is-resized\"><img loading=\"lazy\" decoding=\"async\" width=\"1024\" height=\"576\" src=\"https:\/\/www.ufmg.br\/inovalab\/wp-content\/uploads\/2024\/12\/Design-sem-nome-10-1024x576.png\" alt=\"\" class=\"wp-image-587\" style=\"width:498px;height:auto\" srcset=\"https:\/\/www.ufmg.br\/inovalab\/wp-content\/uploads\/2024\/12\/Design-sem-nome-10-1024x576.png 1024w, https:\/\/www.ufmg.br\/inovalab\/wp-content\/uploads\/2024\/12\/Design-sem-nome-10-300x169.png 300w, https:\/\/www.ufmg.br\/inovalab\/wp-content\/uploads\/2024\/12\/Design-sem-nome-10-768x432.png 768w, https:\/\/www.ufmg.br\/inovalab\/wp-content\/uploads\/2024\/12\/Design-sem-nome-10-1536x864.png 1536w, https:\/\/www.ufmg.br\/inovalab\/wp-content\/uploads\/2024\/12\/Design-sem-nome-10.png 1920w\" sizes=\"(max-width: 1024px) 100vw, 1024px\" \/><\/figure><\/div>\n\n\n<p>Consiste na cria\u00e7\u00e3o, implementa\u00e7\u00e3o e comercializa\u00e7\u00e3o de uma plataforma inovadora para o Aprendizado de M\u00e1quina Federado. O Aprendizado de M\u00e1quina \u00e9 um ramo da intelig\u00eancia artificial em que sistemas computacionais s\u00e3o treinados para identificar padr\u00f5es e tomar decis\u00f5es com base em dados, melhorando seu desempenho ao longo do tempo sem serem explicitamente programados para isso. A \u201cabordagem federada\u201d permite que modelos de aprendizado de m\u00e1quina sejam treinados de forma distribu\u00edda localmente em dispositivos diferentes, sem que os dados precisem ser centralizados, preservando a privacidade e seguran\u00e7a dos dados. A pesquisa \u00e9 conduzida pelo <a href=\"http:\/\/lattes.cnpq.br\/2472681535872194\">Professor Dr. Frederico Gadelha<\/a> e pela equipe do FutureLab (DCC UFMG)  <\/p>\n\n\n\n<p><\/p>\n","protected":false},"excerpt":{"rendered":"<p>Consiste na cria\u00e7\u00e3o, implementa\u00e7\u00e3o e comercializa\u00e7\u00e3o de uma plataforma inovadora para o Aprendizado de M\u00e1quina Federado. O Aprendizado de M\u00e1quina \u00e9 um ramo da intelig\u00eancia artificial em que sistemas computacionais s\u00e3o treinados para identificar padr\u00f5es e tomar decis\u00f5es com base em dados, melhorando seu desempenho ao longo do tempo sem serem explicitamente programados para isso. [&hellip;]<\/p>\n","protected":false},"author":3,"featured_media":0,"parent":0,"menu_order":0,"comment_status":"closed","ping_status":"closed","template":"","meta":{"_acf_changed":false,"footnotes":""},"class_list":["post-577","page","type-page","status-publish","hentry"],"acf":[],"_links":{"self":[{"href":"https:\/\/www.ufmg.br\/inovalab\/wp-json\/wp\/v2\/pages\/577"}],"collection":[{"href":"https:\/\/www.ufmg.br\/inovalab\/wp-json\/wp\/v2\/pages"}],"about":[{"href":"https:\/\/www.ufmg.br\/inovalab\/wp-json\/wp\/v2\/types\/page"}],"author":[{"embeddable":true,"href":"https:\/\/www.ufmg.br\/inovalab\/wp-json\/wp\/v2\/users\/3"}],"replies":[{"embeddable":true,"href":"https:\/\/www.ufmg.br\/inovalab\/wp-json\/wp\/v2\/comments?post=577"}],"version-history":[{"count":5,"href":"https:\/\/www.ufmg.br\/inovalab\/wp-json\/wp\/v2\/pages\/577\/revisions"}],"predecessor-version":[{"id":662,"href":"https:\/\/www.ufmg.br\/inovalab\/wp-json\/wp\/v2\/pages\/577\/revisions\/662"}],"wp:attachment":[{"href":"https:\/\/www.ufmg.br\/inovalab\/wp-json\/wp\/v2\/media?parent=577"}],"curies":[{"name":"wp","href":"https:\/\/api.w.org\/{rel}","templated":true}]}}