{"id":590,"date":"2024-12-11T11:31:11","date_gmt":"2024-12-11T14:31:11","guid":{"rendered":"https:\/\/www.ufmg.br\/inovalab\/?page_id=590"},"modified":"2024-12-16T11:14:22","modified_gmt":"2024-12-16T14:14:22","slug":"cpmo","status":"publish","type":"page","link":"https:\/\/www.ufmg.br\/inovalab\/cpmo\/","title":{"rendered":"CPMO"},"content":{"rendered":"<div class=\"wp-block-image\">\n<figure class=\"aligncenter size-large is-resized\"><img loading=\"lazy\" decoding=\"async\" width=\"1024\" height=\"576\" src=\"https:\/\/www.ufmg.br\/inovalab\/wp-content\/uploads\/2024\/12\/Copia-de-Technology-Pitch-Deck-1024x576.png\" alt=\"\" class=\"wp-image-623\" style=\"width:510px;height:auto\" srcset=\"https:\/\/www.ufmg.br\/inovalab\/wp-content\/uploads\/2024\/12\/Copia-de-Technology-Pitch-Deck-1024x576.png 1024w, https:\/\/www.ufmg.br\/inovalab\/wp-content\/uploads\/2024\/12\/Copia-de-Technology-Pitch-Deck-300x169.png 300w, https:\/\/www.ufmg.br\/inovalab\/wp-content\/uploads\/2024\/12\/Copia-de-Technology-Pitch-Deck-768x432.png 768w, https:\/\/www.ufmg.br\/inovalab\/wp-content\/uploads\/2024\/12\/Copia-de-Technology-Pitch-Deck-1536x864.png 1536w, https:\/\/www.ufmg.br\/inovalab\/wp-content\/uploads\/2024\/12\/Copia-de-Technology-Pitch-Deck.png 1920w\" sizes=\"(max-width: 1024px) 100vw, 1024px\" \/><\/figure><\/div>\n\n\n<p><\/p>\n\n\n\n<p><\/p>\n\n\n\n<p>O empreendimento consiste na cria\u00e7\u00e3o de um Centro de Pesquisa, desenvolvimento e produ\u00e7\u00e3o de medicamentos e materiais destinados ao tratamento de doen\u00e7as oculares graves, com capacidade para acelerar a fase pr\u00e9-cl\u00ednica de desenvolvimento de medicamentos de uso oft\u00e1lmico e estrutura para a realiza\u00e7\u00e3o de estudos experimentais de prova de conceito e de efic\u00e1cia em modelos animais validados, de investiga\u00e7\u00e3o farmacol\u00f3gica in vivo, farmacocin\u00e9tica, toxicologia e seguran\u00e7a. Ademais, esta estrutura dar\u00e1 suporte na realiza\u00e7\u00e3o de estudos cl\u00ednicos de medicamentos e produtos oft\u00e1lmicos ao possibilitar a produ\u00e7\u00e3o de lotes pilotos em ambiente de boas pr\u00e1ticas e certificado. A pesquisa \u00e9 desenvolvida pelo <a href=\"http:\/\/lattes.cnpq.br\/8278273904187275\">Professor Dr. Armando Cunha <\/a>e sua equipe de especialistas. <\/p>\n\n\n\n<p><\/p>\n","protected":false},"excerpt":{"rendered":"<p>O empreendimento consiste na cria\u00e7\u00e3o de um Centro de Pesquisa, desenvolvimento e produ\u00e7\u00e3o de medicamentos e materiais destinados ao tratamento de doen\u00e7as oculares graves, com capacidade para acelerar a fase pr\u00e9-cl\u00ednica de desenvolvimento de medicamentos de uso oft\u00e1lmico e estrutura para a realiza\u00e7\u00e3o de estudos experimentais de prova de conceito e de efic\u00e1cia em modelos [&hellip;]<\/p>\n","protected":false},"author":3,"featured_media":0,"parent":0,"menu_order":0,"comment_status":"closed","ping_status":"closed","template":"","meta":{"_acf_changed":false,"footnotes":""},"class_list":["post-590","page","type-page","status-publish","hentry"],"acf":[],"_links":{"self":[{"href":"https:\/\/www.ufmg.br\/inovalab\/wp-json\/wp\/v2\/pages\/590"}],"collection":[{"href":"https:\/\/www.ufmg.br\/inovalab\/wp-json\/wp\/v2\/pages"}],"about":[{"href":"https:\/\/www.ufmg.br\/inovalab\/wp-json\/wp\/v2\/types\/page"}],"author":[{"embeddable":true,"href":"https:\/\/www.ufmg.br\/inovalab\/wp-json\/wp\/v2\/users\/3"}],"replies":[{"embeddable":true,"href":"https:\/\/www.ufmg.br\/inovalab\/wp-json\/wp\/v2\/comments?post=590"}],"version-history":[{"count":5,"href":"https:\/\/www.ufmg.br\/inovalab\/wp-json\/wp\/v2\/pages\/590\/revisions"}],"predecessor-version":[{"id":694,"href":"https:\/\/www.ufmg.br\/inovalab\/wp-json\/wp\/v2\/pages\/590\/revisions\/694"}],"wp:attachment":[{"href":"https:\/\/www.ufmg.br\/inovalab\/wp-json\/wp\/v2\/media?parent=590"}],"curies":[{"name":"wp","href":"https:\/\/api.w.org\/{rel}","templated":true}]}}