{"id":592,"date":"2024-12-11T11:31:11","date_gmt":"2024-12-11T14:31:11","guid":{"rendered":"https:\/\/www.ufmg.br\/inovalab\/?page_id=592"},"modified":"2024-12-11T15:01:22","modified_gmt":"2024-12-11T18:01:22","slug":"einthovein","status":"publish","type":"page","link":"https:\/\/www.ufmg.br\/inovalab\/einthovein\/","title":{"rendered":"Einthoven"},"content":{"rendered":"<div class=\"wp-block-image\">\n<figure class=\"aligncenter size-large is-resized\"><img loading=\"lazy\" decoding=\"async\" width=\"1024\" height=\"576\" src=\"https:\/\/www.ufmg.br\/inovalab\/wp-content\/uploads\/2024\/12\/Design-sem-nome-12-1024x576.png\" alt=\"\" class=\"wp-image-625\" style=\"width:482px;height:auto\" srcset=\"https:\/\/www.ufmg.br\/inovalab\/wp-content\/uploads\/2024\/12\/Design-sem-nome-12-1024x576.png 1024w, https:\/\/www.ufmg.br\/inovalab\/wp-content\/uploads\/2024\/12\/Design-sem-nome-12-300x169.png 300w, https:\/\/www.ufmg.br\/inovalab\/wp-content\/uploads\/2024\/12\/Design-sem-nome-12-768x432.png 768w, https:\/\/www.ufmg.br\/inovalab\/wp-content\/uploads\/2024\/12\/Design-sem-nome-12-1536x864.png 1536w, https:\/\/www.ufmg.br\/inovalab\/wp-content\/uploads\/2024\/12\/Design-sem-nome-12.png 1920w\" sizes=\"(max-width: 1024px) 100vw, 1024px\" \/><\/figure><\/div>\n\n\n<p>A tecnologia consiste numa plataforma capaz de processar eletrocardiogramas (ECG) de forma automatizada por meio de intelig\u00eancia artificial. Atualmente s\u00e3o dois modelos sendo considerado nos modelo de neg\u00f3cio: uma para detec\u00e7\u00e3o da normalidade do ECG (em fase de licenciamento) e outro que retorna um marcador de idade eletrocardiogr\u00e1fica, servindo como um indicador de risco card\u00edaco, ainda em desenvolvimento. A pesquisa \u00e9 conduzida pelos pesquisadores Yuri Santos, Manoel Ribeiro e Ant\u00f4nio Ribeiro. <\/p>\n\n\n\n<p><\/p>\n","protected":false},"excerpt":{"rendered":"<p>A tecnologia consiste numa plataforma capaz de processar eletrocardiogramas (ECG) de forma automatizada por meio de intelig\u00eancia artificial. Atualmente s\u00e3o dois modelos sendo considerado nos modelo de neg\u00f3cio: uma para detec\u00e7\u00e3o da normalidade do ECG (em fase de licenciamento) e outro que retorna um marcador de idade eletrocardiogr\u00e1fica, servindo como um indicador de risco card\u00edaco, [&hellip;]<\/p>\n","protected":false},"author":3,"featured_media":0,"parent":0,"menu_order":0,"comment_status":"closed","ping_status":"closed","template":"","meta":{"_acf_changed":false,"footnotes":""},"class_list":["post-592","page","type-page","status-publish","hentry"],"acf":[],"_links":{"self":[{"href":"https:\/\/www.ufmg.br\/inovalab\/wp-json\/wp\/v2\/pages\/592"}],"collection":[{"href":"https:\/\/www.ufmg.br\/inovalab\/wp-json\/wp\/v2\/pages"}],"about":[{"href":"https:\/\/www.ufmg.br\/inovalab\/wp-json\/wp\/v2\/types\/page"}],"author":[{"embeddable":true,"href":"https:\/\/www.ufmg.br\/inovalab\/wp-json\/wp\/v2\/users\/3"}],"replies":[{"embeddable":true,"href":"https:\/\/www.ufmg.br\/inovalab\/wp-json\/wp\/v2\/comments?post=592"}],"version-history":[{"count":6,"href":"https:\/\/www.ufmg.br\/inovalab\/wp-json\/wp\/v2\/pages\/592\/revisions"}],"predecessor-version":[{"id":674,"href":"https:\/\/www.ufmg.br\/inovalab\/wp-json\/wp\/v2\/pages\/592\/revisions\/674"}],"wp:attachment":[{"href":"https:\/\/www.ufmg.br\/inovalab\/wp-json\/wp\/v2\/media?parent=592"}],"curies":[{"name":"wp","href":"https:\/\/api.w.org\/{rel}","templated":true}]}}