{"id":593,"date":"2024-12-11T11:31:11","date_gmt":"2024-12-11T14:31:11","guid":{"rendered":"https:\/\/www.ufmg.br\/inovalab\/?page_id=593"},"modified":"2024-12-11T12:31:58","modified_gmt":"2024-12-11T15:31:58","slug":"panvoc","status":"publish","type":"page","link":"https:\/\/www.ufmg.br\/inovalab\/panvoc\/","title":{"rendered":"PanVoc"},"content":{"rendered":"<div class=\"wp-block-image\">\n<figure class=\"aligncenter size-full is-resized\"><img loading=\"lazy\" decoding=\"async\" width=\"1920\" height=\"1080\" src=\"https:\/\/www.ufmg.br\/inovalab\/wp-content\/uploads\/2024\/12\/material-site-inova-5.png\" alt=\"\" class=\"wp-image-633\" style=\"width:528px;height:auto\" srcset=\"https:\/\/www.ufmg.br\/inovalab\/wp-content\/uploads\/2024\/12\/material-site-inova-5.png 1920w, https:\/\/www.ufmg.br\/inovalab\/wp-content\/uploads\/2024\/12\/material-site-inova-5-300x169.png 300w, https:\/\/www.ufmg.br\/inovalab\/wp-content\/uploads\/2024\/12\/material-site-inova-5-1024x576.png 1024w, https:\/\/www.ufmg.br\/inovalab\/wp-content\/uploads\/2024\/12\/material-site-inova-5-768x432.png 768w, https:\/\/www.ufmg.br\/inovalab\/wp-content\/uploads\/2024\/12\/material-site-inova-5-1536x864.png 1536w\" sizes=\"(max-width: 1920px) 100vw, 1920px\" \/><\/figure><\/div>\n\n\n<p>O projeto consiste em uma vacina de prote\u00edna recombinante que protege contra as diferentes variantes de SARS-CoV-2. Ao contr\u00e1rio das vacinas dispon\u00edveis atualmente, esta formula\u00e7\u00e3o n\u00e3o necessita de atualiza\u00e7\u00f5es para que sua efic\u00e1cia seja mantida ao surgir uma nova variante viral. Por se tratar de uma prote\u00edna recombinante, sua produ\u00e7\u00e3o \u00e9 de baixo custo e f\u00e1cil escalonamento, e a formula\u00e7\u00e3o se mant\u00e9m est\u00e1vel \u00e0 temperatura ambiente ou a 4\u00b0C, facilitando sua distribui\u00e7\u00e3o. A pesquisa \u00e9 coordenada pelo <a href=\"http:\/\/lattes.cnpq.br\/9148354106985023\">Professor Dr. Ricardo Gazzinelli <\/a>   e pela pesquisadora<a href=\"http:\/\/lattes.cnpq.br\/1570826969975095\"> Dra. Julia Castro <\/a><\/p>\n\n\n\n<p><\/p>\n","protected":false},"excerpt":{"rendered":"<p>O projeto consiste em uma vacina de prote\u00edna recombinante que protege contra as diferentes variantes de SARS-CoV-2. Ao contr\u00e1rio das vacinas dispon\u00edveis atualmente, esta formula\u00e7\u00e3o n\u00e3o necessita de atualiza\u00e7\u00f5es para que sua efic\u00e1cia seja mantida ao surgir uma nova variante viral. Por se tratar de uma prote\u00edna recombinante, sua produ\u00e7\u00e3o \u00e9 de baixo custo e [&hellip;]<\/p>\n","protected":false},"author":3,"featured_media":0,"parent":0,"menu_order":0,"comment_status":"closed","ping_status":"closed","template":"","meta":{"_acf_changed":false,"footnotes":""},"class_list":["post-593","page","type-page","status-publish","hentry"],"acf":[],"_links":{"self":[{"href":"https:\/\/www.ufmg.br\/inovalab\/wp-json\/wp\/v2\/pages\/593"}],"collection":[{"href":"https:\/\/www.ufmg.br\/inovalab\/wp-json\/wp\/v2\/pages"}],"about":[{"href":"https:\/\/www.ufmg.br\/inovalab\/wp-json\/wp\/v2\/types\/page"}],"author":[{"embeddable":true,"href":"https:\/\/www.ufmg.br\/inovalab\/wp-json\/wp\/v2\/users\/3"}],"replies":[{"embeddable":true,"href":"https:\/\/www.ufmg.br\/inovalab\/wp-json\/wp\/v2\/comments?post=593"}],"version-history":[{"count":7,"href":"https:\/\/www.ufmg.br\/inovalab\/wp-json\/wp\/v2\/pages\/593\/revisions"}],"predecessor-version":[{"id":652,"href":"https:\/\/www.ufmg.br\/inovalab\/wp-json\/wp\/v2\/pages\/593\/revisions\/652"}],"wp:attachment":[{"href":"https:\/\/www.ufmg.br\/inovalab\/wp-json\/wp\/v2\/media?parent=593"}],"curies":[{"name":"wp","href":"https:\/\/api.w.org\/{rel}","templated":true}]}}