{"id":594,"date":"2024-12-11T11:31:11","date_gmt":"2024-12-11T14:31:11","guid":{"rendered":"https:\/\/www.ufmg.br\/inovalab\/?page_id=594"},"modified":"2024-12-11T12:21:51","modified_gmt":"2024-12-11T15:21:51","slug":"q21-odonto","status":"publish","type":"page","link":"https:\/\/www.ufmg.br\/inovalab\/q21-odonto\/","title":{"rendered":"Q21 Odonto"},"content":{"rendered":"<div class=\"wp-block-image\">\n<figure class=\"aligncenter size-large is-resized\"><img loading=\"lazy\" decoding=\"async\" width=\"1024\" height=\"576\" src=\"https:\/\/www.ufmg.br\/inovalab\/wp-content\/uploads\/2024\/12\/Design-sem-nome-11-1-1024x576.png\" alt=\"\" class=\"wp-image-620\" style=\"width:462px;height:auto\" srcset=\"https:\/\/www.ufmg.br\/inovalab\/wp-content\/uploads\/2024\/12\/Design-sem-nome-11-1-1024x576.png 1024w, https:\/\/www.ufmg.br\/inovalab\/wp-content\/uploads\/2024\/12\/Design-sem-nome-11-1-300x169.png 300w, https:\/\/www.ufmg.br\/inovalab\/wp-content\/uploads\/2024\/12\/Design-sem-nome-11-1-768x432.png 768w, https:\/\/www.ufmg.br\/inovalab\/wp-content\/uploads\/2024\/12\/Design-sem-nome-11-1-1536x864.png 1536w, https:\/\/www.ufmg.br\/inovalab\/wp-content\/uploads\/2024\/12\/Design-sem-nome-11-1.png 1920w\" sizes=\"(max-width: 1024px) 100vw, 1024px\" \/><\/figure><\/div>\n\n\n<p>O Q21 \u00e9 um software de gest\u00e3o e relacionamento que permite, atrav\u00e9s de um sistema de preven\u00e7\u00e3o personalizado, educar e estimular os cuidados com a sa\u00fade bucal, aproximar, gerar confian\u00e7a e fidelizar, criando relacionamentos duradouros e s\u00f3lidos com seus pacientes. O projeto \u00e9 coordenado pela Professora <a href=\"http:\/\/lattes.cnpq.br\/3073673813290172\">Dra. Fernanda Bartomoleo<\/a>. Acesse o <a href=\"https:\/\/www.q21odonto.com.br\/\">site da Q21 <\/a>para saber mais sobre a tecnologia. <\/p>\n\n\n\n<p><\/p>\n\n\n\n<p><\/p>\n","protected":false},"excerpt":{"rendered":"<p>O Q21 \u00e9 um software de gest\u00e3o e relacionamento que permite, atrav\u00e9s de um sistema de preven\u00e7\u00e3o personalizado, educar e estimular os cuidados com a sa\u00fade bucal, aproximar, gerar confian\u00e7a e fidelizar, criando relacionamentos duradouros e s\u00f3lidos com seus pacientes. O projeto \u00e9 coordenado pela Professora Dra. Fernanda Bartomoleo. Acesse o site da Q21 para [&hellip;]<\/p>\n","protected":false},"author":3,"featured_media":0,"parent":0,"menu_order":0,"comment_status":"closed","ping_status":"closed","template":"","meta":{"_acf_changed":false,"footnotes":""},"class_list":["post-594","page","type-page","status-publish","hentry"],"acf":[],"_links":{"self":[{"href":"https:\/\/www.ufmg.br\/inovalab\/wp-json\/wp\/v2\/pages\/594"}],"collection":[{"href":"https:\/\/www.ufmg.br\/inovalab\/wp-json\/wp\/v2\/pages"}],"about":[{"href":"https:\/\/www.ufmg.br\/inovalab\/wp-json\/wp\/v2\/types\/page"}],"author":[{"embeddable":true,"href":"https:\/\/www.ufmg.br\/inovalab\/wp-json\/wp\/v2\/users\/3"}],"replies":[{"embeddable":true,"href":"https:\/\/www.ufmg.br\/inovalab\/wp-json\/wp\/v2\/comments?post=594"}],"version-history":[{"count":6,"href":"https:\/\/www.ufmg.br\/inovalab\/wp-json\/wp\/v2\/pages\/594\/revisions"}],"predecessor-version":[{"id":648,"href":"https:\/\/www.ufmg.br\/inovalab\/wp-json\/wp\/v2\/pages\/594\/revisions\/648"}],"wp:attachment":[{"href":"https:\/\/www.ufmg.br\/inovalab\/wp-json\/wp\/v2\/media?parent=594"}],"curies":[{"name":"wp","href":"https:\/\/api.w.org\/{rel}","templated":true}]}}