{"id":595,"date":"2024-12-11T11:31:12","date_gmt":"2024-12-11T14:31:12","guid":{"rendered":"https:\/\/www.ufmg.br\/inovalab\/?page_id=595"},"modified":"2025-08-13T12:25:44","modified_gmt":"2025-08-13T15:25:44","slug":"bhmax","status":"publish","type":"page","link":"https:\/\/www.ufmg.br\/inovalab\/bhmax\/","title":{"rendered":"BHMax"},"content":{"rendered":"<div class=\"wp-block-image\">\n<figure class=\"aligncenter size-large is-resized\"><img loading=\"lazy\" decoding=\"async\" width=\"1024\" height=\"576\" src=\"https:\/\/www.ufmg.br\/inovalab\/wp-content\/uploads\/2024\/12\/Design-sem-nome-6-1024x576.png\" alt=\"\" class=\"wp-image-618\" style=\"width:478px;height:auto\" srcset=\"https:\/\/www.ufmg.br\/inovalab\/wp-content\/uploads\/2024\/12\/Design-sem-nome-6-1024x576.png 1024w, https:\/\/www.ufmg.br\/inovalab\/wp-content\/uploads\/2024\/12\/Design-sem-nome-6-300x169.png 300w, https:\/\/www.ufmg.br\/inovalab\/wp-content\/uploads\/2024\/12\/Design-sem-nome-6-768x432.png 768w, https:\/\/www.ufmg.br\/inovalab\/wp-content\/uploads\/2024\/12\/Design-sem-nome-6-1536x864.png 1536w, https:\/\/www.ufmg.br\/inovalab\/wp-content\/uploads\/2024\/12\/Design-sem-nome-6.png 1920w\" sizes=\"(max-width: 1024px) 100vw, 1024px\" \/><\/figure><\/div>\n\n\n<p>A proposta \u00e9 promover um novo modo de nutri\u00e7\u00e3o vegetal mais eficiente, inteligente e sustent\u00e1vel. A empresa consiste no desenvolvimento e comercializa\u00e7\u00e3o de formula\u00e7\u00f5es de promotores de crescimento e fertilizantes de efici\u00eancia aumentada voltados para o aumento da produ\u00e7\u00e3o agr\u00edcola. Como tecnologia de entrada para o mercado, prop\u00f5e-se um produto contendo um bioestimulante para o cultivo de hortali\u00e7as em meio hidrop\u00f4nico ou outras culturas que se mostrarem mais relevantes. Sendo assim, o portf\u00f3lio da empresa ser\u00e1 futuramente expandido com novos produtos, como fertilizantes de efici\u00eancia aumentada.<br>A pesquisa \u00e9 conduzida pela <a href=\"http:\/\/lattes.cnpq.br\/7324500584799971\">Professora Dra. Luzia Modolo <\/a>, <a href=\"http:\/\/lattes.cnpq.br\/5930812704632756\">Professor Dr Angelo de F\u00e1tima<\/a> e por grande equipe de especialistas.<\/p>\n\n\n\n<p><\/p>\n","protected":false},"excerpt":{"rendered":"<p>A proposta \u00e9 promover um novo modo de nutri\u00e7\u00e3o vegetal mais eficiente, inteligente e sustent\u00e1vel. A empresa consiste no desenvolvimento e comercializa\u00e7\u00e3o de formula\u00e7\u00f5es de promotores de crescimento e fertilizantes de efici\u00eancia aumentada voltados para o aumento da produ\u00e7\u00e3o agr\u00edcola. Como tecnologia de entrada para o mercado, prop\u00f5e-se um produto contendo um bioestimulante para o [&hellip;]<\/p>\n","protected":false},"author":3,"featured_media":0,"parent":0,"menu_order":0,"comment_status":"closed","ping_status":"closed","template":"","meta":{"_acf_changed":false,"footnotes":""},"class_list":["post-595","page","type-page","status-publish","hentry"],"acf":[],"_links":{"self":[{"href":"https:\/\/www.ufmg.br\/inovalab\/wp-json\/wp\/v2\/pages\/595"}],"collection":[{"href":"https:\/\/www.ufmg.br\/inovalab\/wp-json\/wp\/v2\/pages"}],"about":[{"href":"https:\/\/www.ufmg.br\/inovalab\/wp-json\/wp\/v2\/types\/page"}],"author":[{"embeddable":true,"href":"https:\/\/www.ufmg.br\/inovalab\/wp-json\/wp\/v2\/users\/3"}],"replies":[{"embeddable":true,"href":"https:\/\/www.ufmg.br\/inovalab\/wp-json\/wp\/v2\/comments?post=595"}],"version-history":[{"count":4,"href":"https:\/\/www.ufmg.br\/inovalab\/wp-json\/wp\/v2\/pages\/595\/revisions"}],"predecessor-version":[{"id":754,"href":"https:\/\/www.ufmg.br\/inovalab\/wp-json\/wp\/v2\/pages\/595\/revisions\/754"}],"wp:attachment":[{"href":"https:\/\/www.ufmg.br\/inovalab\/wp-json\/wp\/v2\/media?parent=595"}],"curies":[{"name":"wp","href":"https:\/\/api.w.org\/{rel}","templated":true}]}}