{"id":755,"date":"2025-08-13T12:30:20","date_gmt":"2025-08-13T15:30:20","guid":{"rendered":"https:\/\/www.ufmg.br\/inovalab\/?page_id=755"},"modified":"2025-08-22T08:19:05","modified_gmt":"2025-08-22T11:19:05","slug":"ei-ensaios-industriais","status":"publish","type":"page","link":"https:\/\/www.ufmg.br\/inovalab\/ei-ensaios-industriais\/","title":{"rendered":"EI: Ensaios Industriais"},"content":{"rendered":"\n<p>Pesquisadores: Prof. <a href=\"http:\/\/lattes.cnpq.br\/0723315222598414\" data-type=\"link\" data-id=\"http:\/\/lattes.cnpq.br\/0723315222598414\">Alexandre Queiroz Bracarense<\/a> e Prof. <a href=\"http:\/\/lattes.cnpq.br\/1912285069596814\" data-type=\"link\" data-id=\"http:\/\/lattes.cnpq.br\/1912285069596814\">Bruno Silva Cota<\/a><br>Empreendedor respons\u00e1vel: <a href=\"https:\/\/www.linkedin.com\/in\/luis-eduardo-h-franco\/\" data-type=\"link\" data-id=\"https:\/\/www.linkedin.com\/in\/luis-eduardo-h-franco\/\">Lu\u00eds Eduardo Helena Franco<\/a><\/p>\n\n\n\n<p>Projeto de pesquisa voltado ao desenvolvimento de uma solu\u00e7\u00e3o tecnol\u00f3gica para testes de solda ponto, com aplica\u00e7\u00e3o nas ind\u00fastrias automotiva e de linha branca. A proposta visa oferecer um m\u00e9todo mais r\u00e1pido, econ\u00f4mico e preciso para avalia\u00e7\u00e3o da qualidade das soldagens, permitindo an\u00e1lises qualitativas e quantitativas, com capacidade de detec\u00e7\u00e3o de at\u00e9 99% dos defeitos quando associada a ensaios metalogr\u00e1ficos.<\/p>\n\n\n\n<p>A tecnologia tem como objetivo contribuir para a melhoria da efici\u00eancia produtiva, redu\u00e7\u00e3o de custos operacionais e aumento da confiabilidade dos processos, atendendo \u00e0s crescentes exig\u00eancias por seguran\u00e7a e inova\u00e7\u00e3o no setor industrial.<\/p>\n","protected":false},"excerpt":{"rendered":"<p>Pesquisadores: Prof. Alexandre Queiroz Bracarense e Prof. Bruno Silva CotaEmpreendedor respons\u00e1vel: Lu\u00eds Eduardo Helena Franco Projeto de pesquisa voltado ao desenvolvimento de uma solu\u00e7\u00e3o tecnol\u00f3gica para testes de solda ponto, com aplica\u00e7\u00e3o nas ind\u00fastrias automotiva e de linha branca. A proposta visa oferecer um m\u00e9todo mais r\u00e1pido, econ\u00f4mico e preciso para avalia\u00e7\u00e3o da qualidade das [&hellip;]<\/p>\n","protected":false},"author":3,"featured_media":0,"parent":0,"menu_order":0,"comment_status":"closed","ping_status":"closed","template":"","meta":{"_acf_changed":false,"footnotes":""},"class_list":["post-755","page","type-page","status-publish","hentry"],"acf":[],"_links":{"self":[{"href":"https:\/\/www.ufmg.br\/inovalab\/wp-json\/wp\/v2\/pages\/755"}],"collection":[{"href":"https:\/\/www.ufmg.br\/inovalab\/wp-json\/wp\/v2\/pages"}],"about":[{"href":"https:\/\/www.ufmg.br\/inovalab\/wp-json\/wp\/v2\/types\/page"}],"author":[{"embeddable":true,"href":"https:\/\/www.ufmg.br\/inovalab\/wp-json\/wp\/v2\/users\/3"}],"replies":[{"embeddable":true,"href":"https:\/\/www.ufmg.br\/inovalab\/wp-json\/wp\/v2\/comments?post=755"}],"version-history":[{"count":4,"href":"https:\/\/www.ufmg.br\/inovalab\/wp-json\/wp\/v2\/pages\/755\/revisions"}],"predecessor-version":[{"id":800,"href":"https:\/\/www.ufmg.br\/inovalab\/wp-json\/wp\/v2\/pages\/755\/revisions\/800"}],"wp:attachment":[{"href":"https:\/\/www.ufmg.br\/inovalab\/wp-json\/wp\/v2\/media?parent=755"}],"curies":[{"name":"wp","href":"https:\/\/api.w.org\/{rel}","templated":true}]}}