{"id":758,"date":"2025-08-13T12:34:06","date_gmt":"2025-08-13T15:34:06","guid":{"rendered":"https:\/\/www.ufmg.br\/inovalab\/?page_id=758"},"modified":"2025-08-22T09:00:39","modified_gmt":"2025-08-22T12:00:39","slug":"lipidsolutions","status":"publish","type":"page","link":"https:\/\/www.ufmg.br\/inovalab\/lipidsolutions\/","title":{"rendered":"LipidSolutions"},"content":{"rendered":"\n<figure class=\"wp-block-image size-large\"><img loading=\"lazy\" decoding=\"async\" width=\"1024\" height=\"440\" src=\"https:\/\/www.ufmg.br\/inovalab\/wp-content\/uploads\/2025\/08\/LIPIDSOLUTIONS-1024x440.jpg\" alt=\"\" class=\"wp-image-759\" srcset=\"https:\/\/www.ufmg.br\/inovalab\/wp-content\/uploads\/2025\/08\/LIPIDSOLUTIONS-1024x440.jpg 1024w, https:\/\/www.ufmg.br\/inovalab\/wp-content\/uploads\/2025\/08\/LIPIDSOLUTIONS-300x129.jpg 300w, https:\/\/www.ufmg.br\/inovalab\/wp-content\/uploads\/2025\/08\/LIPIDSOLUTIONS-768x330.jpg 768w, https:\/\/www.ufmg.br\/inovalab\/wp-content\/uploads\/2025\/08\/LIPIDSOLUTIONS-1536x660.jpg 1536w, https:\/\/www.ufmg.br\/inovalab\/wp-content\/uploads\/2025\/08\/LIPIDSOLUTIONS-2048x880.jpg 2048w\" sizes=\"(max-width: 1024px) 100vw, 1024px\" \/><\/figure>\n\n\n\n<p>Pesquisador: Prof. <a href=\"http:\/\/lattes.cnpq.br\/1339716092644256\" data-type=\"link\" data-id=\"http:\/\/lattes.cnpq.br\/1339716092644256\">Fr\u00e9d\u00e9ric Jean Georges Fr\u00e9zard<\/a><br>Empreendedora respons\u00e1vel: <a href=\"http:\/\/lattes.cnpq.br\/1791482822135559\" data-type=\"link\" data-id=\"http:\/\/lattes.cnpq.br\/1791482822135559\">Sabrina Mendes Silva Araujo<\/a><\/p>\n\n\n\n<p>Este projeto prop\u00f5e o desenvolvimento de uma plataforma inovadora de nanoencapsula\u00e7\u00e3o em lipossomas, voltada \u00e0 incorpora\u00e7\u00e3o eficiente de princ\u00edpios ativos com alta taxa de encapsula\u00e7\u00e3o, baixo custo e viabilidade de escalonamento industrial. A tecnologia aprimora significativamente a biodisponibilidade, a estabilidade e a efic\u00e1cia terap\u00eautica dos compostos, sendo especialmente adequada para aplica\u00e7\u00f5es farmac\u00eauticas, cosm\u00e9ticas e nutrac\u00eauticas, com foco em formula\u00e7\u00f5es n\u00e3o invasivas.<\/p>\n\n\n\n<p>Com processos simplificados e adapt\u00e1veis a diferentes tipos de ativos, a solu\u00e7\u00e3o oferece um diferencial competitivo para empresas que desejam inovar e otimizar seus produtos por meio de nanotecnologia avan\u00e7ada.<\/p>\n","protected":false},"excerpt":{"rendered":"<p>Pesquisador: Prof. Fr\u00e9d\u00e9ric Jean Georges Fr\u00e9zardEmpreendedora respons\u00e1vel: Sabrina Mendes Silva Araujo Este projeto prop\u00f5e o desenvolvimento de uma plataforma inovadora de nanoencapsula\u00e7\u00e3o em lipossomas, voltada \u00e0 incorpora\u00e7\u00e3o eficiente de princ\u00edpios ativos com alta taxa de encapsula\u00e7\u00e3o, baixo custo e viabilidade de escalonamento industrial. A tecnologia aprimora significativamente a biodisponibilidade, a estabilidade e a efic\u00e1cia terap\u00eautica [&hellip;]<\/p>\n","protected":false},"author":3,"featured_media":0,"parent":0,"menu_order":0,"comment_status":"closed","ping_status":"closed","template":"","meta":{"_acf_changed":false,"footnotes":""},"class_list":["post-758","page","type-page","status-publish","hentry"],"acf":[],"_links":{"self":[{"href":"https:\/\/www.ufmg.br\/inovalab\/wp-json\/wp\/v2\/pages\/758"}],"collection":[{"href":"https:\/\/www.ufmg.br\/inovalab\/wp-json\/wp\/v2\/pages"}],"about":[{"href":"https:\/\/www.ufmg.br\/inovalab\/wp-json\/wp\/v2\/types\/page"}],"author":[{"embeddable":true,"href":"https:\/\/www.ufmg.br\/inovalab\/wp-json\/wp\/v2\/users\/3"}],"replies":[{"embeddable":true,"href":"https:\/\/www.ufmg.br\/inovalab\/wp-json\/wp\/v2\/comments?post=758"}],"version-history":[{"count":2,"href":"https:\/\/www.ufmg.br\/inovalab\/wp-json\/wp\/v2\/pages\/758\/revisions"}],"predecessor-version":[{"id":802,"href":"https:\/\/www.ufmg.br\/inovalab\/wp-json\/wp\/v2\/pages\/758\/revisions\/802"}],"wp:attachment":[{"href":"https:\/\/www.ufmg.br\/inovalab\/wp-json\/wp\/v2\/media?parent=758"}],"curies":[{"name":"wp","href":"https:\/\/api.w.org\/{rel}","templated":true}]}}