{"id":762,"date":"2025-08-13T12:35:48","date_gmt":"2025-08-13T15:35:48","guid":{"rendered":"https:\/\/www.ufmg.br\/inovalab\/?page_id=762"},"modified":"2025-08-22T10:46:44","modified_gmt":"2025-08-22T13:46:44","slug":"tapecorr","status":"publish","type":"page","link":"https:\/\/www.ufmg.br\/inovalab\/tapecorr\/","title":{"rendered":"TapeCorr"},"content":{"rendered":"<div class=\"wp-block-image\">\n<figure class=\"aligncenter size-large is-resized\"><img loading=\"lazy\" decoding=\"async\" width=\"1024\" height=\"576\" src=\"https:\/\/www.ufmg.br\/inovalab\/wp-content\/uploads\/2025\/08\/TAPECORR-1024x576.jpg\" alt=\"\" class=\"wp-image-763\" style=\"width:565px;height:auto\" srcset=\"https:\/\/www.ufmg.br\/inovalab\/wp-content\/uploads\/2025\/08\/TAPECORR-1024x576.jpg 1024w, https:\/\/www.ufmg.br\/inovalab\/wp-content\/uploads\/2025\/08\/TAPECORR-300x169.jpg 300w, https:\/\/www.ufmg.br\/inovalab\/wp-content\/uploads\/2025\/08\/TAPECORR-768x432.jpg 768w, https:\/\/www.ufmg.br\/inovalab\/wp-content\/uploads\/2025\/08\/TAPECORR-1536x864.jpg 1536w, https:\/\/www.ufmg.br\/inovalab\/wp-content\/uploads\/2025\/08\/TAPECORR.jpg 1600w\" sizes=\"(max-width: 1024px) 100vw, 1024px\" \/><\/figure><\/div>\n\n\n<p>Pesquisador: Prof. <a href=\"http:\/\/lattes.cnpq.br\/3373558974232568\" data-type=\"link\" data-id=\"http:\/\/lattes.cnpq.br\/3373558974232568\">Fernando Cotting<\/a><br>Empreendedora respons\u00e1vel: <a href=\"http:\/\/lattes.cnpq.br\/7109173440452483\" data-type=\"link\" data-id=\"http:\/\/lattes.cnpq.br\/7109173440452483\">Jorgimara de Oliveira Braga<\/a><\/p>\n\n\n\n<p>Este projeto desenvolveu um adesivo anticorrosivo tempor\u00e1rio para superf\u00edcies met\u00e1licas pintadas, utilizando mat\u00e9ria-prima obtida a partir da reciclagem de garrafas PET. Testado em laborat\u00f3rio e em condi\u00e7\u00f5es reais de uso, o material demonstrou efic\u00e1cia na prote\u00e7\u00e3o contra a corros\u00e3o.<\/p>\n\n\n\n<p>Atualmente em escala piloto, o processo permite a produ\u00e7\u00e3o de at\u00e9 50 adesivos por dia, mas ainda enfrenta desafios de otimiza\u00e7\u00e3o. Uma nova rota de produ\u00e7\u00e3o em desenvolvimento apresenta resultados promissores, com potencial para elevar a capacidade produtiva para 500 adesivos por dia, mantendo as propriedades anticorrosivas j\u00e1 validadas. O objetivo \u00e9 aprimorar a escalabilidade da tecnologia, viabilizando sua aplica\u00e7\u00e3o em escala industrial.<\/p>\n","protected":false},"excerpt":{"rendered":"<p>Pesquisador: Prof. Fernando CottingEmpreendedora respons\u00e1vel: Jorgimara de Oliveira Braga Este projeto desenvolveu um adesivo anticorrosivo tempor\u00e1rio para superf\u00edcies met\u00e1licas pintadas, utilizando mat\u00e9ria-prima obtida a partir da reciclagem de garrafas PET. Testado em laborat\u00f3rio e em condi\u00e7\u00f5es reais de uso, o material demonstrou efic\u00e1cia na prote\u00e7\u00e3o contra a corros\u00e3o. Atualmente em escala piloto, o processo permite [&hellip;]<\/p>\n","protected":false},"author":3,"featured_media":0,"parent":0,"menu_order":0,"comment_status":"closed","ping_status":"closed","template":"","meta":{"_acf_changed":false,"footnotes":""},"class_list":["post-762","page","type-page","status-publish","hentry"],"acf":[],"_links":{"self":[{"href":"https:\/\/www.ufmg.br\/inovalab\/wp-json\/wp\/v2\/pages\/762"}],"collection":[{"href":"https:\/\/www.ufmg.br\/inovalab\/wp-json\/wp\/v2\/pages"}],"about":[{"href":"https:\/\/www.ufmg.br\/inovalab\/wp-json\/wp\/v2\/types\/page"}],"author":[{"embeddable":true,"href":"https:\/\/www.ufmg.br\/inovalab\/wp-json\/wp\/v2\/users\/3"}],"replies":[{"embeddable":true,"href":"https:\/\/www.ufmg.br\/inovalab\/wp-json\/wp\/v2\/comments?post=762"}],"version-history":[{"count":4,"href":"https:\/\/www.ufmg.br\/inovalab\/wp-json\/wp\/v2\/pages\/762\/revisions"}],"predecessor-version":[{"id":804,"href":"https:\/\/www.ufmg.br\/inovalab\/wp-json\/wp\/v2\/pages\/762\/revisions\/804"}],"wp:attachment":[{"href":"https:\/\/www.ufmg.br\/inovalab\/wp-json\/wp\/v2\/media?parent=762"}],"curies":[{"name":"wp","href":"https:\/\/api.w.org\/{rel}","templated":true}]}}